{"id":4536,"date":"2025-01-16T20:37:02","date_gmt":"2025-01-16T20:37:02","guid":{"rendered":"https:\/\/api.croghan.bank\/negocio\/servicios-digitales\/"},"modified":"2026-04-21T19:42:55","modified_gmt":"2026-04-21T19:42:55","slug":"servicios-digitales","status":"publish","type":"page","link":"https:\/\/api.croghan.bank\/es\/negocio\/servicios-digitales\/","title":{"rendered":"Servicios Digitales"},"content":{"rendered":"","protected":false},"excerpt":{"rendered":"","protected":false},"author":1,"featured_media":0,"parent":4487,"menu_order":0,"comment_status":"closed","ping_status":"closed","template":"","meta":{"_acf_changed":false,"inline_featured_image":false,"footnotes":""},"categories":[51],"tags":[],"class_list":["post-4536","page","type-page","status-publish","hentry","category-negocio"],"acf":{"modules":[{"acf_fc_layout":"bread_crumb_nav_hero","title":"<h1>Soluciones optimizadas para su negocio<\/h1>","subtitle":"","content":"En Croghan Colonial Bank, ofrecemos servicios digitales seguros, convenientes y flexibles para ayudarlo a administrar las finanzas de su negocio. Con acceso las 24 horas del d\u00eda, los 7 d\u00edas de la semana y funciones f\u00e1ciles de usar, tiene las herramientas que necesita para tomar decisiones financieras inteligentes, ya sea que est\u00e9 manejando pagos, administrando el flujo de efectivo o verificando los detalles de la cuenta. ","buttons":null,"module_anchor_id":"","module_padding_inner":"noPaddingInner","module_spacing_after":"defaultSpacingAfter"},{"acf_fc_layout":"sidebar_links_and_content","functionality_type":"static","selected_menu":false,"selected_menu_item":false,"content_items":[{"card_type":"interactivo","sidebar_label":"Banca en l\u00ednea y m\u00f3vil","image":3990,"title":"Seguro y conveniente","content":"Gestiona todas tus necesidades bancarias empresariales en cualquier momento y lugar con Croghan Business Online y Mobile Banking. Disfruta de acceso seguro a cuentas, transferencias, pagos y herramientas financieras avanzadas para que tus operaciones funcionen sin problemas. ","buttons":[{"button":{"link":{"title":"Aprende m\u00e1s","url":"","target":""},"button_style":"solid","button_color":"dBlue","opens_modal":false,"video":null},"open_flyout":true}],"flyout_content":{"interactive_flyout_modules":{"interactive_flyout":[{"acf_fc_layout":"basic_content","content":"<h3>Beneficios de la banca en l\u00ednea para empresas<\/h3>\n<ul>\n \t<li><strong>Acceso a la cuenta las 24 horas del d\u00eda<\/strong> , los 7 d\u00edas de la semana: vea los saldos de las cuentas, los estados de cuenta y las im\u00e1genes de las transacciones en cualquier momento.<\/li>\n \t<li><strong>Transferencias sin problemas<\/strong> : transfiera fondos entre cuentas de Croghan o a instituciones financieras externas.<\/li>\n \t<li><strong>Servicios ACH<\/strong> : acceda a las transacciones ACH seg\u00fan las instrucciones de contacto, lo que permite el dep\u00f3sito directo para pagos de n\u00f3mina y proveedores.<\/li>\n \t<li><strong>Acceso de usuario personalizado<\/strong> : asigne diferentes niveles de seguridad para empleados, contadores u otros usuarios autorizados.<\/li>\n \t<li><strong>Conciliaci\u00f3n automatizada de cuentas<\/strong> : agilice el seguimiento financiero cuando sea compatible.<\/li>\n \t<li><strong>Exportar informaci\u00f3n de la cuenta<\/strong> : integre f\u00e1cilmente los datos en los sistemas de informes internos.<\/li>\n \t<li><strong>Gesti\u00f3n de cuentas por cobrar<\/strong> : programe y automatice los pagos de los clientes con un plan de deducci\u00f3n autom\u00e1tica.<\/li>\n<\/ul>\n<h3>Beneficios de la Banca M\u00f3vil para Empresas<\/h3>\n<ul>\n \t<li>Verifique los saldos de las cuentas y vea el historial de transacciones.<\/li>\n \t<li>Transfiere fondos entre cuentas comerciales de Croghan.<\/li>\n \t<li>Reciba alertas de aprobaciones pendientes.<\/li>\n \t<li>Env\u00ede pagos de facturas o pague facturas electr\u00f3nicas.<\/li>\n \t<li>Aprobar o rechazar facturas y pagos de facturas electr\u00f3nicas.<\/li>\n \t<li>Vea el historial de pago de facturas en cualquier momento.<\/li>\n<\/ul>"}]}}},{"card_type":"interactivo","sidebar_label":"Pago de facturas","image":3992,"title":"Simplifique sus pagos","content":"Administre las facturas de su empresa en un centro en l\u00ednea seguro y conveniente. Con el Pago de facturas comerciales, puede pagar facturas, realizar un seguimiento de los pagos y administrar varios beneficiarios, todo las 24 horas del d\u00eda, los 7 d\u00edas de la semana, cuando sea m\u00e1s conveniente para usted. No hay l\u00edmite en la cantidad de pagos que puede realizar o beneficiarios que puede agregar.  ","buttons":[{"button":{"link":{"title":"Aprende m\u00e1s","url":"","target":""},"button_style":"solid","button_color":"dBlue","opens_modal":false,"video":null},"open_flyout":true}],"flyout_content":{"interactive_flyout_modules":{"interactive_flyout":[{"acf_fc_layout":"basic_content","content":"<h3>Beneficios del Pago de Facturas Comerciales<\/h3>\n<ul>\n \t<li><strong>Centro de pago todo en uno<\/strong> : reciba, vea y pague facturas electr\u00f3nicamente en un solo lugar.<\/li>\n \t<li><strong>Gesti\u00f3n de pagos flexible<\/strong> : agregue, cambie, cancele y apruebe pagos, incluidos los pagos autom\u00e1ticos.<\/li>\n \t<li><strong>Acceso a m\u00faltiples cuentas<\/strong> : use varias cuentas de cheques para administrar sus facturas de manera eficiente.<\/li>\n \t<li><strong>Integraci\u00f3n de facturas electr\u00f3nicas<\/strong> : reg\u00edstrese para recibir facturas electr\u00f3nicas (eBills) y v\u00e9alas directamente en el Centro de pagos.<\/li>\n \t<li><strong>Acceso personalizado de los empleados<\/strong> : asigne niveles de autoridad a varios empleados para diferentes niveles de control de pagos.<\/li>\n \t<li><strong>Seguimiento financiero sencillo<\/strong> : descargue su historial de pago de facturas en el software Quicken\u00ae para obtener informes sin problemas.<\/li>\n<\/ul>"}]}}},{"card_type":"interactivo","sidebar_label":"Procesamiento de pagos ACH","image":3991,"title":"M\u00e9todo de pago electr\u00f3nico fiable y eficiente","content":"El ACH te permite enviar y recibir fondos electr\u00f3nicamente, proporcionando ahorro de costes, seguridad y comodidad. Te da control sobre el momento en que se facturan los pagos en tus cuentas. Al utilizar ACH, puedes mejorar la previsi\u00f3n de flujo de caja, minimizar el fraude por lavado de cheques y acceder r\u00e1pidamente a tus fondos.  \n\n","buttons":[{"button":{"link":{"title":"Aprende m\u00e1s","url":"","target":""},"button_style":"solid","button_color":"dBlue","opens_modal":false,"video":null},"open_flyout":true},{"button":{"link":{"title":"Ver demostraciones","url":"\/business\/digital-services\/ach","target":""},"button_style":"outlined","button_color":"dBlue","opens_modal":false,"video":null},"open_flyout":false}],"flyout_content":{"interactive_flyout_modules":{"interactive_flyout":[{"acf_fc_layout":"basic_content","content":"<h3>Formas de utilizar los pagos ACH:<\/h3>\n<ul>\n \t<li><strong>Dep\u00f3sito directo:<\/strong> Pagar a empleados y otros consumidores<\/li>\n \t<li><strong>Recibos de consumo:<\/strong> Cobra facturas de servicios, primas de seguro y mucho m\u00e1s<\/li>\n \t<li><strong>Pagos empresariales:<\/strong> Enviar fondos a proveedores y otras contrapartes B2B<\/li>\n \t<li><strong>Pagos de impuestos: <\/strong>Realizar pagos de impuestos<\/li>\n<\/ul>"}]}}},{"card_type":"interactivo","sidebar_label":"Servicios para comerciantes","image":3993,"title":"Soluciones de pago sin interrupciones","content":"Aceptar pagos con tarjeta de cr\u00e9dito y d\u00e9bito no deber\u00eda ser una molestia, ni arruinar el banco. Croghan Merchant Services ofrece soluciones flexibles y seguras adaptadas a las necesidades de su negocio, lo que facilita las transacciones para usted y sus clientes. ","buttons":[{"button":{"link":{"title":"Aprende m\u00e1s","url":"","target":""},"button_style":"solid","button_color":"dBlue","opens_modal":false,"video":null},"open_flyout":true}],"flyout_content":{"interactive_flyout_modules":{"interactive_flyout":[{"acf_fc_layout":"basic_content","content":"<h3>Beneficios de los servicios comerciales<\/h3>\n<ul>\n \t<li><strong>Acepte tarjetas de cr\u00e9dito y d\u00e9bito<\/strong> : procese pagos en la tienda, en l\u00ednea o sobre la marcha.<\/li>\n \t<li><strong>Terminales inal\u00e1mbricos<\/strong> : reduzca las necesidades de equipos con opciones seguras y compatibles con dispositivos m\u00f3viles.<\/li>\n \t<li><strong>Acceso en l\u00ednea de los empleados<\/strong> : administre las transacciones de forma remota con acceso digital seguro.<\/li>\n \t<li><strong>Integraci\u00f3n de comercio electr\u00f3nico<\/strong> : acepte pagos con tarjeta de cr\u00e9dito directamente en su sitio web.<\/li>\n \t<li><strong>Tarjetas de regalo personalizadas<\/strong> : aumente el conocimiento de la marca y la lealtad de los clientes.<\/li>\n \t<li><strong>Pagos m\u00f3viles<\/strong> : convierta su tel\u00e9fono inteligente o tableta en un terminal de tarjetas seguro.<\/li>\n<\/ul>"}]}}},{"card_type":"interactivo","sidebar_label":"Captura de mercantes","image":4166,"title":"Deposite cheques desde cualquier lugar","content":"Ahorre tiempo y optimice las operaciones con la captura remota de dep\u00f3sitos. Con un esc\u00e1ner seguro y su computadora, puede depositar cheques electr\u00f3nicamente de su negocio, en cualquier momento, sin tener que ir al banco. ","buttons":[{"button":{"link":{"title":"Aprende m\u00e1s","url":"","target":""},"button_style":"solid","button_color":"dBlue","opens_modal":false,"video":null},"open_flyout":true},{"button":{"link":{"title":"Ver demostraciones","url":"\/business\/digital-services\/merchant-capture","target":""},"button_style":"outlined","button_color":"blue","opens_modal":false,"video":null},"open_flyout":false}],"flyout_content":{"interactive_flyout_modules":{"interactive_flyout":[{"acf_fc_layout":"basic_content","content":"<h3>Beneficios de la captura de comerciantes<\/h3>\n<ul>\n \t<li><strong>Ahorre tiempo<\/strong> : elimine los viajes adicionales al banco y deposite cheques en su horario.<\/li>\n \t<li><strong>Deposite en cualquier momento<\/strong> : env\u00ede electr\u00f3nicamente dep\u00f3sitos de cheques de forma segura desde su negocio.<\/li>\n \t<li><strong>Almacenamiento digital de cheques<\/strong> : acceda y revise las im\u00e1genes de cheques almacenadas para facilitar el mantenimiento de registros.<\/li>\n \t<li><strong>Reduzca el riesgo de fraude<\/strong> : mejore la seguridad minimizando el manejo de cheques en papel.<\/li>\n<\/ul>"}]}}},{"card_type":"interactivo","sidebar_label":"Alertas de cuenta","image":3995,"title":"Mant\u00e9ngase informado y en control","content":"Con las alertas de cuentas de Business Croghan, siempre sabr\u00e1s lo que est\u00e1 sucediendo con tus cuentas de empresa. Reciba notificaciones en tiempo real por mensaje de texto, correo electr\u00f3nico o notificaciones push para estar al tanto de las transacciones, los saldos, las actualizaciones de seguridad y m\u00e1s, lo que le brinda tranquilidad y control financiero. ","buttons":[{"button":{"link":{"title":"Aprende m\u00e1s","url":"","target":""},"button_style":"solid","button_color":"blue","opens_modal":false,"video":null},"open_flyout":true}],"flyout_content":{"interactive_flyout_modules":{"interactive_flyout":[{"acf_fc_layout":"basic_content","content":"<h3>Categor\u00edas de alerta disponibles<\/h3>\n<ul>\n \t<li><strong>Alertas de ACH<\/strong> : reciba notificaciones de la actividad de ACH, los cambios de estado o las acciones requeridas.<\/li>\n \t<li><strong>Alertas de tarjetas de cajero autom\u00e1tico\/d\u00e9bito<\/strong> : reciba alertas de transacciones o cambios de tarjeta.<\/li>\n \t<li><strong>Alertas de saldo<\/strong> : evite sobregiros con alertas de saldo bajo o administre el exceso de fondos con alertas de saldo alto.<\/li>\n \t<li><strong>Certificados (CD)<\/strong> \u2013 Reciba notificaciones cuando su CD est\u00e9 a punto de vencer o cuando se financie uno nuevo.<\/li>\n \t<li><strong>Alertas de garant\u00edas<\/strong> : mant\u00e9ngase actualizado sobre la actividad de garant\u00edas relacionadas con sus pr\u00e9stamos.<\/li>\n \t<li><strong>Alertas de pr\u00e9stamos<\/strong> : reciba alertas cuando un pago est\u00e9 vencido, vencido, pagado o si excede su l\u00edmite de cr\u00e9dito.<\/li>\n \t<li><strong>Alertas de seguridad<\/strong> : reciba notificaciones sobre cambios en la informaci\u00f3n de la cuenta o intentos de inicio de sesi\u00f3n sospechosos.<\/li>\n \t<li><strong>Alertas de transacciones<\/strong> : reciba informaci\u00f3n cuando se publiquen dep\u00f3sitos, cheques o retiros en su cuenta.<\/li>\n \t<li><strong>Alertas de transferencia<\/strong> : sepa cu\u00e1ndo se registran las transferencias entrantes o salientes grandes.<\/li>\n \t<li><strong>Alertas de transferencia<\/strong> : reciba notificaciones sobre cambios en el estado de la transferencia o acciones requeridas.<\/li>\n \t<li><strong>Otras alertas<\/strong> : mant\u00e9ngase informado sobre la actividad inesperada de la cuenta.<\/li>\n<\/ul>"},{"acf_fc_layout":"numbered_cards","title":"<h3>C\u00f3mo inscribirse en las alertas de cuentas comerciales<\/h3>","items":[{"content":"Inicie sesi\u00f3n en la Banca en L\u00ednea para Empresas y seleccione \"Servicios de cuenta\" en la barra de herramientas superior."},{"content":"Haz clic en \"Alertas de Croghan\" en el men\u00fa desplegable."},{"content":"Selecciona \"Configurar nueva alerta\"."},{"content":"Elija una categor\u00eda y un tipo de alerta en el men\u00fa desplegable, luego haga clic en \"Siguiente\"."},{"content":"Seleccione el n\u00famero de cuenta al que desea vincular la alerta (si corresponde)."},{"content":"Elija un m\u00e9todo de entrega (correo electr\u00f3nico, m\u00f3vil o en l\u00ednea):\n<ul>\n \t<li><strong>Alertas por correo electr\u00f3nico<\/strong> : verifica tu direcci\u00f3n de correo electr\u00f3nico.<\/li>\n \t<li><strong>Alertas m\u00f3viles<\/strong> : ingrese su n\u00famero de tel\u00e9fono m\u00f3vil y seleccione su operador.<\/li>\n \t<li><strong>Alertas en l\u00ednea<\/strong> : las alertas aparecer\u00e1n cuando inicie sesi\u00f3n en la banca en l\u00ednea para empresas.<\/li>\n<\/ul>"},{"content":"Haz clic en \"Finalizar\"."},{"content":"Repita el proceso para configurar alertas adicionales."}]}]}}},{"card_type":"interactivo","sidebar_label":"Estados de cuenta electr\u00f3nicos","image":3996,"title":"Seguro, sin papel y conveniente","content":"Acceda a los estados de cuenta de su empresa de forma segura a trav\u00e9s de la Banca en L\u00ednea para Empresas. Los estados de cuenta electr\u00f3nicos est\u00e1n disponibles d\u00edas antes que los estados de cuenta enviados por correo, lo que le ayuda a mantenerse al tanto de sus finanzas con facilidad. Inscr\u00edbete en tu sucursal local de Croghan para comenzar.  ","buttons":[{"button":{"link":{"title":"Aprende m\u00e1s","url":"","target":""},"button_style":"solid","button_color":"blue","opens_modal":false,"video":null},"open_flyout":true}],"flyout_content":{"interactive_flyout_modules":{"interactive_flyout":[{"acf_fc_layout":"basic_content","content":"<h3>Beneficios del Estado de Cuenta Electr\u00f3nico para Empresas<\/h3>\n<ul>\n \t<li><strong>Sin cargo mensual por servicio<\/strong> : disfrute de estados de cuenta electr\u00f3nicos sin costo adicional.<\/li>\n \t<li><strong>Acceso m\u00e1s r\u00e1pido<\/strong> : sin demoras en el correo: vea sus estados de cuenta antes en l\u00ednea.<\/li>\n \t<li><strong>F\u00e1cil administraci\u00f3n de cuentas<\/strong> : vea y equilibre sus estados de cuenta en cualquier momento.<\/li>\n \t<li><strong>Estados de cuenta archivados<\/strong> : acceda a hasta 12 meses de estados de cuenta electr\u00f3nicos anteriores.<\/li>\n<\/ul>"},{"acf_fc_layout":"numbered_cards","title":"<h3>C\u00f3mo recuperar los estados de cuenta electr\u00f3nicos de su empresa<\/h3>","items":[{"content":"Inicie sesi\u00f3n en la Banca en L\u00ednea para Empresas y seleccione la cuenta inscrita."},{"content":"Haga clic en \"Documentos\" en la barra de herramientas superior."},{"content":"Seleccione \"Documentos disponibles\" en el men\u00fa desplegable."},{"content":"Elija \"Estado de cuenta electr\u00f3nico\" y haga clic en \"Enviar\"."}]}]}}},{"card_type":"interactivo","sidebar_label":"Dep\u00f3sito M\u00f3vil","image":3997,"title":"Deposite en cualquier momento y en cualquier lugar","content":"Con el Dep\u00f3sito M\u00f3vil para Empresas, puede depositar cheques de manera segura utilizando la aplicaci\u00f3n de Banca M\u00f3vil para Negocios de Croghan, en cualquier momento y desde cualquier lugar. Simplemente tome una foto de su cheque y env\u00edelo para su dep\u00f3sito, lo que le ahorrar\u00e1 tiempo y viajes al banco. ","buttons":[{"button":{"link":{"title":"Aprende m\u00e1s","url":"","target":""},"button_style":"solid","button_color":"blue","opens_modal":false,"video":null},"open_flyout":true}],"flyout_content":{"interactive_flyout_modules":{"interactive_flyout":[{"acf_fc_layout":"numbered_cards","title":"<h3>C\u00f3mo inscribirse en el Dep\u00f3sito M\u00f3vil para Empresas<\/h3>","items":[{"content":"Visite su sucursal local de Croghan para inscribirse en el Dep\u00f3sito M\u00f3vil para Empresas."},{"content":"Una vez inscrito, la funci\u00f3n de Dep\u00f3sito M\u00f3vil se activar\u00e1 en su aplicaci\u00f3n de Banca M\u00f3vil Comercial."},{"content":"Puede controlar qu\u00e9 empleados tienen acceso al Dep\u00f3sito M\u00f3vil dentro de la aplicaci\u00f3n."}]}]}}}],"module_anchor_id":"","module_padding_inner":"noPaddingInner","module_spacing_after":"defaultSpacingAfter"},{"acf_fc_layout":"accordion","eyebrow":null,"accordion_items":null,"module_anchor_id":null,"module_padding_inner":null,"module_spacing_after":null},{"acf_fc_layout":"location_pre_footer","module_anchor_id":"","module_padding_inner":"noPaddingInner","module_spacing_after":"defaultSpacingAfter"},{"acf_fc_layout":"accordion","eyebrow":null,"accordion_items":null,"module_anchor_id":null,"module_padding_inner":null,"module_spacing_after":null}]},"yoast_head":"<!-- This site is optimized with the Yoast SEO plugin v27.5 - https:\/\/yoast.com\/product\/yoast-seo-wordpress\/ -->\n<title>Banca online para empresas | Banco Colonial Croghan<\/title>\n<meta name=\"description\" content=\"Los servicios digitales empresariales de Croghan incluyen banca online, dep\u00f3sitos m\u00f3viles, originaci\u00f3n ACH, transferencias bancarias y Positive Pay \u2014 gestiona efectivo en cualquier lugar.\" \/>\n<meta name=\"robots\" content=\"noindex, follow, max-snippet:-1, max-image-preview:large, max-video-preview:-1\" \/>\n<meta property=\"og:locale\" content=\"es_ES\" \/>\n<meta property=\"og:type\" content=\"article\" \/>\n<meta property=\"og:title\" content=\"Banca online para empresas | Banco Colonial Croghan\" \/>\n<meta property=\"og:description\" content=\"Los servicios digitales empresariales de Croghan incluyen banca online, dep\u00f3sitos m\u00f3viles, originaci\u00f3n ACH, transferencias bancarias y Positive Pay \u2014 gestiona efectivo en cualquier lugar.\" \/>\n<meta property=\"og:url\" content=\"https:\/\/api.croghan.bank\/es\/negocio\/servicios-digitales\/\" \/>\n<meta property=\"og:site_name\" content=\"Banco Croghan sin cabeza\" \/>\n<meta property=\"article:modified_time\" content=\"2026-04-21T19:42:55+00:00\" \/>\n<meta name=\"twitter:card\" content=\"summary_large_image\" \/>\n<script type=\"application\/ld+json\" class=\"yoast-schema-graph\">{\"@context\":\"https:\\\/\\\/schema.org\",\"@graph\":[{\"@type\":\"WebPage\",\"@id\":\"https:\\\/\\\/api.croghan.bank\\\/es\\\/negocio\\\/servicios-digitales\\\/\",\"url\":\"https:\\\/\\\/api.croghan.bank\\\/es\\\/negocio\\\/servicios-digitales\\\/\",\"name\":\"Banca online para empresas | Banco Colonial Croghan\",\"isPartOf\":{\"@id\":\"https:\\\/\\\/api.croghan.bank\\\/es\\\/#website\"},\"datePublished\":\"2025-01-16T20:37:02+00:00\",\"dateModified\":\"2026-04-21T19:42:55+00:00\",\"description\":\"Los servicios digitales empresariales de Croghan incluyen banca online, dep\u00f3sitos m\u00f3viles, originaci\u00f3n ACH, transferencias bancarias y Positive Pay \u2014 gestiona efectivo en cualquier lugar.\",\"breadcrumb\":{\"@id\":\"https:\\\/\\\/api.croghan.bank\\\/es\\\/negocio\\\/servicios-digitales\\\/#breadcrumb\"},\"inLanguage\":\"es\",\"potentialAction\":[{\"@type\":\"ReadAction\",\"target\":[\"https:\\\/\\\/api.croghan.bank\\\/es\\\/negocio\\\/servicios-digitales\\\/\"]}]},{\"@type\":\"BreadcrumbList\",\"@id\":\"https:\\\/\\\/api.croghan.bank\\\/es\\\/negocio\\\/servicios-digitales\\\/#breadcrumb\",\"itemListElement\":[{\"@type\":\"ListItem\",\"position\":1,\"name\":\"Hogar\",\"item\":\"https:\\\/\\\/api.croghan.bank\\\/es\\\/\"},{\"@type\":\"ListItem\",\"position\":2,\"name\":\"Negocio\",\"item\":\"https:\\\/\\\/api.croghan.bank\\\/es\\\/negocio\\\/\"},{\"@type\":\"ListItem\",\"position\":3,\"name\":\"Servicios Digitales\"}]},{\"@type\":\"WebSite\",\"@id\":\"https:\\\/\\\/api.croghan.bank\\\/es\\\/#website\",\"url\":\"https:\\\/\\\/api.croghan.bank\\\/es\\\/\",\"name\":\"Banco Croghan sin cabeza\",\"description\":\"\",\"potentialAction\":[{\"@type\":\"SearchAction\",\"target\":{\"@type\":\"EntryPoint\",\"urlTemplate\":\"https:\\\/\\\/api.croghan.bank\\\/es\\\/?s={search_term_string}\"},\"query-input\":{\"@type\":\"PropertyValueSpecification\",\"valueRequired\":true,\"valueName\":\"search_term_string\"}}],\"inLanguage\":\"es\"}]}<\/script>\n<!-- \/ Yoast SEO plugin. -->","yoast_head_json":{"title":"Banca online para empresas | Banco Colonial Croghan","description":"Los servicios digitales empresariales de Croghan incluyen banca online, dep\u00f3sitos m\u00f3viles, originaci\u00f3n ACH, transferencias bancarias y Positive Pay \u2014 gestiona efectivo en cualquier lugar.","robots":{"index":"noindex","follow":"follow","max-snippet":"max-snippet:-1","max-image-preview":"max-image-preview:large","max-video-preview":"max-video-preview:-1"},"og_locale":"es_ES","og_type":"article","og_title":"Banca online para empresas | Banco Colonial Croghan","og_description":"Los servicios digitales empresariales de Croghan incluyen banca online, dep\u00f3sitos m\u00f3viles, originaci\u00f3n ACH, transferencias bancarias y Positive Pay \u2014 gestiona efectivo en cualquier lugar.","og_url":"https:\/\/api.croghan.bank\/es\/negocio\/servicios-digitales\/","og_site_name":"Banco Croghan sin cabeza","article_modified_time":"2026-04-21T19:42:55+00:00","twitter_card":"summary_large_image","schema":{"@context":"https:\/\/schema.org","@graph":[{"@type":"WebPage","@id":"https:\/\/api.croghan.bank\/es\/negocio\/servicios-digitales\/","url":"https:\/\/api.croghan.bank\/es\/negocio\/servicios-digitales\/","name":"Banca online para empresas | Banco Colonial Croghan","isPartOf":{"@id":"https:\/\/api.croghan.bank\/es\/#website"},"datePublished":"2025-01-16T20:37:02+00:00","dateModified":"2026-04-21T19:42:55+00:00","description":"Los servicios digitales empresariales de Croghan incluyen banca online, dep\u00f3sitos m\u00f3viles, originaci\u00f3n ACH, transferencias bancarias y Positive Pay \u2014 gestiona efectivo en cualquier lugar.","breadcrumb":{"@id":"https:\/\/api.croghan.bank\/es\/negocio\/servicios-digitales\/#breadcrumb"},"inLanguage":"es","potentialAction":[{"@type":"ReadAction","target":["https:\/\/api.croghan.bank\/es\/negocio\/servicios-digitales\/"]}]},{"@type":"BreadcrumbList","@id":"https:\/\/api.croghan.bank\/es\/negocio\/servicios-digitales\/#breadcrumb","itemListElement":[{"@type":"ListItem","position":1,"name":"Hogar","item":"https:\/\/api.croghan.bank\/es\/"},{"@type":"ListItem","position":2,"name":"Negocio","item":"https:\/\/api.croghan.bank\/es\/negocio\/"},{"@type":"ListItem","position":3,"name":"Servicios Digitales"}]},{"@type":"WebSite","@id":"https:\/\/api.croghan.bank\/es\/#website","url":"https:\/\/api.croghan.bank\/es\/","name":"Banco Croghan sin cabeza","description":"","potentialAction":[{"@type":"SearchAction","target":{"@type":"EntryPoint","urlTemplate":"https:\/\/api.croghan.bank\/es\/?s={search_term_string}"},"query-input":{"@type":"PropertyValueSpecification","valueRequired":true,"valueName":"search_term_string"}}],"inLanguage":"es"}]}},"_links":{"self":[{"href":"https:\/\/api.croghan.bank\/es\/wp-json\/wp\/v2\/pages\/4536","targetHints":{"allow":["GET"]}}],"collection":[{"href":"https:\/\/api.croghan.bank\/es\/wp-json\/wp\/v2\/pages"}],"about":[{"href":"https:\/\/api.croghan.bank\/es\/wp-json\/wp\/v2\/types\/page"}],"author":[{"embeddable":true,"href":"https:\/\/api.croghan.bank\/es\/wp-json\/wp\/v2\/users\/1"}],"replies":[{"embeddable":true,"href":"https:\/\/api.croghan.bank\/es\/wp-json\/wp\/v2\/comments?post=4536"}],"version-history":[{"count":1,"href":"https:\/\/api.croghan.bank\/es\/wp-json\/wp\/v2\/pages\/4536\/revisions"}],"predecessor-version":[{"id":7577,"href":"https:\/\/api.croghan.bank\/es\/wp-json\/wp\/v2\/pages\/4536\/revisions\/7577"}],"up":[{"embeddable":true,"href":"https:\/\/api.croghan.bank\/es\/wp-json\/wp\/v2\/pages\/4487"}],"wp:attachment":[{"href":"https:\/\/api.croghan.bank\/es\/wp-json\/wp\/v2\/media?parent=4536"}],"wp:term":[{"taxonomy":"category","embeddable":true,"href":"https:\/\/api.croghan.bank\/es\/wp-json\/wp\/v2\/categories?post=4536"},{"taxonomy":"post_tag","embeddable":true,"href":"https:\/\/api.croghan.bank\/es\/wp-json\/wp\/v2\/tags?post=4536"}],"curies":[{"name":"wp","href":"https:\/\/api.w.org\/{rel}","templated":true}]}}