{"id":4538,"date":"2025-01-16T20:37:54","date_gmt":"2025-01-16T20:37:54","guid":{"rendered":"https:\/\/api.croghan.bank\/negocio\/prestamos-comerciales\/bienes-raices-comerciales\/"},"modified":"2026-04-21T19:42:57","modified_gmt":"2026-04-21T19:42:57","slug":"bienes-raices-comerciales","status":"publish","type":"page","link":"https:\/\/api.croghan.bank\/es\/negocio\/prestamos-comerciales\/bienes-raices-comerciales\/","title":{"rendered":"Bienes Ra\u00edces Comerciales"},"content":{"rendered":"","protected":false},"excerpt":{"rendered":"","protected":false},"author":1,"featured_media":0,"parent":4531,"menu_order":0,"comment_status":"closed","ping_status":"closed","template":"","meta":{"_acf_changed":false,"inline_featured_image":false,"footnotes":""},"categories":[51],"tags":[],"class_list":["post-4538","page","type-page","status-publish","hentry","category-negocio"],"acf":{"modules":[{"acf_fc_layout":"bread_crumb_nav_hero","title":"<h1>Pr\u00e9stamos de Bienes Ra\u00edces Comerciales<\/h1>","subtitle":"","content":"Cuando se trata de hacer crecer su negocio a trav\u00e9s de bienes ra\u00edces comerciales, es esencial contar con el socio financiero adecuado. En Croghan, entendemos que cada negocio es \u00fanico, por lo que ofrecemos soluciones flexibles de pr\u00e9stamos de bienes ra\u00edces comerciales para ayudarlo a construir, adquirir o refinanciar propiedades con facilidad. ","buttons":[{"button":{"link":{"title":"Cont\u00e1ctenos","url":"\/contact-us","target":""},"button_style":"solid","button_color":"dBlue","opens_modal":false,"video":null}}],"module_anchor_id":"","module_padding_inner":"noPaddingInner","module_spacing_after":"defaultSpacingAfter"},{"acf_fc_layout":"floating_cards","eyebrow":"","title":"<h2>Opciones de pr\u00e9stamo flexibles<\/h2>","content":"Nuestra amplia gama de opciones de pr\u00e9stamos para bienes ra\u00edces comerciales est\u00e1 dise\u00f1ada para adaptarse a sus necesidades espec\u00edficas. Ofrecemos: ","buttons":null,"cards_alignment":"cardsRight","card_style_type":"cardTypeBasic","floating_cards":[{"icon":"","icon_dark_mode":null,"eyebrow":"","title":"<h3>Nueva construcci\u00f3n<\/h3>","description":"Financiaci\u00f3n para dar vida a tu visi\u00f3n con nuevas construcciones.","image":null,"link":null},{"icon":"","icon_dark_mode":null,"eyebrow":"","title":"<h3>Expansi\u00f3n<\/h3>","description":"Haga crecer su negocio con propiedades adicionales para nuevas oportunidades.","image":null,"link":null},{"icon":"","icon_dark_mode":null,"eyebrow":"","title":"<h3>Adquisici\u00f3n de edificios<\/h3>","description":"Compre propiedades que cumplan con los objetivos de su negocio.","image":null,"link":null},{"icon":"","icon_dark_mode":null,"eyebrow":"","title":"<h3>Inversi\u00f3n<\/h3>","description":"Adquirir propiedades generadoras de ingresos, incluyendo instalaciones de almacenamiento y apartamentos.","image":null,"link":null},{"icon":"","icon_dark_mode":null,"eyebrow":"","title":"<h3>Renovaci\u00f3n<\/h3>","description":"Financia mejoras que maximicen el valor de tu propiedad.","image":null,"link":null}],"module_background_style":"solidColorBlue","module_anchor_id":"","module_padding_inner":"noPaddingInner","module_spacing_after":"noSpacingAfter"},{"acf_fc_layout":"full_width_media","media_type":"image","image":4159,"video":null,"video_youtube":"","video_poster_image":null,"module_upper_half_background_color":"blue","module_lower_half_background_color":"white","module_anchor_id":"","module_padding_inner":"noPaddingInner","module_spacing_after":"noSpacingAfter"},{"acf_fc_layout":"fifty_fifty_content","eyebrow":"","title":"<h2>\u00bfQu\u00e9 hace diferente a Croghan?<\/h2>","content":"En Croghan Colonial Bank, nos enfocamos en algo m\u00e1s que pr\u00e9stamos; Nos enfocamos en construir relaciones a largo plazo. Nuestra filosof\u00eda de pr\u00e9stamos se basa en la comprensi\u00f3n de su negocio, para que podamos encontrar las mejores soluciones financieras para respaldar su crecimiento, incluso en un mercado ajustado. Estamos aqu\u00ed para escuchar, comprender y ofrecer orientaci\u00f3n, ya sea que est\u00e9 solicitando un pr\u00e9stamo o no.  \n\nChip VanDette, vicepresidente senior y director de pr\u00e9stamos de Croghan, enfatiza que <strong>\"otros bancos pueden decir que no si no encaja en su caja. En Croghan, adoptamos un enfoque personalizado. No dejamos piedra sin remover cuando tratamos de hacer que algo funcione\".<\/strong>\n\nEn un entorno de tasas de inter\u00e9s altas, trabajamos para minimizar el impacto de los cambios en las tasas, asegur\u00e1ndonos de que pueda administrar los gastos comerciales sin comprometer su estabilidad financiera.","buttons":null,"module_background_color":"white","module_anchor_id":"","module_padding_inner":"noPaddingInner","module_spacing_after":"defaultSpacingAfter"},{"acf_fc_layout":"content_card_pattern_accent","image":3920,"eyebrow":"","title":"<h2>D\u00e9 el siguiente paso hacia el crecimiento<\/h2>","content":"\u00bfEst\u00e1 listo para asegurar el financiamiento que impulsar\u00e1 su negocio? En Croghan, estamos aqu\u00ed para ayudarlo a dar el siguiente paso, ya sea para una nueva construcci\u00f3n, adquisici\u00f3n de propiedades o renovaciones. No espere, comun\u00edquese con nosotros hoy mismo para analizar sus opciones de financiamiento de bienes ra\u00edces comerciales y comenzar el camino hacia el crecimiento.  ","buttons":[{"button":{"link":{"title":"Ll\u00e1manos","url":"tel:8882764426","target":""},"button_style":"solid","button_color":"dBlue","opens_modal":false,"video":null}},{"button":{"link":{"title":"Buscar una ubicaci\u00f3n","url":"\/locations","target":""},"button_style":"outlined","button_color":"dBlue","opens_modal":false,"video":null}}],"disclaimer":"","module_image_alignment":"imageLeft","module_card_background_color":"cardBackgroundBlue","module_anchor_id":"","module_padding_inner":"noPaddingInner","module_spacing_after":"defaultSpacingAfter"},{"acf_fc_layout":"accordion","eyebrow":null,"accordion_items":null,"module_anchor_id":null,"module_padding_inner":null,"module_spacing_after":null},{"acf_fc_layout":"location_pre_footer","module_anchor_id":"","module_padding_inner":"noPaddingInner","module_spacing_after":"defaultSpacingAfter"}]},"yoast_head":"<!-- This site is optimized with the Yoast SEO plugin v27.5 - https:\/\/yoast.com\/product\/yoast-seo-wordpress\/ -->\n<title>Pr\u00e9stamos de Bienes Ra\u00edces Comerciales | Banco Colonial Croghan<\/title>\n<meta name=\"description\" content=\"Financia propiedades propiedad o de inversi\u00f3n con un pr\u00e9stamo inmobiliario comercial Croghan. Aprovecha nuestras tarifas competitivas y nuestra experiencia local en CRE.\" \/>\n<meta name=\"robots\" content=\"noindex, follow, max-snippet:-1, max-image-preview:large, max-video-preview:-1\" \/>\n<meta property=\"og:locale\" content=\"es_ES\" \/>\n<meta property=\"og:type\" content=\"article\" \/>\n<meta property=\"og:title\" content=\"Pr\u00e9stamos de Bienes Ra\u00edces Comerciales | Banco Colonial Croghan\" \/>\n<meta property=\"og:description\" content=\"Financia propiedades propiedad o de inversi\u00f3n con un pr\u00e9stamo inmobiliario comercial Croghan. Aprovecha nuestras tarifas competitivas y nuestra experiencia local en CRE.\" \/>\n<meta property=\"og:url\" content=\"https:\/\/api.croghan.bank\/es\/negocio\/prestamos-comerciales\/bienes-raices-comerciales\/\" \/>\n<meta property=\"og:site_name\" content=\"Banco Croghan sin cabeza\" \/>\n<meta property=\"article:modified_time\" content=\"2026-04-21T19:42:57+00:00\" \/>\n<meta name=\"twitter:card\" content=\"summary_large_image\" \/>\n<script type=\"application\/ld+json\" class=\"yoast-schema-graph\">{\"@context\":\"https:\\\/\\\/schema.org\",\"@graph\":[{\"@type\":\"WebPage\",\"@id\":\"https:\\\/\\\/api.croghan.bank\\\/es\\\/negocio\\\/prestamos-comerciales\\\/bienes-raices-comerciales\\\/\",\"url\":\"https:\\\/\\\/api.croghan.bank\\\/es\\\/negocio\\\/prestamos-comerciales\\\/bienes-raices-comerciales\\\/\",\"name\":\"Pr\u00e9stamos de Bienes Ra\u00edces Comerciales | Banco Colonial Croghan\",\"isPartOf\":{\"@id\":\"https:\\\/\\\/api.croghan.bank\\\/es\\\/#website\"},\"datePublished\":\"2025-01-16T20:37:54+00:00\",\"dateModified\":\"2026-04-21T19:42:57+00:00\",\"description\":\"Financia propiedades propiedad o de inversi\u00f3n con un pr\u00e9stamo inmobiliario comercial Croghan. Aprovecha nuestras tarifas competitivas y nuestra experiencia local en CRE.\",\"breadcrumb\":{\"@id\":\"https:\\\/\\\/api.croghan.bank\\\/es\\\/negocio\\\/prestamos-comerciales\\\/bienes-raices-comerciales\\\/#breadcrumb\"},\"inLanguage\":\"es\",\"potentialAction\":[{\"@type\":\"ReadAction\",\"target\":[\"https:\\\/\\\/api.croghan.bank\\\/es\\\/negocio\\\/prestamos-comerciales\\\/bienes-raices-comerciales\\\/\"]}]},{\"@type\":\"BreadcrumbList\",\"@id\":\"https:\\\/\\\/api.croghan.bank\\\/es\\\/negocio\\\/prestamos-comerciales\\\/bienes-raices-comerciales\\\/#breadcrumb\",\"itemListElement\":[{\"@type\":\"ListItem\",\"position\":1,\"name\":\"Hogar\",\"item\":\"https:\\\/\\\/api.croghan.bank\\\/es\\\/\"},{\"@type\":\"ListItem\",\"position\":2,\"name\":\"Negocio\",\"item\":\"https:\\\/\\\/api.croghan.bank\\\/es\\\/negocio\\\/\"},{\"@type\":\"ListItem\",\"position\":3,\"name\":\"Pr\u00e9stamos comerciales\",\"item\":\"https:\\\/\\\/api.croghan.bank\\\/es\\\/negocio\\\/prestamos-comerciales\\\/\"},{\"@type\":\"ListItem\",\"position\":4,\"name\":\"Bienes Ra\u00edces Comerciales\"}]},{\"@type\":\"WebSite\",\"@id\":\"https:\\\/\\\/api.croghan.bank\\\/es\\\/#website\",\"url\":\"https:\\\/\\\/api.croghan.bank\\\/es\\\/\",\"name\":\"Banco Croghan sin cabeza\",\"description\":\"\",\"potentialAction\":[{\"@type\":\"SearchAction\",\"target\":{\"@type\":\"EntryPoint\",\"urlTemplate\":\"https:\\\/\\\/api.croghan.bank\\\/es\\\/?s={search_term_string}\"},\"query-input\":{\"@type\":\"PropertyValueSpecification\",\"valueRequired\":true,\"valueName\":\"search_term_string\"}}],\"inLanguage\":\"es\"}]}<\/script>\n<!-- \/ Yoast SEO plugin. -->","yoast_head_json":{"title":"Pr\u00e9stamos de Bienes Ra\u00edces Comerciales | Banco Colonial Croghan","description":"Financia propiedades propiedad o de inversi\u00f3n con un pr\u00e9stamo inmobiliario comercial Croghan. Aprovecha nuestras tarifas competitivas y nuestra experiencia local en CRE.","robots":{"index":"noindex","follow":"follow","max-snippet":"max-snippet:-1","max-image-preview":"max-image-preview:large","max-video-preview":"max-video-preview:-1"},"og_locale":"es_ES","og_type":"article","og_title":"Pr\u00e9stamos de Bienes Ra\u00edces Comerciales | Banco Colonial Croghan","og_description":"Financia propiedades propiedad o de inversi\u00f3n con un pr\u00e9stamo inmobiliario comercial Croghan. Aprovecha nuestras tarifas competitivas y nuestra experiencia local en CRE.","og_url":"https:\/\/api.croghan.bank\/es\/negocio\/prestamos-comerciales\/bienes-raices-comerciales\/","og_site_name":"Banco Croghan sin cabeza","article_modified_time":"2026-04-21T19:42:57+00:00","twitter_card":"summary_large_image","schema":{"@context":"https:\/\/schema.org","@graph":[{"@type":"WebPage","@id":"https:\/\/api.croghan.bank\/es\/negocio\/prestamos-comerciales\/bienes-raices-comerciales\/","url":"https:\/\/api.croghan.bank\/es\/negocio\/prestamos-comerciales\/bienes-raices-comerciales\/","name":"Pr\u00e9stamos de Bienes Ra\u00edces Comerciales | Banco Colonial Croghan","isPartOf":{"@id":"https:\/\/api.croghan.bank\/es\/#website"},"datePublished":"2025-01-16T20:37:54+00:00","dateModified":"2026-04-21T19:42:57+00:00","description":"Financia propiedades propiedad o de inversi\u00f3n con un pr\u00e9stamo inmobiliario comercial Croghan. Aprovecha nuestras tarifas competitivas y nuestra experiencia local en CRE.","breadcrumb":{"@id":"https:\/\/api.croghan.bank\/es\/negocio\/prestamos-comerciales\/bienes-raices-comerciales\/#breadcrumb"},"inLanguage":"es","potentialAction":[{"@type":"ReadAction","target":["https:\/\/api.croghan.bank\/es\/negocio\/prestamos-comerciales\/bienes-raices-comerciales\/"]}]},{"@type":"BreadcrumbList","@id":"https:\/\/api.croghan.bank\/es\/negocio\/prestamos-comerciales\/bienes-raices-comerciales\/#breadcrumb","itemListElement":[{"@type":"ListItem","position":1,"name":"Hogar","item":"https:\/\/api.croghan.bank\/es\/"},{"@type":"ListItem","position":2,"name":"Negocio","item":"https:\/\/api.croghan.bank\/es\/negocio\/"},{"@type":"ListItem","position":3,"name":"Pr\u00e9stamos comerciales","item":"https:\/\/api.croghan.bank\/es\/negocio\/prestamos-comerciales\/"},{"@type":"ListItem","position":4,"name":"Bienes Ra\u00edces Comerciales"}]},{"@type":"WebSite","@id":"https:\/\/api.croghan.bank\/es\/#website","url":"https:\/\/api.croghan.bank\/es\/","name":"Banco Croghan sin cabeza","description":"","potentialAction":[{"@type":"SearchAction","target":{"@type":"EntryPoint","urlTemplate":"https:\/\/api.croghan.bank\/es\/?s={search_term_string}"},"query-input":{"@type":"PropertyValueSpecification","valueRequired":true,"valueName":"search_term_string"}}],"inLanguage":"es"}]}},"_links":{"self":[{"href":"https:\/\/api.croghan.bank\/es\/wp-json\/wp\/v2\/pages\/4538","targetHints":{"allow":["GET"]}}],"collection":[{"href":"https:\/\/api.croghan.bank\/es\/wp-json\/wp\/v2\/pages"}],"about":[{"href":"https:\/\/api.croghan.bank\/es\/wp-json\/wp\/v2\/types\/page"}],"author":[{"embeddable":true,"href":"https:\/\/api.croghan.bank\/es\/wp-json\/wp\/v2\/users\/1"}],"replies":[{"embeddable":true,"href":"https:\/\/api.croghan.bank\/es\/wp-json\/wp\/v2\/comments?post=4538"}],"version-history":[{"count":1,"href":"https:\/\/api.croghan.bank\/es\/wp-json\/wp\/v2\/pages\/4538\/revisions"}],"predecessor-version":[{"id":7580,"href":"https:\/\/api.croghan.bank\/es\/wp-json\/wp\/v2\/pages\/4538\/revisions\/7580"}],"up":[{"embeddable":true,"href":"https:\/\/api.croghan.bank\/es\/wp-json\/wp\/v2\/pages\/4531"}],"wp:attachment":[{"href":"https:\/\/api.croghan.bank\/es\/wp-json\/wp\/v2\/media?parent=4538"}],"wp:term":[{"taxonomy":"category","embeddable":true,"href":"https:\/\/api.croghan.bank\/es\/wp-json\/wp\/v2\/categories?post=4538"},{"taxonomy":"post_tag","embeddable":true,"href":"https:\/\/api.croghan.bank\/es\/wp-json\/wp\/v2\/tags?post=4538"}],"curies":[{"name":"wp","href":"https:\/\/api.w.org\/{rel}","templated":true}]}}