{"id":4540,"date":"2025-01-16T20:38:12","date_gmt":"2025-01-16T20:38:12","guid":{"rendered":"https:\/\/api.croghan.bank\/negocio\/prestamos-comerciales\/equipo\/"},"modified":"2026-04-21T19:42:59","modified_gmt":"2026-04-21T19:42:59","slug":"equipo","status":"publish","type":"page","link":"https:\/\/api.croghan.bank\/es\/negocio\/prestamos-comerciales\/equipo\/","title":{"rendered":"Equipo"},"content":{"rendered":"","protected":false},"excerpt":{"rendered":"","protected":false},"author":1,"featured_media":0,"parent":4531,"menu_order":0,"comment_status":"closed","ping_status":"closed","template":"","meta":{"_acf_changed":false,"inline_featured_image":false,"footnotes":""},"categories":[51],"tags":[],"class_list":["post-4540","page","type-page","status-publish","hentry","category-negocio"],"acf":{"modules":[{"acf_fc_layout":"bread_crumb_nav_hero","title":"<h1>Pr\u00e9stamos y Arrendamiento de Equipos<\/h1>","subtitle":"","content":"El equipo adecuado puede ayudar a que su negocio crezca, pero los costos pueden acumularse r\u00e1pidamente. En Croghan, ofrecemos opciones flexibles de pr\u00e9stamo y arrendamiento de equipos para que pueda adquirir la maquinaria, la tecnolog\u00eda o los veh\u00edculos que necesita, sin interrumpir su flujo de caja. ","buttons":[{"button":{"link":{"title":"Cont\u00e1ctenos","url":"\/contact-us","target":""},"button_style":"solid","button_color":"dBlue","opens_modal":false,"video":null}}],"module_anchor_id":"","module_padding_inner":"noPaddingInner","module_spacing_after":"defaultSpacingAfter"},{"acf_fc_layout":"floating_cards","eyebrow":"","title":"<h2>Financie su equipo<\/h2>","content":"Invertir en equipos es una gran decisi\u00f3n, pero no tiene por qu\u00e9 ralentizar su negocio. Nuestras opciones de financiaci\u00f3n te ayudan a: ","buttons":null,"cards_alignment":"cardsRight","card_style_type":"cardTypeBasic","floating_cards":[{"icon":"","icon_dark_mode":null,"eyebrow":"","title":"<h3>Conservar el capital<\/h3>","description":"Preservar el flujo de caja para otras necesidades del negocio.","image":null,"link":null},{"icon":"","icon_dark_mode":null,"eyebrow":"","title":"<h3>Cubrir una amplia gama de necesidades<\/h3>","description":"Financia todo, desde maquinaria y veh\u00edculos hasta tecnolog\u00eda avanzada.","image":null,"link":null},{"icon":"","icon_dark_mode":null,"eyebrow":"","title":"<h3>Mantenga abiertas las l\u00edneas de cr\u00e9dito<\/h3>","description":"Mantener la flexibilidad para futuras oportunidades financieras.","image":null,"link":null}],"module_background_style":"solidColorBlue","module_anchor_id":"","module_padding_inner":"noPaddingInner","module_spacing_after":"noSpacingAfter"},{"acf_fc_layout":"full_width_media","media_type":"image","image":4156,"video":null,"video_youtube":"","video_poster_image":null,"module_upper_half_background_color":"blue","module_lower_half_background_color":"white","module_anchor_id":"","module_padding_inner":"noPaddingInner","module_spacing_after":"noSpacingAfter"},{"acf_fc_layout":"fifty_fifty_content","eyebrow":"","title":"<h2>\u00bfQu\u00e9 hace diferente a Croghan?<\/h2>","content":"En Croghan Colonial Bank, hacemos m\u00e1s que proporcionar pr\u00e9stamos: construimos relaciones. Nos tomamos el tiempo para comprender su negocio, asegur\u00e1ndonos de que obtenga soluciones de financiamiento adaptadas a sus necesidades e industria. \n\nChip VanDette, vicepresidente senior y director de pr\u00e9stamos de Croghan, enfatiza que <strong>\"otros bancos pueden decir que no si no encaja en su caja. En Croghan, adoptamos un enfoque personalizado. No dejamos piedra sin remover cuando tratamos de hacer que algo funcione\".<\/strong>\n\nNuestros prestamistas comerciales experimentados trabajan en estrecha colaboraci\u00f3n con los propietarios de negocios para explorar las opciones de financiamiento, minimizar las interrupciones y crear soluciones que se alineen con el crecimiento a largo plazo. Ya sea que necesite nuevos equipos para expandir las operaciones o reemplazar maquinaria obsoleta, estamos aqu\u00ed para ayudarlo a hacerlo realidad. ","buttons":null,"module_background_color":"white","module_anchor_id":"","module_padding_inner":"noPaddingInner","module_spacing_after":"defaultSpacingAfter"},{"acf_fc_layout":"content_card_pattern_accent","image":3926,"eyebrow":"","title":"<h2>Act\u00fae y haga crecer su negocio<\/h2>","content":"\u00bfEst\u00e1 listo para impulsar su negocio con el equipo que necesita? En Croghan, simplificamos la adquisici\u00f3n de nueva maquinaria, veh\u00edculos y tecnolog\u00eda, sin comprometer su flujo de caja. Hagamos que sus necesidades de equipo sean una realidad hoy. \u00a1Comun\u00edcate ahora para explorar tus opciones de financiamiento!   ","buttons":[{"button":{"link":{"title":"Ll\u00e1manos","url":"tel:8882764426","target":""},"button_style":"solid","button_color":"dBlue","opens_modal":false,"video":null}},{"button":{"link":{"title":"Buscar una ubicaci\u00f3n","url":"\/locations","target":""},"button_style":"outlined","button_color":"dBlue","opens_modal":false,"video":null}}],"disclaimer":"","module_image_alignment":"imageLeft","module_card_background_color":"cardBackgroundBlue","module_anchor_id":"","module_padding_inner":"noPaddingInner","module_spacing_after":"defaultSpacingAfter"},{"acf_fc_layout":"accordion","eyebrow":null,"accordion_items":null,"module_anchor_id":null,"module_padding_inner":null,"module_spacing_after":null},{"acf_fc_layout":"location_pre_footer","module_anchor_id":"","module_padding_inner":"noPaddingInner","module_spacing_after":"defaultSpacingAfter"}]},"yoast_head":"<!-- This site is optimized with the Yoast SEO plugin v27.5 - https:\/\/yoast.com\/product\/yoast-seo-wordpress\/ -->\n<title>Pr\u00e9stamos para equipos comerciales | Banco Colonial Croghan<\/title>\n<meta name=\"description\" content=\"Financia maquinaria, veh\u00edculos, tecnolog\u00eda y mucho m\u00e1s con un pr\u00e9stamo para equipos comerciales Croghan. T\u00e9rminos flexibles estructurados en torno a tu flujo de caja.\" \/>\n<meta name=\"robots\" content=\"noindex, follow, max-snippet:-1, max-image-preview:large, max-video-preview:-1\" \/>\n<meta property=\"og:locale\" content=\"es_ES\" \/>\n<meta property=\"og:type\" content=\"article\" \/>\n<meta property=\"og:title\" content=\"Pr\u00e9stamos para equipos comerciales | Banco Colonial Croghan\" \/>\n<meta property=\"og:description\" content=\"Financia maquinaria, veh\u00edculos, tecnolog\u00eda y mucho m\u00e1s con un pr\u00e9stamo para equipos comerciales Croghan. T\u00e9rminos flexibles estructurados en torno a tu flujo de caja.\" \/>\n<meta property=\"og:url\" content=\"https:\/\/api.croghan.bank\/es\/negocio\/prestamos-comerciales\/equipo\/\" \/>\n<meta property=\"og:site_name\" content=\"Banco Croghan sin cabeza\" \/>\n<meta property=\"article:modified_time\" content=\"2026-04-21T19:42:59+00:00\" \/>\n<meta name=\"twitter:card\" content=\"summary_large_image\" \/>\n<script type=\"application\/ld+json\" class=\"yoast-schema-graph\">{\"@context\":\"https:\\\/\\\/schema.org\",\"@graph\":[{\"@type\":\"WebPage\",\"@id\":\"https:\\\/\\\/api.croghan.bank\\\/es\\\/negocio\\\/prestamos-comerciales\\\/equipo\\\/\",\"url\":\"https:\\\/\\\/api.croghan.bank\\\/es\\\/negocio\\\/prestamos-comerciales\\\/equipo\\\/\",\"name\":\"Pr\u00e9stamos para equipos comerciales | Banco Colonial Croghan\",\"isPartOf\":{\"@id\":\"https:\\\/\\\/api.croghan.bank\\\/es\\\/#website\"},\"datePublished\":\"2025-01-16T20:38:12+00:00\",\"dateModified\":\"2026-04-21T19:42:59+00:00\",\"description\":\"Financia maquinaria, veh\u00edculos, tecnolog\u00eda y mucho m\u00e1s con un pr\u00e9stamo para equipos comerciales Croghan. T\u00e9rminos flexibles estructurados en torno a tu flujo de caja.\",\"breadcrumb\":{\"@id\":\"https:\\\/\\\/api.croghan.bank\\\/es\\\/negocio\\\/prestamos-comerciales\\\/equipo\\\/#breadcrumb\"},\"inLanguage\":\"es\",\"potentialAction\":[{\"@type\":\"ReadAction\",\"target\":[\"https:\\\/\\\/api.croghan.bank\\\/es\\\/negocio\\\/prestamos-comerciales\\\/equipo\\\/\"]}]},{\"@type\":\"BreadcrumbList\",\"@id\":\"https:\\\/\\\/api.croghan.bank\\\/es\\\/negocio\\\/prestamos-comerciales\\\/equipo\\\/#breadcrumb\",\"itemListElement\":[{\"@type\":\"ListItem\",\"position\":1,\"name\":\"Hogar\",\"item\":\"https:\\\/\\\/api.croghan.bank\\\/es\\\/\"},{\"@type\":\"ListItem\",\"position\":2,\"name\":\"Negocio\",\"item\":\"https:\\\/\\\/api.croghan.bank\\\/es\\\/negocio\\\/\"},{\"@type\":\"ListItem\",\"position\":3,\"name\":\"Pr\u00e9stamos comerciales\",\"item\":\"https:\\\/\\\/api.croghan.bank\\\/es\\\/negocio\\\/prestamos-comerciales\\\/\"},{\"@type\":\"ListItem\",\"position\":4,\"name\":\"Equipo\"}]},{\"@type\":\"WebSite\",\"@id\":\"https:\\\/\\\/api.croghan.bank\\\/es\\\/#website\",\"url\":\"https:\\\/\\\/api.croghan.bank\\\/es\\\/\",\"name\":\"Banco Croghan sin cabeza\",\"description\":\"\",\"potentialAction\":[{\"@type\":\"SearchAction\",\"target\":{\"@type\":\"EntryPoint\",\"urlTemplate\":\"https:\\\/\\\/api.croghan.bank\\\/es\\\/?s={search_term_string}\"},\"query-input\":{\"@type\":\"PropertyValueSpecification\",\"valueRequired\":true,\"valueName\":\"search_term_string\"}}],\"inLanguage\":\"es\"}]}<\/script>\n<!-- \/ Yoast SEO plugin. -->","yoast_head_json":{"title":"Pr\u00e9stamos para equipos comerciales | Banco Colonial Croghan","description":"Financia maquinaria, veh\u00edculos, tecnolog\u00eda y mucho m\u00e1s con un pr\u00e9stamo para equipos comerciales Croghan. T\u00e9rminos flexibles estructurados en torno a tu flujo de caja.","robots":{"index":"noindex","follow":"follow","max-snippet":"max-snippet:-1","max-image-preview":"max-image-preview:large","max-video-preview":"max-video-preview:-1"},"og_locale":"es_ES","og_type":"article","og_title":"Pr\u00e9stamos para equipos comerciales | Banco Colonial Croghan","og_description":"Financia maquinaria, veh\u00edculos, tecnolog\u00eda y mucho m\u00e1s con un pr\u00e9stamo para equipos comerciales Croghan. T\u00e9rminos flexibles estructurados en torno a tu flujo de caja.","og_url":"https:\/\/api.croghan.bank\/es\/negocio\/prestamos-comerciales\/equipo\/","og_site_name":"Banco Croghan sin cabeza","article_modified_time":"2026-04-21T19:42:59+00:00","twitter_card":"summary_large_image","schema":{"@context":"https:\/\/schema.org","@graph":[{"@type":"WebPage","@id":"https:\/\/api.croghan.bank\/es\/negocio\/prestamos-comerciales\/equipo\/","url":"https:\/\/api.croghan.bank\/es\/negocio\/prestamos-comerciales\/equipo\/","name":"Pr\u00e9stamos para equipos comerciales | Banco Colonial Croghan","isPartOf":{"@id":"https:\/\/api.croghan.bank\/es\/#website"},"datePublished":"2025-01-16T20:38:12+00:00","dateModified":"2026-04-21T19:42:59+00:00","description":"Financia maquinaria, veh\u00edculos, tecnolog\u00eda y mucho m\u00e1s con un pr\u00e9stamo para equipos comerciales Croghan. T\u00e9rminos flexibles estructurados en torno a tu flujo de caja.","breadcrumb":{"@id":"https:\/\/api.croghan.bank\/es\/negocio\/prestamos-comerciales\/equipo\/#breadcrumb"},"inLanguage":"es","potentialAction":[{"@type":"ReadAction","target":["https:\/\/api.croghan.bank\/es\/negocio\/prestamos-comerciales\/equipo\/"]}]},{"@type":"BreadcrumbList","@id":"https:\/\/api.croghan.bank\/es\/negocio\/prestamos-comerciales\/equipo\/#breadcrumb","itemListElement":[{"@type":"ListItem","position":1,"name":"Hogar","item":"https:\/\/api.croghan.bank\/es\/"},{"@type":"ListItem","position":2,"name":"Negocio","item":"https:\/\/api.croghan.bank\/es\/negocio\/"},{"@type":"ListItem","position":3,"name":"Pr\u00e9stamos comerciales","item":"https:\/\/api.croghan.bank\/es\/negocio\/prestamos-comerciales\/"},{"@type":"ListItem","position":4,"name":"Equipo"}]},{"@type":"WebSite","@id":"https:\/\/api.croghan.bank\/es\/#website","url":"https:\/\/api.croghan.bank\/es\/","name":"Banco Croghan sin cabeza","description":"","potentialAction":[{"@type":"SearchAction","target":{"@type":"EntryPoint","urlTemplate":"https:\/\/api.croghan.bank\/es\/?s={search_term_string}"},"query-input":{"@type":"PropertyValueSpecification","valueRequired":true,"valueName":"search_term_string"}}],"inLanguage":"es"}]}},"_links":{"self":[{"href":"https:\/\/api.croghan.bank\/es\/wp-json\/wp\/v2\/pages\/4540","targetHints":{"allow":["GET"]}}],"collection":[{"href":"https:\/\/api.croghan.bank\/es\/wp-json\/wp\/v2\/pages"}],"about":[{"href":"https:\/\/api.croghan.bank\/es\/wp-json\/wp\/v2\/types\/page"}],"author":[{"embeddable":true,"href":"https:\/\/api.croghan.bank\/es\/wp-json\/wp\/v2\/users\/1"}],"replies":[{"embeddable":true,"href":"https:\/\/api.croghan.bank\/es\/wp-json\/wp\/v2\/comments?post=4540"}],"version-history":[{"count":1,"href":"https:\/\/api.croghan.bank\/es\/wp-json\/wp\/v2\/pages\/4540\/revisions"}],"predecessor-version":[{"id":7584,"href":"https:\/\/api.croghan.bank\/es\/wp-json\/wp\/v2\/pages\/4540\/revisions\/7584"}],"up":[{"embeddable":true,"href":"https:\/\/api.croghan.bank\/es\/wp-json\/wp\/v2\/pages\/4531"}],"wp:attachment":[{"href":"https:\/\/api.croghan.bank\/es\/wp-json\/wp\/v2\/media?parent=4540"}],"wp:term":[{"taxonomy":"category","embeddable":true,"href":"https:\/\/api.croghan.bank\/es\/wp-json\/wp\/v2\/categories?post=4540"},{"taxonomy":"post_tag","embeddable":true,"href":"https:\/\/api.croghan.bank\/es\/wp-json\/wp\/v2\/tags?post=4540"}],"curies":[{"name":"wp","href":"https:\/\/api.w.org\/{rel}","templated":true}]}}