{"id":4542,"date":"2025-03-27T18:05:52","date_gmt":"2025-03-27T18:05:52","guid":{"rendered":"https:\/\/api.croghan.bank\/personal\/prestamos-hipotecarios\/refinanciacion\/"},"modified":"2026-04-21T19:43:05","modified_gmt":"2026-04-21T19:43:05","slug":"refinanciacion","status":"publish","type":"page","link":"https:\/\/api.croghan.bank\/es\/personal\/prestamos-hipotecarios\/refinanciacion\/","title":{"rendered":"Refinanciaci\u00f3n"},"content":{"rendered":"","protected":false},"excerpt":{"rendered":"","protected":false},"author":1,"featured_media":0,"parent":4446,"menu_order":0,"comment_status":"closed","ping_status":"closed","template":"","meta":{"_acf_changed":false,"inline_featured_image":false,"footnotes":""},"categories":[],"tags":[],"class_list":["post-4542","page","type-page","status-publish","hentry"],"acf":{"modules":[{"acf_fc_layout":"bread_crumb_nav_hero","title":"<h1>Refinanciamiento de hipotecas<\/h1>","subtitle":"","content":"Refinanciar su hipoteca ofrece una gran oportunidad para tomar el control de sus finanzas. Puede ayudar a reducir su tasa de inter\u00e9s, reducir sus pagos mensuales y permitirle aprovechar el valor neto de su vivienda para cosas como mejoras en el hogar o consolidaci\u00f3n de deudas. El refinanciamiento tambi\u00e9n brinda la oportunidad de ajustar los t\u00e9rminos de su pr\u00e9stamo, desbloquear ahorros y simplificar su situaci\u00f3n hipotecaria.  ","buttons":[{"button":{"link":{"title":"Cont\u00e1ctenos","url":"\/contact-us","target":""},"button_style":"solid","button_color":"dBlue","opens_modal":false,"video":null}}],"module_anchor_id":"","module_padding_inner":"noPaddingInner","module_spacing_after":"defaultSpacingAfter"},{"acf_fc_layout":"full_width_media","media_type":"image","image":4025,"video":null,"video_youtube":"","video_poster_image":null,"module_upper_half_background_color":"blue","module_lower_half_background_color":"white","module_anchor_id":"","module_padding_inner":"noPaddingInner","module_spacing_after":"noSpacingAfter"},{"acf_fc_layout":"floating_cards","eyebrow":"","title":"<h2>C\u00f3mo funciona el refinanciamiento<\/h2>","content":"","buttons":null,"cards_alignment":"cardsRight","card_style_type":"cardTypeBasic","floating_cards":[{"icon":"","icon_dark_mode":"","eyebrow":"","title":"<h3>Reduzca su tasa de inter\u00e9s<\/h3>","description":"Una tasa m\u00e1s baja podr\u00eda significar pagos mensuales reducidos y ahorros a largo plazo.","image":null,"link":null},{"icon":"","icon_dark_mode":"","eyebrow":"","title":"<h3>Ajustar los t\u00e9rminos del pr\u00e9stamo<\/h3>","description":"El refinanciamiento puede acortar o alargar el plazo de su pr\u00e9stamo, seg\u00fan sus objetivos.","image":null,"link":null},{"icon":"","icon_dark_mode":"","eyebrow":"","title":"<h3>Acceso a la plusval\u00eda de la vivienda<\/h3>","description":"El refinanciamiento con retiro de efectivo le permite aprovechar el valor de su vivienda.","image":null,"link":null},{"icon":"","icon_dark_mode":"","eyebrow":"","title":"<h3>Simplifique sus pagos<\/h3>","description":"La consolidaci\u00f3n de deudas o la combinaci\u00f3n de pr\u00e9stamos pueden facilitar la administraci\u00f3n de los pagos.","image":null,"link":null}],"module_background_style":"solidColorWhite","module_anchor_id":"","module_padding_inner":"noPaddingInner","module_spacing_after":"noSpacingAfter"},{"acf_fc_layout":"floating_cards","eyebrow":"","title":"<h2>Gesti\u00f3n de los costes de refinanciaci\u00f3n<\/h2>","content":"Cuando refinancias, pagas tu hipoteca actual con un nuevo pr\u00e9stamo que podr\u00eda tener una tasa de inter\u00e9s o t\u00e9rminos diferentes. Su prestamista usar\u00e1 el nuevo pr\u00e9stamo para pagar su hipoteca existente, y usted se quedar\u00e1 con un pago mensual por el nuevo pr\u00e9stamo. \n\nEl refinanciamiento se usa com\u00fanmente para bajar las tasas de inter\u00e9s y reducir los pagos mensuales, cambiar el plazo de su pr\u00e9stamo para ahorrar en intereses o liquidar su hipoteca antes, y acceder al valor neto de su vivienda para otros gastos, como mejoras en el hogar o consolidaci\u00f3n de deudas.","buttons":null,"cards_alignment":"cardsLeft","card_style_type":"cardTypeBasic","floating_cards":[{"icon":"","icon_dark_mode":"","eyebrow":"","title":"<h4><strong>Edades avanzadas<\/strong><strong><\/strong><\/h4>","description":"Si bien el refinanciamiento puede ofrecer beneficios significativos, tambi\u00e9n conlleva algunos costos iniciales, incluidos los honorarios de liquidaci\u00f3n, las tasaciones y el seguro de t\u00edtulo. Estos costos se pueden incluir en su nuevo pr\u00e9stamo, pero es esencial comprenderlos antes de continuar. ","image":null,"link":null},{"icon":"","icon_dark_mode":"","eyebrow":"","title":"<h4><strong>Haciendo los c\u00e1lculos<\/strong><\/h4>","description":"Para muchos propietarios, los ahorros a largo plazo superan los costos iniciales. Sin embargo, es importante calcular sus ahorros potenciales y cu\u00e1nto tiempo le llevar\u00e1 alcanzar el punto de equilibrio con esos gastos iniciales. ","image":null,"link":null}],"module_background_style":"solidColorBlue","module_anchor_id":"","module_padding_inner":"noPaddingInner","module_spacing_after":"defaultSpacingAfter"},{"acf_fc_layout":"content_card_pattern_accent","image":4026,"eyebrow":"","title":"<h2>\u00bfListo para refinanciar?<\/h2>","content":"Nuestro equipo est\u00e1 aqu\u00ed para ayudarlo a explorar sus opciones de refinanciamiento y encontrar la mejor soluci\u00f3n para sus necesidades. P\u00f3ngase en contacto con nosotros hoy mismo para hablar de sus objetivos, calcular sus ahorros y dar el primer paso hacia una hipoteca m\u00e1s asequible. ","buttons":[{"button":{"link":{"title":"Cont\u00e1ctenos","url":"\/contact-us","target":""},"button_style":"solid","button_color":"dBlue","opens_modal":false,"video":null}}],"disclaimer":"","module_image_alignment":"imageLeft","module_card_background_color":"cardBackgroundGrey","module_anchor_id":"","module_padding_inner":"paddingInnerBottom","module_spacing_after":"compactSpacingAfter"},{"acf_fc_layout":"accordion","eyebrow":null,"accordion_items":null,"module_anchor_id":null,"module_padding_inner":null,"module_spacing_after":null},{"acf_fc_layout":"location_pre_footer","module_anchor_id":"","module_padding_inner":"noPaddingInner","module_spacing_after":"noSpacingAfter"}]},"yoast_head":"<!-- This site is optimized with the Yoast SEO plugin v27.5 - https:\/\/yoast.com\/product\/yoast-seo-wordpress\/ -->\n<title>Refinanciaci\u00f3n hipotecaria | Banco Colonial Croghan<\/title>\n<meta name=\"description\" content=\"Refinancia con Croghan para reducir tu tipo, acortar el plazo o aprovechar el capital. Evaluaci\u00f3n local y un equipo hipotecario directo \u2014 nada de evasi\u00f3n en un centro de llamadas.\" \/>\n<meta name=\"robots\" content=\"noindex, follow, max-snippet:-1, max-image-preview:large, max-video-preview:-1\" \/>\n<meta property=\"og:locale\" content=\"es_ES\" \/>\n<meta property=\"og:type\" content=\"article\" \/>\n<meta property=\"og:title\" content=\"Refinanciaci\u00f3n hipotecaria | Banco Colonial Croghan\" \/>\n<meta property=\"og:description\" content=\"Refinancia con Croghan para reducir tu tipo, acortar el plazo o aprovechar el capital. Evaluaci\u00f3n local y un equipo hipotecario directo \u2014 nada de evasi\u00f3n en un centro de llamadas.\" \/>\n<meta property=\"og:url\" content=\"https:\/\/api.croghan.bank\/es\/personal\/prestamos-hipotecarios\/refinanciacion\/\" \/>\n<meta property=\"og:site_name\" content=\"Banco Croghan sin cabeza\" \/>\n<meta property=\"article:modified_time\" content=\"2026-04-21T19:43:05+00:00\" \/>\n<meta name=\"twitter:card\" content=\"summary_large_image\" \/>\n<script type=\"application\/ld+json\" class=\"yoast-schema-graph\">{\"@context\":\"https:\\\/\\\/schema.org\",\"@graph\":[{\"@type\":\"WebPage\",\"@id\":\"https:\\\/\\\/api.croghan.bank\\\/es\\\/personal\\\/prestamos-hipotecarios\\\/refinanciacion\\\/\",\"url\":\"https:\\\/\\\/api.croghan.bank\\\/es\\\/personal\\\/prestamos-hipotecarios\\\/refinanciacion\\\/\",\"name\":\"Refinanciaci\u00f3n hipotecaria | Banco Colonial Croghan\",\"isPartOf\":{\"@id\":\"https:\\\/\\\/api.croghan.bank\\\/es\\\/#website\"},\"datePublished\":\"2025-03-27T18:05:52+00:00\",\"dateModified\":\"2026-04-21T19:43:05+00:00\",\"description\":\"Refinancia con Croghan para reducir tu tipo, acortar el plazo o aprovechar el capital. Evaluaci\u00f3n local y un equipo hipotecario directo \u2014 nada de evasi\u00f3n en un centro de llamadas.\",\"breadcrumb\":{\"@id\":\"https:\\\/\\\/api.croghan.bank\\\/es\\\/personal\\\/prestamos-hipotecarios\\\/refinanciacion\\\/#breadcrumb\"},\"inLanguage\":\"es\",\"potentialAction\":[{\"@type\":\"ReadAction\",\"target\":[\"https:\\\/\\\/api.croghan.bank\\\/es\\\/personal\\\/prestamos-hipotecarios\\\/refinanciacion\\\/\"]}]},{\"@type\":\"BreadcrumbList\",\"@id\":\"https:\\\/\\\/api.croghan.bank\\\/es\\\/personal\\\/prestamos-hipotecarios\\\/refinanciacion\\\/#breadcrumb\",\"itemListElement\":[{\"@type\":\"ListItem\",\"position\":1,\"name\":\"Hogar\",\"item\":\"https:\\\/\\\/api.croghan.bank\\\/es\\\/\"},{\"@type\":\"ListItem\",\"position\":2,\"name\":\"Personal\",\"item\":\"https:\\\/\\\/api.croghan.bank\\\/es\\\/personal\\\/\"},{\"@type\":\"ListItem\",\"position\":3,\"name\":\"Pr\u00e9stamos Hipotecarios\",\"item\":\"https:\\\/\\\/api.croghan.bank\\\/es\\\/personal\\\/prestamos-hipotecarios\\\/\"},{\"@type\":\"ListItem\",\"position\":4,\"name\":\"Refinanciaci\u00f3n\"}]},{\"@type\":\"WebSite\",\"@id\":\"https:\\\/\\\/api.croghan.bank\\\/es\\\/#website\",\"url\":\"https:\\\/\\\/api.croghan.bank\\\/es\\\/\",\"name\":\"Banco Croghan sin cabeza\",\"description\":\"\",\"potentialAction\":[{\"@type\":\"SearchAction\",\"target\":{\"@type\":\"EntryPoint\",\"urlTemplate\":\"https:\\\/\\\/api.croghan.bank\\\/es\\\/?s={search_term_string}\"},\"query-input\":{\"@type\":\"PropertyValueSpecification\",\"valueRequired\":true,\"valueName\":\"search_term_string\"}}],\"inLanguage\":\"es\"}]}<\/script>\n<!-- \/ Yoast SEO plugin. -->","yoast_head_json":{"title":"Refinanciaci\u00f3n hipotecaria | Banco Colonial Croghan","description":"Refinancia con Croghan para reducir tu tipo, acortar el plazo o aprovechar el capital. Evaluaci\u00f3n local y un equipo hipotecario directo \u2014 nada de evasi\u00f3n en un centro de llamadas.","robots":{"index":"noindex","follow":"follow","max-snippet":"max-snippet:-1","max-image-preview":"max-image-preview:large","max-video-preview":"max-video-preview:-1"},"og_locale":"es_ES","og_type":"article","og_title":"Refinanciaci\u00f3n hipotecaria | Banco Colonial Croghan","og_description":"Refinancia con Croghan para reducir tu tipo, acortar el plazo o aprovechar el capital. Evaluaci\u00f3n local y un equipo hipotecario directo \u2014 nada de evasi\u00f3n en un centro de llamadas.","og_url":"https:\/\/api.croghan.bank\/es\/personal\/prestamos-hipotecarios\/refinanciacion\/","og_site_name":"Banco Croghan sin cabeza","article_modified_time":"2026-04-21T19:43:05+00:00","twitter_card":"summary_large_image","schema":{"@context":"https:\/\/schema.org","@graph":[{"@type":"WebPage","@id":"https:\/\/api.croghan.bank\/es\/personal\/prestamos-hipotecarios\/refinanciacion\/","url":"https:\/\/api.croghan.bank\/es\/personal\/prestamos-hipotecarios\/refinanciacion\/","name":"Refinanciaci\u00f3n hipotecaria | Banco Colonial Croghan","isPartOf":{"@id":"https:\/\/api.croghan.bank\/es\/#website"},"datePublished":"2025-03-27T18:05:52+00:00","dateModified":"2026-04-21T19:43:05+00:00","description":"Refinancia con Croghan para reducir tu tipo, acortar el plazo o aprovechar el capital. Evaluaci\u00f3n local y un equipo hipotecario directo \u2014 nada de evasi\u00f3n en un centro de llamadas.","breadcrumb":{"@id":"https:\/\/api.croghan.bank\/es\/personal\/prestamos-hipotecarios\/refinanciacion\/#breadcrumb"},"inLanguage":"es","potentialAction":[{"@type":"ReadAction","target":["https:\/\/api.croghan.bank\/es\/personal\/prestamos-hipotecarios\/refinanciacion\/"]}]},{"@type":"BreadcrumbList","@id":"https:\/\/api.croghan.bank\/es\/personal\/prestamos-hipotecarios\/refinanciacion\/#breadcrumb","itemListElement":[{"@type":"ListItem","position":1,"name":"Hogar","item":"https:\/\/api.croghan.bank\/es\/"},{"@type":"ListItem","position":2,"name":"Personal","item":"https:\/\/api.croghan.bank\/es\/personal\/"},{"@type":"ListItem","position":3,"name":"Pr\u00e9stamos Hipotecarios","item":"https:\/\/api.croghan.bank\/es\/personal\/prestamos-hipotecarios\/"},{"@type":"ListItem","position":4,"name":"Refinanciaci\u00f3n"}]},{"@type":"WebSite","@id":"https:\/\/api.croghan.bank\/es\/#website","url":"https:\/\/api.croghan.bank\/es\/","name":"Banco Croghan sin cabeza","description":"","potentialAction":[{"@type":"SearchAction","target":{"@type":"EntryPoint","urlTemplate":"https:\/\/api.croghan.bank\/es\/?s={search_term_string}"},"query-input":{"@type":"PropertyValueSpecification","valueRequired":true,"valueName":"search_term_string"}}],"inLanguage":"es"}]}},"_links":{"self":[{"href":"https:\/\/api.croghan.bank\/es\/wp-json\/wp\/v2\/pages\/4542","targetHints":{"allow":["GET"]}}],"collection":[{"href":"https:\/\/api.croghan.bank\/es\/wp-json\/wp\/v2\/pages"}],"about":[{"href":"https:\/\/api.croghan.bank\/es\/wp-json\/wp\/v2\/types\/page"}],"author":[{"embeddable":true,"href":"https:\/\/api.croghan.bank\/es\/wp-json\/wp\/v2\/users\/1"}],"replies":[{"embeddable":true,"href":"https:\/\/api.croghan.bank\/es\/wp-json\/wp\/v2\/comments?post=4542"}],"version-history":[{"count":1,"href":"https:\/\/api.croghan.bank\/es\/wp-json\/wp\/v2\/pages\/4542\/revisions"}],"predecessor-version":[{"id":7596,"href":"https:\/\/api.croghan.bank\/es\/wp-json\/wp\/v2\/pages\/4542\/revisions\/7596"}],"up":[{"embeddable":true,"href":"https:\/\/api.croghan.bank\/es\/wp-json\/wp\/v2\/pages\/4446"}],"wp:attachment":[{"href":"https:\/\/api.croghan.bank\/es\/wp-json\/wp\/v2\/media?parent=4542"}],"wp:term":[{"taxonomy":"category","embeddable":true,"href":"https:\/\/api.croghan.bank\/es\/wp-json\/wp\/v2\/categories?post=4542"},{"taxonomy":"post_tag","embeddable":true,"href":"https:\/\/api.croghan.bank\/es\/wp-json\/wp\/v2\/tags?post=4542"}],"curies":[{"name":"wp","href":"https:\/\/api.w.org\/{rel}","templated":true}]}}