{"id":4544,"date":"2025-04-10T16:11:51","date_gmt":"2025-04-10T16:11:51","guid":{"rendered":"https:\/\/api.croghan.bank\/recursos\/calculadoras\/calculadora-de-pago-de-deudas\/"},"modified":"2026-04-22T12:42:48","modified_gmt":"2026-04-22T12:42:48","slug":"calculadora-de-pago-de-deudas","status":"publish","type":"page","link":"https:\/\/api.croghan.bank\/es\/recursos\/calculadoras\/calculadora-de-pago-de-deudas\/","title":{"rendered":"Calculadora de pago de deudas"},"content":{"rendered":"","protected":false},"excerpt":{"rendered":"","protected":false},"author":1,"featured_media":0,"parent":4426,"menu_order":0,"comment_status":"closed","ping_status":"closed","template":"","meta":{"_acf_changed":false,"inline_featured_image":false,"footnotes":""},"categories":[],"tags":[],"class_list":["post-4544","page","type-page","status-publish","hentry"],"acf":{"modules":[{"acf_fc_layout":"bread_crumb_nav_hero","title":"<h1>Calculadora de pago de deudas<\/h1>","subtitle":"","content":"Consolidar su deuda es solo la mitad de la batalla. Todav\u00eda necesita un plan para pagar su deuda en su totalidad. Esta calculadora puede mostrarle c\u00f3mo acelerar el pago de su deuda. El proceso es sencillo; Simplemente aplique una parte de los ahorros del pago mensual de su pr\u00e9stamo consolidado al saldo del pr\u00e9stamo consolidado. \u00a1Puede ahorrar cientos, incluso miles de d\u00f3lares en intereses y reducir a\u00f1os de su pr\u00e9stamo!    ","buttons":[{"button":{"link":{"title":"Cont\u00e1ctenos","url":"\/contact-us","target":""},"button_style":"solid","button_color":"blue","opens_modal":false,"video":null}}],"module_anchor_id":"","module_padding_inner":"noPaddingInner","module_spacing_after":"defaultSpacingAfter"},{"acf_fc_layout":"basic_content","content":"<div id=\"KJEAllContent\"><\/div>\n<script type=\"text\/javascript\" src=\"\/calculator\/KJE.js\"><\/script>\n<script type=\"text\/javascript\" src=\"\/calculator\/KJESiteSpecific.js\"><\/script>\n<script type=\"text\/javascript\" src=\"\/calculator\/DebtAccel.js\"><\/script>\n<script type=\"text\/javascript\" src=\"\/calculator\/DebtAccelParams.js\"><\/script>","module_background_color":"white","module_anchor_id":"","module_padding_inner":"noPaddingInner","module_spacing_after":"defaultSpacingAfter"}]},"yoast_head":"<!-- This site is optimized with the Yoast SEO plugin v27.5 - https:\/\/yoast.com\/product\/yoast-seo-wordpress\/ -->\n<title>Calculadora de Pago de Deudas | Banco Colonial Croghan<\/title>\n<meta name=\"description\" content=\"Crea un plan de liquidaci\u00f3n con la calculadora de liquidaci\u00f3n de deudas de Croghan. Descubre c\u00f3mo los pagos extra acortan tu plazo y reducen los intereses de tarjetas de cr\u00e9dito y pr\u00e9stamos.\" \/>\n<meta name=\"robots\" content=\"noindex, follow, max-snippet:-1, max-image-preview:large, max-video-preview:-1\" \/>\n<meta property=\"og:locale\" content=\"es_ES\" \/>\n<meta property=\"og:type\" content=\"article\" \/>\n<meta property=\"og:title\" content=\"Calculadora de Pago de Deudas | Banco Colonial Croghan\" \/>\n<meta property=\"og:description\" content=\"Crea un plan de liquidaci\u00f3n con la calculadora de liquidaci\u00f3n de deudas de Croghan. Descubre c\u00f3mo los pagos extra acortan tu plazo y reducen los intereses de tarjetas de cr\u00e9dito y pr\u00e9stamos.\" \/>\n<meta property=\"og:url\" content=\"https:\/\/api.croghan.bank\/es\/recursos\/calculadoras\/calculadora-de-pago-de-deudas\/\" \/>\n<meta property=\"og:site_name\" content=\"Banco Croghan sin cabeza\" \/>\n<meta property=\"article:modified_time\" content=\"2026-04-22T12:42:48+00:00\" \/>\n<meta name=\"twitter:card\" content=\"summary_large_image\" \/>\n<script type=\"application\/ld+json\" class=\"yoast-schema-graph\">{\"@context\":\"https:\\\/\\\/schema.org\",\"@graph\":[{\"@type\":\"WebPage\",\"@id\":\"https:\\\/\\\/api.croghan.bank\\\/es\\\/recursos\\\/calculadoras\\\/calculadora-de-pago-de-deudas\\\/\",\"url\":\"https:\\\/\\\/api.croghan.bank\\\/es\\\/recursos\\\/calculadoras\\\/calculadora-de-pago-de-deudas\\\/\",\"name\":\"Calculadora de Pago de Deudas | Banco Colonial Croghan\",\"isPartOf\":{\"@id\":\"https:\\\/\\\/api.croghan.bank\\\/es\\\/#website\"},\"datePublished\":\"2025-04-10T16:11:51+00:00\",\"dateModified\":\"2026-04-22T12:42:48+00:00\",\"description\":\"Crea un plan de liquidaci\u00f3n con la calculadora de liquidaci\u00f3n de deudas de Croghan. Descubre c\u00f3mo los pagos extra acortan tu plazo y reducen los intereses de tarjetas de cr\u00e9dito y pr\u00e9stamos.\",\"breadcrumb\":{\"@id\":\"https:\\\/\\\/api.croghan.bank\\\/es\\\/recursos\\\/calculadoras\\\/calculadora-de-pago-de-deudas\\\/#breadcrumb\"},\"inLanguage\":\"es\",\"potentialAction\":[{\"@type\":\"ReadAction\",\"target\":[\"https:\\\/\\\/api.croghan.bank\\\/es\\\/recursos\\\/calculadoras\\\/calculadora-de-pago-de-deudas\\\/\"]}]},{\"@type\":\"BreadcrumbList\",\"@id\":\"https:\\\/\\\/api.croghan.bank\\\/es\\\/recursos\\\/calculadoras\\\/calculadora-de-pago-de-deudas\\\/#breadcrumb\",\"itemListElement\":[{\"@type\":\"ListItem\",\"position\":1,\"name\":\"Hogar\",\"item\":\"https:\\\/\\\/api.croghan.bank\\\/es\\\/\"},{\"@type\":\"ListItem\",\"position\":2,\"name\":\"Recursos\",\"item\":\"https:\\\/\\\/api.croghan.bank\\\/es\\\/recursos\\\/\"},{\"@type\":\"ListItem\",\"position\":3,\"name\":\"Calculadoras\",\"item\":\"https:\\\/\\\/api.croghan.bank\\\/es\\\/recursos\\\/calculadoras\\\/\"},{\"@type\":\"ListItem\",\"position\":4,\"name\":\"Calculadora de pago de deudas\"}]},{\"@type\":\"WebSite\",\"@id\":\"https:\\\/\\\/api.croghan.bank\\\/es\\\/#website\",\"url\":\"https:\\\/\\\/api.croghan.bank\\\/es\\\/\",\"name\":\"Banco Croghan sin cabeza\",\"description\":\"\",\"potentialAction\":[{\"@type\":\"SearchAction\",\"target\":{\"@type\":\"EntryPoint\",\"urlTemplate\":\"https:\\\/\\\/api.croghan.bank\\\/es\\\/?s={search_term_string}\"},\"query-input\":{\"@type\":\"PropertyValueSpecification\",\"valueRequired\":true,\"valueName\":\"search_term_string\"}}],\"inLanguage\":\"es\"}]}<\/script>\n<!-- \/ Yoast SEO plugin. -->","yoast_head_json":{"title":"Calculadora de Pago de Deudas | Banco Colonial Croghan","description":"Crea un plan de liquidaci\u00f3n con la calculadora de liquidaci\u00f3n de deudas de Croghan. Descubre c\u00f3mo los pagos extra acortan tu plazo y reducen los intereses de tarjetas de cr\u00e9dito y pr\u00e9stamos.","robots":{"index":"noindex","follow":"follow","max-snippet":"max-snippet:-1","max-image-preview":"max-image-preview:large","max-video-preview":"max-video-preview:-1"},"og_locale":"es_ES","og_type":"article","og_title":"Calculadora de Pago de Deudas | Banco Colonial Croghan","og_description":"Crea un plan de liquidaci\u00f3n con la calculadora de liquidaci\u00f3n de deudas de Croghan. Descubre c\u00f3mo los pagos extra acortan tu plazo y reducen los intereses de tarjetas de cr\u00e9dito y pr\u00e9stamos.","og_url":"https:\/\/api.croghan.bank\/es\/recursos\/calculadoras\/calculadora-de-pago-de-deudas\/","og_site_name":"Banco Croghan sin cabeza","article_modified_time":"2026-04-22T12:42:48+00:00","twitter_card":"summary_large_image","schema":{"@context":"https:\/\/schema.org","@graph":[{"@type":"WebPage","@id":"https:\/\/api.croghan.bank\/es\/recursos\/calculadoras\/calculadora-de-pago-de-deudas\/","url":"https:\/\/api.croghan.bank\/es\/recursos\/calculadoras\/calculadora-de-pago-de-deudas\/","name":"Calculadora de Pago de Deudas | Banco Colonial Croghan","isPartOf":{"@id":"https:\/\/api.croghan.bank\/es\/#website"},"datePublished":"2025-04-10T16:11:51+00:00","dateModified":"2026-04-22T12:42:48+00:00","description":"Crea un plan de liquidaci\u00f3n con la calculadora de liquidaci\u00f3n de deudas de Croghan. Descubre c\u00f3mo los pagos extra acortan tu plazo y reducen los intereses de tarjetas de cr\u00e9dito y pr\u00e9stamos.","breadcrumb":{"@id":"https:\/\/api.croghan.bank\/es\/recursos\/calculadoras\/calculadora-de-pago-de-deudas\/#breadcrumb"},"inLanguage":"es","potentialAction":[{"@type":"ReadAction","target":["https:\/\/api.croghan.bank\/es\/recursos\/calculadoras\/calculadora-de-pago-de-deudas\/"]}]},{"@type":"BreadcrumbList","@id":"https:\/\/api.croghan.bank\/es\/recursos\/calculadoras\/calculadora-de-pago-de-deudas\/#breadcrumb","itemListElement":[{"@type":"ListItem","position":1,"name":"Hogar","item":"https:\/\/api.croghan.bank\/es\/"},{"@type":"ListItem","position":2,"name":"Recursos","item":"https:\/\/api.croghan.bank\/es\/recursos\/"},{"@type":"ListItem","position":3,"name":"Calculadoras","item":"https:\/\/api.croghan.bank\/es\/recursos\/calculadoras\/"},{"@type":"ListItem","position":4,"name":"Calculadora de pago de deudas"}]},{"@type":"WebSite","@id":"https:\/\/api.croghan.bank\/es\/#website","url":"https:\/\/api.croghan.bank\/es\/","name":"Banco Croghan sin cabeza","description":"","potentialAction":[{"@type":"SearchAction","target":{"@type":"EntryPoint","urlTemplate":"https:\/\/api.croghan.bank\/es\/?s={search_term_string}"},"query-input":{"@type":"PropertyValueSpecification","valueRequired":true,"valueName":"search_term_string"}}],"inLanguage":"es"}]}},"_links":{"self":[{"href":"https:\/\/api.croghan.bank\/es\/wp-json\/wp\/v2\/pages\/4544","targetHints":{"allow":["GET"]}}],"collection":[{"href":"https:\/\/api.croghan.bank\/es\/wp-json\/wp\/v2\/pages"}],"about":[{"href":"https:\/\/api.croghan.bank\/es\/wp-json\/wp\/v2\/types\/page"}],"author":[{"embeddable":true,"href":"https:\/\/api.croghan.bank\/es\/wp-json\/wp\/v2\/users\/1"}],"replies":[{"embeddable":true,"href":"https:\/\/api.croghan.bank\/es\/wp-json\/wp\/v2\/comments?post=4544"}],"version-history":[{"count":1,"href":"https:\/\/api.croghan.bank\/es\/wp-json\/wp\/v2\/pages\/4544\/revisions"}],"predecessor-version":[{"id":7629,"href":"https:\/\/api.croghan.bank\/es\/wp-json\/wp\/v2\/pages\/4544\/revisions\/7629"}],"up":[{"embeddable":true,"href":"https:\/\/api.croghan.bank\/es\/wp-json\/wp\/v2\/pages\/4426"}],"wp:attachment":[{"href":"https:\/\/api.croghan.bank\/es\/wp-json\/wp\/v2\/media?parent=4544"}],"wp:term":[{"taxonomy":"category","embeddable":true,"href":"https:\/\/api.croghan.bank\/es\/wp-json\/wp\/v2\/categories?post=4544"},{"taxonomy":"post_tag","embeddable":true,"href":"https:\/\/api.croghan.bank\/es\/wp-json\/wp\/v2\/tags?post=4544"}],"curies":[{"name":"wp","href":"https:\/\/api.w.org\/{rel}","templated":true}]}}