{"id":4547,"date":"2025-03-18T17:46:46","date_gmt":"2025-03-18T17:46:46","guid":{"rendered":"https:\/\/api.croghan.bank\/negocio\/cuentas-corrientes\/suite-de-negocios-digitales\/"},"modified":"2026-04-21T19:43:02","modified_gmt":"2026-04-21T19:43:02","slug":"suite-de-negocios-digitales","status":"publish","type":"page","link":"https:\/\/api.croghan.bank\/es\/negocio\/cuentas-corrientes\/suite-de-negocios-digitales\/","title":{"rendered":"Suite de Negocios Digitales"},"content":{"rendered":"","protected":false},"excerpt":{"rendered":"","protected":false},"author":1,"featured_media":0,"parent":4529,"menu_order":0,"comment_status":"closed","ping_status":"closed","template":"","meta":{"_acf_changed":false,"inline_featured_image":false,"footnotes":""},"categories":[],"tags":[],"class_list":["post-4547","page","type-page","status-publish","hentry"],"acf":{"modules":[{"acf_fc_layout":"bread_crumb_nav_hero","title":"<h1>$uite de negocios digitales<\/h1>","subtitle":"","content":"Nuestra cuenta Digital Business Suite est\u00e1 dise\u00f1ada para empresas que buscan una experiencia bancaria sencilla y flexible con tarifas bajas. Incluye todas las herramientas necesarias para administrar sus finanzas de manera efectiva. Esta cuenta es ideal para empresas que tienen un bajo volumen de transacciones.  ","buttons":[{"button":{"link":{"title":"Cont\u00e1ctenos","url":"\/contact-us","target":""},"button_style":"solid","button_color":"dBlue","opens_modal":false,"video":null}}],"module_anchor_id":"","module_padding_inner":"noPaddingInner","module_spacing_after":"defaultSpacingAfter"},{"acf_fc_layout":"floating_cards","eyebrow":"","title":"<h2>Caracter\u00edsticas y beneficios del $uite de negocios digitales<\/h2>","content":"Esta cuenta est\u00e1 dise\u00f1ada para peque\u00f1as empresas con necesidades moderadas de administraci\u00f3n de efectivo.","buttons":null,"cards_alignment":"cardsRight","card_style_type":"cardTypeBasic","floating_cards":[{"icon":"","icon_dark_mode":"","eyebrow":"","title":"<div class=\"default_title__9Lnvp \">\n<h3>Acceso conveniente<\/h3>\n<\/div>\n<div class=\"default_description__gu3bn\">\n\n\u00a0\n\n<\/div>","description":"Administre su cuenta en cualquier momento y en cualquier lugar con la banca en l\u00ednea y m\u00f3vil.","image":null,"link":null},{"icon":"","icon_dark_mode":"","eyebrow":"","title":"<div class=\"default_title__9Lnvp \">\n<h3>Alertas personalizables<\/h3>\n<\/div>","description":"Mantente al tanto de las transacciones y la actividad de la cuenta.","image":null,"link":null},{"icon":"","icon_dark_mode":"","eyebrow":"","title":"<div class=\"default_title__9Lnvp \">\n<h3>Pago gratuito de facturas comerciales<\/h3>\n<\/div>","description":"La comodidad de pagar sus facturas y realizar un seguimiento de sus pagos, todo desde un solo sitio web.","image":null,"link":null}],"module_background_style":"accentTriangle","module_anchor_id":"","module_padding_inner":"noPaddingInner","module_spacing_after":"defaultSpacingAfter"},{"acf_fc_layout":"fifty_fifty_table_and_image","image":3762,"title":"<h2>Detalles de la cuenta<\/h2>","content_above_table":"","table_layout_columns":"tableTwoColumns","table_formatting_bold":"boldFirstColumn","table_2_column":[{"column_1":"M\u00ednimo para abrir:","column_2":"$20.00"},{"column_1":"Cargo mensual por servicio:","column_2":"$5.00 (renunciable con la inscripci\u00f3n en el estado de cuenta electr\u00f3nico)"},{"column_1":"Transacciones:","column_2":"Hasta 20 transacciones en papel** por mes sin cargo, $0.50 por transacci\u00f3n despu\u00e9s."},{"column_1":"Banca en l\u00ednea:","column_2":"Incluye funciones como Consulta, Ver, Transferir y Exportar sin cargo."},{"column_1":"Aplicaci\u00f3n de Banca M\u00f3vil:","column_2":"Administre su cuenta sobre la marcha."},{"column_1":"Dep\u00f3sito M\u00f3vil:","column_2":"Hasta 25 art\u00edculos al mes."},{"column_1":"Pago de facturas comerciales:","column_2":"Sin cargo."},{"column_1":"Tarjeta de Cr\u00e9dito Comercial***:","column_2":"L\u00edmites diarios personalizables por empleado."}],"table_3_column":null,"table_4_column":null,"table_5_column":null,"content_below_table":"<em>**Las transacciones en papel incluyen: cheques en papel emitidos, cheques en papel enviados a trav\u00e9s de Pago de facturas, cheques en papel depositados en el mostrador del cajero o a trav\u00e9s de la Captura Remota de Dep\u00f3sitos, y boletos de dep\u00f3sito en papel.  <\/em>","module_background_color":"white","module_image_alignment":"imageRight","module_anchor_id":"","module_padding_inner":"noPaddingInner","module_spacing_after":"defaultSpacingAfter"},{"acf_fc_layout":"floating_cards","eyebrow":"","title":"<h2>Lo que puedes esperar de Croghan<\/h2>","content":"Cuando eliges Digital Business Suite, te est\u00e1s asociando con un banco local y de confianza que entiende las necesidades de tu negocio.","buttons":null,"cards_alignment":"cardsLeft","card_style_type":"cardTypeBasic","floating_cards":[{"icon":3675,"icon_dark_mode":4352,"eyebrow":"","title":"<h3>Banca transparente y sencilla<\/h3>","description":"Creemos en mantener las cosas simples. Con Digital Business Suite, obtienes todas las herramientas y funciones que necesitas para administrar tus finanzas, adem\u00e1s de detalles claros y directos, sin tarifas ocultas ni t\u00e9rminos complicados. ","image":null,"link":null},{"icon":3719,"icon_dark_mode":4354,"eyebrow":"","title":"<h3>Soporte Personalizado<\/h3>","description":"En Croghan, nos enorgullecemos de ofrecer un servicio personalizado a cada cliente. Nuestro equipo dedicado est\u00e1 aqu\u00ed para respaldar su negocio y asegurarse de que tenga todo lo que necesita para tener \u00e9xito. ","image":null,"link":null},{"icon":3707,"icon_dark_mode":4353,"eyebrow":"","title":"<h3>Acceso conveniente en cualquier momento<\/h3>","description":"Administre su cuenta cuando y donde sea conveniente para usted. Con la banca en l\u00ednea y m\u00f3vil, puede ver saldos, transferir fondos, hacer dep\u00f3sitos y realizar un seguimiento de su actividad, todo desde su tel\u00e9fono, tableta o computadora. ","image":null,"link":null}],"module_background_style":"accentTriangle","module_anchor_id":"","module_padding_inner":"noPaddingInner","module_spacing_after":"noSpacingAfter"},{"acf_fc_layout":"content_card_pattern_accent","image":3763,"eyebrow":"","title":"<h2>Abra su cuenta de Digital Business Suite hoy mismo<\/h2>","content":"Toma el control de las finanzas de tu negocio con una cuenta dise\u00f1ada para la flexibilidad y la comodidad. Ll\u00e1menos o visite la sucursal de Croghan Colonial Bank m\u00e1s cercana para comenzar. Nuestro equipo est\u00e1 aqu\u00ed para guiarlo a trav\u00e9s del proceso y asegurarse de que su cuenta funcione para su negocio.  ","buttons":[{"button":{"link":{"title":"Ll\u00e1manos","url":"tel:8882764426","target":""},"button_style":"solid","button_color":"dBlue","opens_modal":false,"video":null}},{"button":{"link":{"title":"Buscar una ubicaci\u00f3n","url":"\/locations","target":""},"button_style":"outlined","button_color":"dBlue","opens_modal":false,"video":null}}],"disclaimer":"","module_image_alignment":"imageLeft","module_card_background_color":"cardBackgroundGrey","module_anchor_id":"","module_padding_inner":"noPaddingInner","module_spacing_after":"defaultSpacingAfter"},{"acf_fc_layout":"accordion","eyebrow":null,"accordion_items":null,"module_anchor_id":null,"module_padding_inner":null,"module_spacing_after":null},{"acf_fc_layout":"location_pre_footer","module_anchor_id":"","module_padding_inner":"noPaddingInner","module_spacing_after":"noSpacingAfter"}]},"yoast_head":"<!-- This site is optimized with the Yoast SEO plugin v27.5 - https:\/\/yoast.com\/product\/yoast-seo-wordpress\/ -->\n<title>Cuenta corriente empresarial | Negocios digitales $uite | Croghan<\/title>\n<meta name=\"description\" content=\"Nuestra cuenta corriente digital $uite de negocios est\u00e1 dise\u00f1ada para peque\u00f1as empresas: cuota mensual baja, dep\u00f3sito m\u00f3vil gratuito y herramientas de gesti\u00f3n de caja diaria.\" \/>\n<meta name=\"robots\" content=\"noindex, follow, max-snippet:-1, max-image-preview:large, max-video-preview:-1\" \/>\n<meta property=\"og:locale\" content=\"es_ES\" \/>\n<meta property=\"og:type\" content=\"article\" \/>\n<meta property=\"og:title\" content=\"Cuenta corriente empresarial | Negocios digitales $uite | Croghan\" \/>\n<meta property=\"og:description\" content=\"Nuestra cuenta corriente digital $uite de negocios est\u00e1 dise\u00f1ada para peque\u00f1as empresas: cuota mensual baja, dep\u00f3sito m\u00f3vil gratuito y herramientas de gesti\u00f3n de caja diaria.\" \/>\n<meta property=\"og:url\" content=\"https:\/\/api.croghan.bank\/es\/negocio\/cuentas-corrientes\/suite-de-negocios-digitales\/\" \/>\n<meta property=\"og:site_name\" content=\"Banco Croghan sin cabeza\" \/>\n<meta property=\"article:modified_time\" content=\"2026-04-21T19:43:02+00:00\" \/>\n<meta name=\"twitter:card\" content=\"summary_large_image\" \/>\n<script type=\"application\/ld+json\" class=\"yoast-schema-graph\">{\"@context\":\"https:\\\/\\\/schema.org\",\"@graph\":[{\"@type\":\"WebPage\",\"@id\":\"https:\\\/\\\/api.croghan.bank\\\/es\\\/negocio\\\/cuentas-corrientes\\\/suite-de-negocios-digitales\\\/\",\"url\":\"https:\\\/\\\/api.croghan.bank\\\/es\\\/negocio\\\/cuentas-corrientes\\\/suite-de-negocios-digitales\\\/\",\"name\":\"Cuenta corriente empresarial | Negocios digitales $uite | Croghan\",\"isPartOf\":{\"@id\":\"https:\\\/\\\/api.croghan.bank\\\/es\\\/#website\"},\"datePublished\":\"2025-03-18T17:46:46+00:00\",\"dateModified\":\"2026-04-21T19:43:02+00:00\",\"description\":\"Nuestra cuenta corriente digital $uite de negocios est\u00e1 dise\u00f1ada para peque\u00f1as empresas: cuota mensual baja, dep\u00f3sito m\u00f3vil gratuito y herramientas de gesti\u00f3n de caja diaria.\",\"breadcrumb\":{\"@id\":\"https:\\\/\\\/api.croghan.bank\\\/es\\\/negocio\\\/cuentas-corrientes\\\/suite-de-negocios-digitales\\\/#breadcrumb\"},\"inLanguage\":\"es\",\"potentialAction\":[{\"@type\":\"ReadAction\",\"target\":[\"https:\\\/\\\/api.croghan.bank\\\/es\\\/negocio\\\/cuentas-corrientes\\\/suite-de-negocios-digitales\\\/\"]}]},{\"@type\":\"BreadcrumbList\",\"@id\":\"https:\\\/\\\/api.croghan.bank\\\/es\\\/negocio\\\/cuentas-corrientes\\\/suite-de-negocios-digitales\\\/#breadcrumb\",\"itemListElement\":[{\"@type\":\"ListItem\",\"position\":1,\"name\":\"Hogar\",\"item\":\"https:\\\/\\\/api.croghan.bank\\\/es\\\/\"},{\"@type\":\"ListItem\",\"position\":2,\"name\":\"Negocio\",\"item\":\"https:\\\/\\\/api.croghan.bank\\\/es\\\/negocio\\\/\"},{\"@type\":\"ListItem\",\"position\":3,\"name\":\"Cuentas Corrientes\",\"item\":\"https:\\\/\\\/api.croghan.bank\\\/es\\\/negocio\\\/cuentas-corrientes\\\/\"},{\"@type\":\"ListItem\",\"position\":4,\"name\":\"Suite de Negocios Digitales\"}]},{\"@type\":\"WebSite\",\"@id\":\"https:\\\/\\\/api.croghan.bank\\\/es\\\/#website\",\"url\":\"https:\\\/\\\/api.croghan.bank\\\/es\\\/\",\"name\":\"Banco Croghan sin cabeza\",\"description\":\"\",\"potentialAction\":[{\"@type\":\"SearchAction\",\"target\":{\"@type\":\"EntryPoint\",\"urlTemplate\":\"https:\\\/\\\/api.croghan.bank\\\/es\\\/?s={search_term_string}\"},\"query-input\":{\"@type\":\"PropertyValueSpecification\",\"valueRequired\":true,\"valueName\":\"search_term_string\"}}],\"inLanguage\":\"es\"}]}<\/script>\n<!-- \/ Yoast SEO plugin. -->","yoast_head_json":{"title":"Cuenta corriente empresarial | Negocios digitales $uite | Croghan","description":"Nuestra cuenta corriente digital $uite de negocios est\u00e1 dise\u00f1ada para peque\u00f1as empresas: cuota mensual baja, dep\u00f3sito m\u00f3vil gratuito y herramientas de gesti\u00f3n de caja diaria.","robots":{"index":"noindex","follow":"follow","max-snippet":"max-snippet:-1","max-image-preview":"max-image-preview:large","max-video-preview":"max-video-preview:-1"},"og_locale":"es_ES","og_type":"article","og_title":"Cuenta corriente empresarial | Negocios digitales $uite | Croghan","og_description":"Nuestra cuenta corriente digital $uite de negocios est\u00e1 dise\u00f1ada para peque\u00f1as empresas: cuota mensual baja, dep\u00f3sito m\u00f3vil gratuito y herramientas de gesti\u00f3n de caja diaria.","og_url":"https:\/\/api.croghan.bank\/es\/negocio\/cuentas-corrientes\/suite-de-negocios-digitales\/","og_site_name":"Banco Croghan sin cabeza","article_modified_time":"2026-04-21T19:43:02+00:00","twitter_card":"summary_large_image","schema":{"@context":"https:\/\/schema.org","@graph":[{"@type":"WebPage","@id":"https:\/\/api.croghan.bank\/es\/negocio\/cuentas-corrientes\/suite-de-negocios-digitales\/","url":"https:\/\/api.croghan.bank\/es\/negocio\/cuentas-corrientes\/suite-de-negocios-digitales\/","name":"Cuenta corriente empresarial | Negocios digitales $uite | Croghan","isPartOf":{"@id":"https:\/\/api.croghan.bank\/es\/#website"},"datePublished":"2025-03-18T17:46:46+00:00","dateModified":"2026-04-21T19:43:02+00:00","description":"Nuestra cuenta corriente digital $uite de negocios est\u00e1 dise\u00f1ada para peque\u00f1as empresas: cuota mensual baja, dep\u00f3sito m\u00f3vil gratuito y herramientas de gesti\u00f3n de caja diaria.","breadcrumb":{"@id":"https:\/\/api.croghan.bank\/es\/negocio\/cuentas-corrientes\/suite-de-negocios-digitales\/#breadcrumb"},"inLanguage":"es","potentialAction":[{"@type":"ReadAction","target":["https:\/\/api.croghan.bank\/es\/negocio\/cuentas-corrientes\/suite-de-negocios-digitales\/"]}]},{"@type":"BreadcrumbList","@id":"https:\/\/api.croghan.bank\/es\/negocio\/cuentas-corrientes\/suite-de-negocios-digitales\/#breadcrumb","itemListElement":[{"@type":"ListItem","position":1,"name":"Hogar","item":"https:\/\/api.croghan.bank\/es\/"},{"@type":"ListItem","position":2,"name":"Negocio","item":"https:\/\/api.croghan.bank\/es\/negocio\/"},{"@type":"ListItem","position":3,"name":"Cuentas Corrientes","item":"https:\/\/api.croghan.bank\/es\/negocio\/cuentas-corrientes\/"},{"@type":"ListItem","position":4,"name":"Suite de Negocios Digitales"}]},{"@type":"WebSite","@id":"https:\/\/api.croghan.bank\/es\/#website","url":"https:\/\/api.croghan.bank\/es\/","name":"Banco Croghan sin cabeza","description":"","potentialAction":[{"@type":"SearchAction","target":{"@type":"EntryPoint","urlTemplate":"https:\/\/api.croghan.bank\/es\/?s={search_term_string}"},"query-input":{"@type":"PropertyValueSpecification","valueRequired":true,"valueName":"search_term_string"}}],"inLanguage":"es"}]}},"_links":{"self":[{"href":"https:\/\/api.croghan.bank\/es\/wp-json\/wp\/v2\/pages\/4547","targetHints":{"allow":["GET"]}}],"collection":[{"href":"https:\/\/api.croghan.bank\/es\/wp-json\/wp\/v2\/pages"}],"about":[{"href":"https:\/\/api.croghan.bank\/es\/wp-json\/wp\/v2\/types\/page"}],"author":[{"embeddable":true,"href":"https:\/\/api.croghan.bank\/es\/wp-json\/wp\/v2\/users\/1"}],"replies":[{"embeddable":true,"href":"https:\/\/api.croghan.bank\/es\/wp-json\/wp\/v2\/comments?post=4547"}],"version-history":[{"count":1,"href":"https:\/\/api.croghan.bank\/es\/wp-json\/wp\/v2\/pages\/4547\/revisions"}],"predecessor-version":[{"id":7591,"href":"https:\/\/api.croghan.bank\/es\/wp-json\/wp\/v2\/pages\/4547\/revisions\/7591"}],"up":[{"embeddable":true,"href":"https:\/\/api.croghan.bank\/es\/wp-json\/wp\/v2\/pages\/4529"}],"wp:attachment":[{"href":"https:\/\/api.croghan.bank\/es\/wp-json\/wp\/v2\/media?parent=4547"}],"wp:term":[{"taxonomy":"category","embeddable":true,"href":"https:\/\/api.croghan.bank\/es\/wp-json\/wp\/v2\/categories?post=4547"},{"taxonomy":"post_tag","embeddable":true,"href":"https:\/\/api.croghan.bank\/es\/wp-json\/wp\/v2\/tags?post=4547"}],"curies":[{"name":"wp","href":"https:\/\/api.w.org\/{rel}","templated":true}]}}