{"id":4549,"date":"2025-03-20T13:02:36","date_gmt":"2025-03-20T13:02:36","guid":{"rendered":"https:\/\/api.croghan.bank\/contactenos\/gracias\/"},"modified":"2026-01-27T16:11:54","modified_gmt":"2026-01-27T16:11:54","slug":"gracias","status":"publish","type":"page","link":"https:\/\/api.croghan.bank\/es\/contactenos\/gracias\/","title":{"rendered":"Gracias"},"content":{"rendered":"","protected":false},"excerpt":{"rendered":"","protected":false},"author":1,"featured_media":0,"parent":4545,"menu_order":0,"comment_status":"closed","ping_status":"closed","template":"","meta":{"_acf_changed":false,"inline_featured_image":false,"footnotes":""},"categories":[54],"tags":[],"class_list":["post-4549","page","type-page","status-publish","hentry","category-contactenos"],"acf":{"modules":[{"acf_fc_layout":"bread_crumb_nav_hero","title":"<h1>\u00a1Gracias por contactarnos!<\/h1>","subtitle":"","content":"Le agradecemos que se tome el tiempo de ponerse en contacto con nosotros. Su presentaci\u00f3n ha sido recibida y un miembro de nuestro equipo responder\u00e1 a su consulta lo antes posible. Por lo general, puede esperar recibir una respuesta nuestra dentro de 1 o 2 d\u00edas h\u00e1biles.  ","buttons":null,"module_anchor_id":"","module_padding_inner":"noPaddingInner","module_spacing_after":"compactSpacingAfter"},{"acf_fc_layout":"content_and_cards_row","title":"<h2>Explora nuestros servicios<\/h2>","content":"Mientras est\u00e9 aqu\u00ed, no dude en explorar m\u00e1s sobre c\u00f3mo Croghan Colonial Bank puede respaldar sus objetivos financieros. Echa un vistazo a estos recursos \u00fatiles: ","cards_row":[{"icon":3685,"icon_dark_mode":null,"eyebrow":"","title":"<h3>Noticias de Croghan<\/h3>","content":"Mant\u00e9ngase actualizado con las \u00faltimas noticias y anuncios de Croghan Colonial Bank.","link":{"title":"Leer art\u00edculos","url":"\/about-us\/news","target":""}},{"icon":3698,"icon_dark_mode":null,"eyebrow":"","title":"<h3>Relaciones con inversores<\/h3>","content":"Acceda a informaci\u00f3n importante para accionistas e inversores.","link":{"title":"Aprende m\u00e1s","url":"\/about-us\/investor-relations","target":""}},{"icon":3686,"icon_dark_mode":null,"eyebrow":"","title":"<h3>Centro Educativo<\/h3>","content":"Obtenga m\u00e1s informaci\u00f3n sobre temas y servicios financieros.","link":{"title":"Aprende m\u00e1s","url":"\/resources\/education-center","target":""}}],"module_stacked_rows":false,"module_upper-half_background_color":"blue","module_lower-half_background_color":"white","module_anchor_id":"","module_padding_inner":"noPaddingInner","module_spacing_after":"defaultSpacingAfter"},{"acf_fc_layout":"location_pre_footer","module_anchor_id":"","module_padding_inner":"noPaddingInner","module_spacing_after":"defaultSpacingAfter"}]},"yoast_head":"<!-- This site is optimized with the Yoast SEO plugin v27.5 - https:\/\/yoast.com\/product\/yoast-seo-wordpress\/ -->\n<title>Gracias - Banco Croghan sin cabeza<\/title>\n<meta name=\"robots\" content=\"noindex, follow, max-snippet:-1, max-image-preview:large, max-video-preview:-1\" \/>\n<meta property=\"og:locale\" content=\"es_ES\" \/>\n<meta property=\"og:type\" content=\"article\" \/>\n<meta property=\"og:title\" content=\"Gracias - Banco Croghan sin cabeza\" \/>\n<meta property=\"og:url\" content=\"https:\/\/api.croghan.bank\/es\/contactenos\/gracias\/\" \/>\n<meta property=\"og:site_name\" content=\"Banco Croghan sin cabeza\" \/>\n<meta property=\"article:modified_time\" content=\"2026-01-27T16:11:54+00:00\" \/>\n<meta name=\"twitter:card\" content=\"summary_large_image\" \/>\n<script type=\"application\/ld+json\" class=\"yoast-schema-graph\">{\"@context\":\"https:\\\/\\\/schema.org\",\"@graph\":[{\"@type\":\"WebPage\",\"@id\":\"https:\\\/\\\/api.croghan.bank\\\/es\\\/contactenos\\\/gracias\\\/\",\"url\":\"https:\\\/\\\/api.croghan.bank\\\/es\\\/contactenos\\\/gracias\\\/\",\"name\":\"Gracias - Banco Croghan sin cabeza\",\"isPartOf\":{\"@id\":\"https:\\\/\\\/api.croghan.bank\\\/es\\\/#website\"},\"datePublished\":\"2025-03-20T13:02:36+00:00\",\"dateModified\":\"2026-01-27T16:11:54+00:00\",\"breadcrumb\":{\"@id\":\"https:\\\/\\\/api.croghan.bank\\\/es\\\/contactenos\\\/gracias\\\/#breadcrumb\"},\"inLanguage\":\"es\",\"potentialAction\":[{\"@type\":\"ReadAction\",\"target\":[\"https:\\\/\\\/api.croghan.bank\\\/es\\\/contactenos\\\/gracias\\\/\"]}]},{\"@type\":\"BreadcrumbList\",\"@id\":\"https:\\\/\\\/api.croghan.bank\\\/es\\\/contactenos\\\/gracias\\\/#breadcrumb\",\"itemListElement\":[{\"@type\":\"ListItem\",\"position\":1,\"name\":\"Hogar\",\"item\":\"https:\\\/\\\/api.croghan.bank\\\/es\\\/\"},{\"@type\":\"ListItem\",\"position\":2,\"name\":\"Cont\u00e1ctenos\",\"item\":\"https:\\\/\\\/api.croghan.bank\\\/es\\\/contactenos\\\/\"},{\"@type\":\"ListItem\",\"position\":3,\"name\":\"Gracias\"}]},{\"@type\":\"WebSite\",\"@id\":\"https:\\\/\\\/api.croghan.bank\\\/es\\\/#website\",\"url\":\"https:\\\/\\\/api.croghan.bank\\\/es\\\/\",\"name\":\"Banco Croghan sin cabeza\",\"description\":\"\",\"potentialAction\":[{\"@type\":\"SearchAction\",\"target\":{\"@type\":\"EntryPoint\",\"urlTemplate\":\"https:\\\/\\\/api.croghan.bank\\\/es\\\/?s={search_term_string}\"},\"query-input\":{\"@type\":\"PropertyValueSpecification\",\"valueRequired\":true,\"valueName\":\"search_term_string\"}}],\"inLanguage\":\"es\"}]}<\/script>\n<!-- \/ Yoast SEO plugin. -->","yoast_head_json":{"title":"Gracias - Banco Croghan sin cabeza","robots":{"index":"noindex","follow":"follow","max-snippet":"max-snippet:-1","max-image-preview":"max-image-preview:large","max-video-preview":"max-video-preview:-1"},"og_locale":"es_ES","og_type":"article","og_title":"Gracias - Banco Croghan sin cabeza","og_url":"https:\/\/api.croghan.bank\/es\/contactenos\/gracias\/","og_site_name":"Banco Croghan sin cabeza","article_modified_time":"2026-01-27T16:11:54+00:00","twitter_card":"summary_large_image","schema":{"@context":"https:\/\/schema.org","@graph":[{"@type":"WebPage","@id":"https:\/\/api.croghan.bank\/es\/contactenos\/gracias\/","url":"https:\/\/api.croghan.bank\/es\/contactenos\/gracias\/","name":"Gracias - Banco Croghan sin cabeza","isPartOf":{"@id":"https:\/\/api.croghan.bank\/es\/#website"},"datePublished":"2025-03-20T13:02:36+00:00","dateModified":"2026-01-27T16:11:54+00:00","breadcrumb":{"@id":"https:\/\/api.croghan.bank\/es\/contactenos\/gracias\/#breadcrumb"},"inLanguage":"es","potentialAction":[{"@type":"ReadAction","target":["https:\/\/api.croghan.bank\/es\/contactenos\/gracias\/"]}]},{"@type":"BreadcrumbList","@id":"https:\/\/api.croghan.bank\/es\/contactenos\/gracias\/#breadcrumb","itemListElement":[{"@type":"ListItem","position":1,"name":"Hogar","item":"https:\/\/api.croghan.bank\/es\/"},{"@type":"ListItem","position":2,"name":"Cont\u00e1ctenos","item":"https:\/\/api.croghan.bank\/es\/contactenos\/"},{"@type":"ListItem","position":3,"name":"Gracias"}]},{"@type":"WebSite","@id":"https:\/\/api.croghan.bank\/es\/#website","url":"https:\/\/api.croghan.bank\/es\/","name":"Banco Croghan sin cabeza","description":"","potentialAction":[{"@type":"SearchAction","target":{"@type":"EntryPoint","urlTemplate":"https:\/\/api.croghan.bank\/es\/?s={search_term_string}"},"query-input":{"@type":"PropertyValueSpecification","valueRequired":true,"valueName":"search_term_string"}}],"inLanguage":"es"}]}},"_links":{"self":[{"href":"https:\/\/api.croghan.bank\/es\/wp-json\/wp\/v2\/pages\/4549","targetHints":{"allow":["GET"]}}],"collection":[{"href":"https:\/\/api.croghan.bank\/es\/wp-json\/wp\/v2\/pages"}],"about":[{"href":"https:\/\/api.croghan.bank\/es\/wp-json\/wp\/v2\/types\/page"}],"author":[{"embeddable":true,"href":"https:\/\/api.croghan.bank\/es\/wp-json\/wp\/v2\/users\/1"}],"replies":[{"embeddable":true,"href":"https:\/\/api.croghan.bank\/es\/wp-json\/wp\/v2\/comments?post=4549"}],"version-history":[{"count":0,"href":"https:\/\/api.croghan.bank\/es\/wp-json\/wp\/v2\/pages\/4549\/revisions"}],"up":[{"embeddable":true,"href":"https:\/\/api.croghan.bank\/es\/wp-json\/wp\/v2\/pages\/4545"}],"wp:attachment":[{"href":"https:\/\/api.croghan.bank\/es\/wp-json\/wp\/v2\/media?parent=4549"}],"wp:term":[{"taxonomy":"category","embeddable":true,"href":"https:\/\/api.croghan.bank\/es\/wp-json\/wp\/v2\/categories?post=4549"},{"taxonomy":"post_tag","embeddable":true,"href":"https:\/\/api.croghan.bank\/es\/wp-json\/wp\/v2\/tags?post=4549"}],"curies":[{"name":"wp","href":"https:\/\/api.w.org\/{rel}","templated":true}]}}