{"id":4550,"date":"2025-01-16T20:40:39","date_gmt":"2025-01-16T20:40:39","guid":{"rendered":"https:\/\/api.croghan.bank\/gestion-patrimonial\/gestion-de-inversiones\/"},"modified":"2026-04-21T19:42:57","modified_gmt":"2026-04-21T19:42:57","slug":"gestion-de-inversiones","status":"publish","type":"page","link":"https:\/\/api.croghan.bank\/es\/gestion-patrimonial\/gestion-de-inversiones\/","title":{"rendered":"Gesti\u00f3n de Inversiones"},"content":{"rendered":"","protected":false},"excerpt":{"rendered":"","protected":false},"author":1,"featured_media":0,"parent":4422,"menu_order":0,"comment_status":"closed","ping_status":"closed","template":"","meta":{"_acf_changed":false,"inline_featured_image":false,"footnotes":""},"categories":[52],"tags":[],"class_list":["post-4550","page","type-page","status-publish","hentry","category-gestion-patrimonial"],"acf":{"modules":[{"acf_fc_layout":"bread_crumb_nav_hero","title":"<h1>Crecimiento y protecci\u00f3n de su patrimonio<\/h1>","subtitle":"","content":"En Croghan Colonial Bank, entendemos que el viaje financiero de cada cliente es \u00fanico. Profundamente arraigados en los valores fiduciarios, adoptamos un enfoque personalizado para la gesti\u00f3n de inversiones, centrado en ayudarlo a lograr el \u00e9xito financiero a largo plazo. Ya sea que est\u00e9 planeando su jubilaci\u00f3n, ahorrando para la educaci\u00f3n o aumentando su patrimonio, nuestro equipo se dedica a crear una estrategia que se alinee con sus metas, valores y aspiraciones.  ","buttons":[{"button":{"link":{"title":"Cont\u00e1ctenos","url":"mailto:wealthmanagement@croghan.com","target":""},"button_style":"solid","button_color":"dBlue","opens_modal":false,"video":null}}],"module_anchor_id":"","module_padding_inner":"noPaddingInner","module_spacing_after":"defaultSpacingAfter"},{"acf_fc_layout":"floating_cards","eyebrow":"","title":"<h2>Productos de inversi\u00f3n adaptados a sus necesidades<\/h2>","content":"Ofrecemos una gama de productos de inversi\u00f3n dise\u00f1ados para minimizar costos, reducir riesgos y satisfacer sus necesidades financieras espec\u00edficas. Independientemente de su punto de partida, nuestros expertos colaboran con usted para desarrollar una estrategia personalizada que lo ayude a aumentar su patrimonio mientras prioriza su seguridad financiera. Algunas de las formas en que ayudamos a los clientes a administrar su dinero incluyen:  ","buttons":null,"cards_alignment":"cardsRight","card_style_type":"cardTypeBasic","floating_cards":[{"icon":"","icon_dark_mode":"","eyebrow":"","title":"<h3>Cuentas de agencias individuales<\/h3>","description":"Nuestra relaci\u00f3n m\u00e1s com\u00fan. Los clientes de Croghan nos contratan para administrar el patrimonio para obtener ingresos \u00f3ptimos, crecimiento de activos a largo plazo y eficiencia fiscal. Nuestro proceso de inversi\u00f3n implica un seguimiento continuo, revisiones peri\u00f3dicas de los clientes y de las auditor\u00edas, y un asesoramiento proactivo de la cartera adaptado a los objetivos \u00fanicos y a la tolerancia al riesgo de cada cliente.  ","image":null,"link":null},{"icon":"","icon_dark_mode":"","eyebrow":"","title":"<h3>Agencia Empresarial o Institucional<\/h3>","description":"Prestamos servicios a numerosas empresas y organizaciones sin fines de lucro para administrar fondos tanto para la optimizaci\u00f3n a largo plazo como, a veces, para la gesti\u00f3n de activos comerciales a corto plazo. Tenemos experiencia en pr\u00e1cticas de gesti\u00f3n de activos fiduciarios y contabilidad empresarial, lo que nos permite brindar asesoramiento personalizado para satisfacer las necesidades de gesti\u00f3n de grupos y propietarios de negocios. ","image":null,"link":null},{"icon":"","icon_dark_mode":"","eyebrow":"","title":"<h3>Cuentas Individuales de Jubilaci\u00f3n<\/h3>","description":"Croghan atiende a cientos de clientes a trav\u00e9s de la administraci\u00f3n de cuentas de jubilaci\u00f3n, a menudo administrando su base de activos m\u00e1s extensa. Entendemos la importancia de la seguridad de la jubilaci\u00f3n de un cliente, por lo que administramos los activos de jubilaci\u00f3n con la consideraci\u00f3n de un fiduciario y el cuidado que le dar\u00edamos a nuestra familia. Personalizamos cada cartera para garantizar que tanto las cuentas de jubilaci\u00f3n antes de impuestos como las cuentas de jubilaci\u00f3n Roth est\u00e9n equilibradas de manera \u00f3ptima y se utilicen de manera efectiva.  ","image":null,"link":null},{"icon":"","icon_dark_mode":"","eyebrow":"","title":"<h3>Tutelas y Cuentas de Custodio<\/h3>","description":"Croghan atiende las necesidades de los clientes m\u00e1s vulnerables en nuestras comunidades a trav\u00e9s de relaciones administradas supervisadas por un tribunal o acuerdos legales. Nos complace ser un recurso para asegurar el futuro de aquellos a quienes estamos llamados a ayudar. ","image":null,"link":null}],"module_background_style":"solidColorBlue","module_anchor_id":"","module_padding_inner":"noPaddingInner","module_spacing_after":"noSpacingAfter"},{"acf_fc_layout":"full_width_media","media_type":"image","image":3972,"video":null,"video_youtube":"","video_poster_image":null,"module_upper_half_background_color":"blue","module_lower_half_background_color":"white","module_anchor_id":"","module_padding_inner":"noPaddingInner","module_spacing_after":"noSpacingAfter"},{"acf_fc_layout":"floating_cards","eyebrow":"","title":"<h2>Gesti\u00f3n de inversiones con enfoque fiduciario<\/h2>","content":"Nuestra filosof\u00eda de gesti\u00f3n de inversiones se basa en la confianza, la transparencia y la independencia. Como pr\u00e1ctica basada en tarifas, no aceptamos comisiones, lo que garantiza que sus mejores intereses sean siempre nuestra prioridad. Aprovechamos los procesos de inversi\u00f3n propios, las herramientas de selecci\u00f3n y los modelos de cartera para ofrecer un enfoque hol\u00edstico e imparcial.  ","buttons":null,"cards_alignment":"cardsLeft","card_style_type":"cardTypeBasic","floating_cards":[{"icon":3667,"icon_dark_mode":4342,"eyebrow":"","title":"<h3>Cuentas de agencias individuales<\/h3>","description":"Dise\u00f1adas para optimizar los ingresos, el crecimiento a largo plazo y la eficiencia fiscal, estas cuentas se personalizan seg\u00fan su tolerancia al riesgo y sus objetivos.","image":null,"link":null},{"icon":3720,"icon_dark_mode":4344,"eyebrow":"","title":"<h3>Cuentas Individuales de Jubilaci\u00f3n (IRA)<\/h3>","description":"La planificaci\u00f3n de la jubilaci\u00f3n es una piedra angular de nuestros servicios. Ofrecemos gesti\u00f3n de IRA antes de impuestos y Roth, lo que garantiza la eficiencia fiscal y el crecimiento. ","image":null,"link":null},{"icon":3668,"icon_dark_mode":4343,"eyebrow":"","title":"<h3>Cuentas de Agencias Comerciales o Institucionales<\/h3>","description":"Al servicio de empresas y organizaciones sin fines de lucro, ofrecemos estrategias de inversi\u00f3n a largo plazo y servicios de gesti\u00f3n de activos a corto plazo.","image":null,"link":null},{"icon":3665,"icon_dark_mode":4360,"eyebrow":"","title":"<h3>Tutelas y Cuentas de Custodio<\/h3>","description":"Ayudamos a proteger a los clientes vulnerables a trav\u00e9s de cuentas supervisadas por los tribunales, asegurando su futuro con el mismo cuidado que brindamos a nuestras familias.","image":null,"link":null}],"module_background_style":"accentTriangle","module_anchor_id":"","module_padding_inner":"noPaddingInner","module_spacing_after":"defaultSpacingAfter"},{"acf_fc_layout":"interactive_cards_slider","cards":[{"card_type":"basic","image":3969,"eyebrow":"Estrategias de ingresos para la jubilaci\u00f3n","title":"Crear un ingreso sostenible","preview_content":"Una jubilaci\u00f3n exitosa requiere un plan que pueda capear la inflaci\u00f3n, la volatilidad del mercado y los gastos inesperados. Le ayudaremos a estructurar un plan de ingresos para la jubilaci\u00f3n que preserve su estilo de vida, garantizando la seguridad financiera en sus a\u00f1os de jubilaci\u00f3n. ","buttons":null,"flyout_content":{"interactive_flyout_modules":{"interactive_flyout":null}}},{"card_type":"basic","image":3971,"eyebrow":"Planificaci\u00f3n Financiera Integral","title":"Gui\u00e1ndote a trav\u00e9s de los hitos financieros de la vida","preview_content":"No importa d\u00f3nde se encuentre en la vida (comenzando su carrera, acerc\u00e1ndose a la jubilaci\u00f3n o en cualquier punto intermedio), la planificaci\u00f3n financiera lo ayuda a tomar decisiones con confianza. Nuestros servicios integrales de planificaci\u00f3n financiera est\u00e1n dise\u00f1ados para simplificar las decisiones financieras complejas, para que pueda alcanzar sus objetivos con claridad y prop\u00f3sito. ","buttons":null,"flyout_content":{"interactive_flyout_modules":{"interactive_flyout":null}}}],"card_image_alignment":"imageRight","module_anchor_id":"","module_padding_inner":"noPaddingInner","module_spacing_after":"defaultSpacingAfter"},{"acf_fc_layout":"floating_cards","eyebrow":"","title":"<h2>\u00bfPor qu\u00e9 elegir Croghan para sus inversiones?<\/h2>","content":"El equipo de profesionales experimentados de Croghan se dedica a ofrecer soluciones de inversi\u00f3n personalizadas y transparentes. Como fiduciarios, nos comprometemos a actuar en su mejor inter\u00e9s. Nuestro estatus independiente nos permite proporcionar recomendaciones imparciales, asegur\u00e1ndonos de que reciba estrategias que realmente satisfagan sus necesidades.  ","buttons":null,"cards_alignment":"cardsLeft","card_style_type":"cardTypeBasic","floating_cards":[{"icon":"","icon_dark_mode":"","eyebrow":"","title":"<h3>Soluciones de inversi\u00f3n competitivas y transparentes<\/h3>","description":"Ofrecemos soluciones de inversi\u00f3n dise\u00f1adas para cumplir sus objetivos financieros con total transparencia y tasas competitivas. Nuestro equipo prioriza la comunicaci\u00f3n clara, el soporte continuo y las actualizaciones oportunas para mantenerlo encaminado. ","image":null,"link":null},{"icon":"","icon_dark_mode":"","eyebrow":"","title":"<h3>Servicio personal basado en relaciones<\/h3>","description":"Nos tomamos el tiempo para comprender su situaci\u00f3n financiera \u00fanica y trabajamos con usted en cada paso del camino. Nuestro enfoque personalizado significa que recibe la orientaci\u00f3n y el asesoramiento proactivo necesarios para alcanzar sus metas financieras. ","image":null,"link":null}],"module_background_style":"accentTriangle","module_anchor_id":"","module_padding_inner":"noPaddingInner","module_spacing_after":"defaultSpacingAfter"},{"acf_fc_layout":"content_card_pattern_accent","image":3973,"eyebrow":"","title":"<h2>P\u00f3ngase en contacto con nosotros hoy mismo para empezar a construir su futuro<\/h2>","content":"As\u00f3ciese con Croghan para crear un plan financiero que funcione para usted. Nuestro equipo est\u00e1 listo para ayudarlo a navegar por las complejidades de las inversiones personales y la administraci\u00f3n de patrimonio. Construyamos una estrategia que garantice su \u00e9xito a largo plazo.  ","buttons":[{"button":{"link":{"title":"Ll\u00e1manos","url":"tel:4193552212","target":""},"button_style":"solid","button_color":"dBlue","opens_modal":false,"video":null}}],"disclaimer":"","module_image_alignment":"imageLeft","module_card_background_color":"cardBackgroundGrey","module_anchor_id":"","module_padding_inner":"noPaddingInner","module_spacing_after":"defaultSpacingAfter"},{"acf_fc_layout":"accordion","eyebrow":null,"accordion_items":null,"module_anchor_id":null,"module_padding_inner":null,"module_spacing_after":null},{"acf_fc_layout":"location_pre_footer","module_anchor_id":"","module_padding_inner":"noPaddingInner","module_spacing_after":"noSpacingAfter"}]},"yoast_head":"<!-- This site is optimized with the Yoast SEO plugin v27.5 - https:\/\/yoast.com\/product\/yoast-seo-wordpress\/ -->\n<title>Gesti\u00f3n de inversiones | Banco Colonial Croghan<\/title>\n<meta name=\"description\" content=\"La gesti\u00f3n de inversiones de Croghan combina una construcci\u00f3n disciplinada de carteras con asesores locales, asignaciones personalizadas para particulares, familias y fideicomisos.\" \/>\n<meta name=\"robots\" content=\"noindex, follow, max-snippet:-1, max-image-preview:large, max-video-preview:-1\" \/>\n<meta property=\"og:locale\" content=\"es_ES\" \/>\n<meta property=\"og:type\" content=\"article\" \/>\n<meta property=\"og:title\" content=\"Gesti\u00f3n de inversiones | Banco Colonial Croghan\" \/>\n<meta property=\"og:description\" content=\"La gesti\u00f3n de inversiones de Croghan combina una construcci\u00f3n disciplinada de carteras con asesores locales, asignaciones personalizadas para particulares, familias y fideicomisos.\" \/>\n<meta property=\"og:url\" content=\"https:\/\/api.croghan.bank\/es\/gestion-patrimonial\/gestion-de-inversiones\/\" \/>\n<meta property=\"og:site_name\" content=\"Banco Croghan sin cabeza\" \/>\n<meta property=\"article:modified_time\" content=\"2026-04-21T19:42:57+00:00\" \/>\n<meta name=\"twitter:card\" content=\"summary_large_image\" \/>\n<script type=\"application\/ld+json\" class=\"yoast-schema-graph\">{\"@context\":\"https:\\\/\\\/schema.org\",\"@graph\":[{\"@type\":\"WebPage\",\"@id\":\"https:\\\/\\\/api.croghan.bank\\\/es\\\/gestion-patrimonial\\\/gestion-de-inversiones\\\/\",\"url\":\"https:\\\/\\\/api.croghan.bank\\\/es\\\/gestion-patrimonial\\\/gestion-de-inversiones\\\/\",\"name\":\"Gesti\u00f3n de inversiones | Banco Colonial Croghan\",\"isPartOf\":{\"@id\":\"https:\\\/\\\/api.croghan.bank\\\/es\\\/#website\"},\"datePublished\":\"2025-01-16T20:40:39+00:00\",\"dateModified\":\"2026-04-21T19:42:57+00:00\",\"description\":\"La gesti\u00f3n de inversiones de Croghan combina una construcci\u00f3n disciplinada de carteras con asesores locales, asignaciones personalizadas para particulares, familias y fideicomisos.\",\"breadcrumb\":{\"@id\":\"https:\\\/\\\/api.croghan.bank\\\/es\\\/gestion-patrimonial\\\/gestion-de-inversiones\\\/#breadcrumb\"},\"inLanguage\":\"es\",\"potentialAction\":[{\"@type\":\"ReadAction\",\"target\":[\"https:\\\/\\\/api.croghan.bank\\\/es\\\/gestion-patrimonial\\\/gestion-de-inversiones\\\/\"]}]},{\"@type\":\"BreadcrumbList\",\"@id\":\"https:\\\/\\\/api.croghan.bank\\\/es\\\/gestion-patrimonial\\\/gestion-de-inversiones\\\/#breadcrumb\",\"itemListElement\":[{\"@type\":\"ListItem\",\"position\":1,\"name\":\"Hogar\",\"item\":\"https:\\\/\\\/api.croghan.bank\\\/es\\\/\"},{\"@type\":\"ListItem\",\"position\":2,\"name\":\"Gesti\u00f3n Patrimonial\",\"item\":\"https:\\\/\\\/api.croghan.bank\\\/es\\\/gestion-patrimonial\\\/\"},{\"@type\":\"ListItem\",\"position\":3,\"name\":\"Gesti\u00f3n de Inversiones\"}]},{\"@type\":\"WebSite\",\"@id\":\"https:\\\/\\\/api.croghan.bank\\\/es\\\/#website\",\"url\":\"https:\\\/\\\/api.croghan.bank\\\/es\\\/\",\"name\":\"Banco Croghan sin cabeza\",\"description\":\"\",\"potentialAction\":[{\"@type\":\"SearchAction\",\"target\":{\"@type\":\"EntryPoint\",\"urlTemplate\":\"https:\\\/\\\/api.croghan.bank\\\/es\\\/?s={search_term_string}\"},\"query-input\":{\"@type\":\"PropertyValueSpecification\",\"valueRequired\":true,\"valueName\":\"search_term_string\"}}],\"inLanguage\":\"es\"}]}<\/script>\n<!-- \/ Yoast SEO plugin. -->","yoast_head_json":{"title":"Gesti\u00f3n de inversiones | Banco Colonial Croghan","description":"La gesti\u00f3n de inversiones de Croghan combina una construcci\u00f3n disciplinada de carteras con asesores locales, asignaciones personalizadas para particulares, familias y fideicomisos.","robots":{"index":"noindex","follow":"follow","max-snippet":"max-snippet:-1","max-image-preview":"max-image-preview:large","max-video-preview":"max-video-preview:-1"},"og_locale":"es_ES","og_type":"article","og_title":"Gesti\u00f3n de inversiones | Banco Colonial Croghan","og_description":"La gesti\u00f3n de inversiones de Croghan combina una construcci\u00f3n disciplinada de carteras con asesores locales, asignaciones personalizadas para particulares, familias y fideicomisos.","og_url":"https:\/\/api.croghan.bank\/es\/gestion-patrimonial\/gestion-de-inversiones\/","og_site_name":"Banco Croghan sin cabeza","article_modified_time":"2026-04-21T19:42:57+00:00","twitter_card":"summary_large_image","schema":{"@context":"https:\/\/schema.org","@graph":[{"@type":"WebPage","@id":"https:\/\/api.croghan.bank\/es\/gestion-patrimonial\/gestion-de-inversiones\/","url":"https:\/\/api.croghan.bank\/es\/gestion-patrimonial\/gestion-de-inversiones\/","name":"Gesti\u00f3n de inversiones | Banco Colonial Croghan","isPartOf":{"@id":"https:\/\/api.croghan.bank\/es\/#website"},"datePublished":"2025-01-16T20:40:39+00:00","dateModified":"2026-04-21T19:42:57+00:00","description":"La gesti\u00f3n de inversiones de Croghan combina una construcci\u00f3n disciplinada de carteras con asesores locales, asignaciones personalizadas para particulares, familias y fideicomisos.","breadcrumb":{"@id":"https:\/\/api.croghan.bank\/es\/gestion-patrimonial\/gestion-de-inversiones\/#breadcrumb"},"inLanguage":"es","potentialAction":[{"@type":"ReadAction","target":["https:\/\/api.croghan.bank\/es\/gestion-patrimonial\/gestion-de-inversiones\/"]}]},{"@type":"BreadcrumbList","@id":"https:\/\/api.croghan.bank\/es\/gestion-patrimonial\/gestion-de-inversiones\/#breadcrumb","itemListElement":[{"@type":"ListItem","position":1,"name":"Hogar","item":"https:\/\/api.croghan.bank\/es\/"},{"@type":"ListItem","position":2,"name":"Gesti\u00f3n Patrimonial","item":"https:\/\/api.croghan.bank\/es\/gestion-patrimonial\/"},{"@type":"ListItem","position":3,"name":"Gesti\u00f3n de Inversiones"}]},{"@type":"WebSite","@id":"https:\/\/api.croghan.bank\/es\/#website","url":"https:\/\/api.croghan.bank\/es\/","name":"Banco Croghan sin cabeza","description":"","potentialAction":[{"@type":"SearchAction","target":{"@type":"EntryPoint","urlTemplate":"https:\/\/api.croghan.bank\/es\/?s={search_term_string}"},"query-input":{"@type":"PropertyValueSpecification","valueRequired":true,"valueName":"search_term_string"}}],"inLanguage":"es"}]}},"_links":{"self":[{"href":"https:\/\/api.croghan.bank\/es\/wp-json\/wp\/v2\/pages\/4550","targetHints":{"allow":["GET"]}}],"collection":[{"href":"https:\/\/api.croghan.bank\/es\/wp-json\/wp\/v2\/pages"}],"about":[{"href":"https:\/\/api.croghan.bank\/es\/wp-json\/wp\/v2\/types\/page"}],"author":[{"embeddable":true,"href":"https:\/\/api.croghan.bank\/es\/wp-json\/wp\/v2\/users\/1"}],"replies":[{"embeddable":true,"href":"https:\/\/api.croghan.bank\/es\/wp-json\/wp\/v2\/comments?post=4550"}],"version-history":[{"count":1,"href":"https:\/\/api.croghan.bank\/es\/wp-json\/wp\/v2\/pages\/4550\/revisions"}],"predecessor-version":[{"id":7579,"href":"https:\/\/api.croghan.bank\/es\/wp-json\/wp\/v2\/pages\/4550\/revisions\/7579"}],"up":[{"embeddable":true,"href":"https:\/\/api.croghan.bank\/es\/wp-json\/wp\/v2\/pages\/4422"}],"wp:attachment":[{"href":"https:\/\/api.croghan.bank\/es\/wp-json\/wp\/v2\/media?parent=4550"}],"wp:term":[{"taxonomy":"category","embeddable":true,"href":"https:\/\/api.croghan.bank\/es\/wp-json\/wp\/v2\/categories?post=4550"},{"taxonomy":"post_tag","embeddable":true,"href":"https:\/\/api.croghan.bank\/es\/wp-json\/wp\/v2\/tags?post=4550"}],"curies":[{"name":"wp","href":"https:\/\/api.w.org\/{rel}","templated":true}]}}