{"id":4556,"date":"2025-03-27T18:46:41","date_gmt":"2025-03-27T18:46:41","guid":{"rendered":"https:\/\/api.croghan.bank\/recursos\/solicitar-una-hipoteca\/que-es-una-cuenta-de-deposito-en-garantia\/"},"modified":"2026-04-21T19:42:46","modified_gmt":"2026-04-21T19:42:46","slug":"que-es-una-cuenta-de-deposito-en-garantia","status":"publish","type":"page","link":"https:\/\/api.croghan.bank\/es\/recursos\/solicitar-una-hipoteca\/que-es-una-cuenta-de-deposito-en-garantia\/","title":{"rendered":"\u00bfQu\u00e9 es una cuenta de dep\u00f3sito en garant\u00eda?"},"content":{"rendered":"","protected":false},"excerpt":{"rendered":"","protected":false},"author":1,"featured_media":0,"parent":4461,"menu_order":0,"comment_status":"closed","ping_status":"closed","template":"","meta":{"_acf_changed":false,"inline_featured_image":false,"footnotes":""},"categories":[],"tags":[],"class_list":["post-4556","page","type-page","status-publish","hentry"],"acf":{"modules":[{"acf_fc_layout":"bread_crumb_nav_hero","title":"<h1>Entendiendo las Cuentas de Dep\u00f3sito en Garant\u00eda<\/h1>","subtitle":"","content":"Una cuenta de dep\u00f3sito en garant\u00eda ayuda a los propietarios a administrar gastos grandes, como impuestos sobre la propiedad y seguros, dividi\u00e9ndolos en pagos mensuales manejables. Algunos prestamistas requieren una cuenta de dep\u00f3sito en garant\u00eda, mientras que otros la ofrecen como un servicio opcional para simplificar el presupuesto. ","buttons":[{"button":{"link":{"title":"Cont\u00e1ctenos","url":"\/contact-us","target":""},"button_style":"solid","button_color":"dBlue","opens_modal":false,"video":null}}],"module_anchor_id":"","module_padding_inner":"noPaddingInner","module_spacing_after":"defaultSpacingAfter"},{"acf_fc_layout":"fifty_fifty_floating_callout","eyebrow":"","title":"C\u00f3mo funcionan las cuentas de dep\u00f3sito en garant\u00eda","content":"Cuando realiza un pago mensual de la hipoteca, parte de \u00e9l cubre el capital y los intereses de su pr\u00e9stamo, mientras que el resto va a una cuenta de dep\u00f3sito en garant\u00eda. Los fondos en custodia se reservan hasta que venzan los pagos del impuesto sobre la propiedad y del seguro de propietarios de viviendas, lo que garantiza que se paguen a tiempo. \n\nLos prestamistas a menudo requieren cuentas de dep\u00f3sito en garant\u00eda para mitigar el riesgo de pagos atrasados de impuestos o seguros, lo que podr\u00eda resultar en multas financieras o p\u00e9rdidas no aseguradas. Incluso si el dep\u00f3sito en garant\u00eda no es obligatorio, muchos propietarios optan por usarlo por conveniencia y tranquilidad. ","buttons":null,"background_image":3818,"module_image_alignment":"imageRight","module_anchor_id":"","module_padding_inner":"noPaddingInner","module_spacing_after":"defaultSpacingAfter"},{"acf_fc_layout":"floating_cards","eyebrow":"","title":"<h2>\u00bfQu\u00e9 hace una cuenta de dep\u00f3sito en garant\u00eda?<\/h2>","content":"","buttons":null,"cards_alignment":"cardsRight","card_style_type":"cardTypeBasic","floating_cards":[{"icon":"","icon_dark_mode":null,"eyebrow":"","title":"<h3>Simplifica la elaboraci\u00f3n de presupuestos<\/h3>","description":"Distribuye los grandes costos anuales en pagos mensuales m\u00e1s peque\u00f1os y predecibles.","image":null,"link":null},{"icon":"","icon_dark_mode":null,"eyebrow":"","title":"<h3>Es posible que sea necesario<\/h3>","description":"Algunos contratos hipotecarios exigen una cuenta de dep\u00f3sito en garant\u00eda.","image":null,"link":null},{"icon":"","icon_dark_mode":null,"eyebrow":"","title":"<h3>Garantiza los pagos a tiempo<\/h3>","description":"Evita cargos por pagos atrasados o lapsos en la cobertura del seguro.","image":null,"link":null},{"icon":"","icon_dark_mode":null,"eyebrow":"","title":"<h3>No es necesario guardar por separado<\/h3>","description":"Elimina el estr\u00e9s de reservar fondos para impuestos y seguros.","image":null,"link":null}],"module_background_style":"solidColorBlue","module_anchor_id":"","module_padding_inner":"noPaddingInner","module_spacing_after":"defaultSpacingAfter"},{"acf_fc_layout":"fifty_fifty_advanced_content","image":3819,"eyebrow":"","title":"<h2>Gesti\u00f3n de pagos sin dep\u00f3sito en garant\u00eda<\/h2>","content":"Si su prestamista no requiere una cuenta de dep\u00f3sito en garant\u00eda, puede optar por manejar los pagos de impuestos y seguros usted mismo. Sin embargo, esto significa presupuestar grandes pagos de suma global, que generalmente vencen una o dos veces al a\u00f1o. \n\nAlgunos propietarios se preguntan si podr\u00edan ganar m\u00e1s intereses manteniendo sus fondos en una cuenta de ahorros separada en lugar de un dep\u00f3sito en garant\u00eda. Si bien esto puede ser cierto, las ganancias potenciales suelen ser m\u00ednimas, especialmente en un entorno de tasas de inter\u00e9s bajas. La conveniencia del dep\u00f3sito en garant\u00eda a menudo supera cualquier peque\u00f1a ganancia financiera.  ","buttons":null,"module_image_alignment":"imageLeft","module_background_color":"white","module_anchor_id":"","module_padding_inner":"noPaddingInner","module_spacing_after":"defaultSpacingAfter"},{"acf_fc_layout":"content_card_pattern_accent","image":3822,"eyebrow":"","title":"<h2>\u00bfTiene preguntas sobre el dep\u00f3sito en garant\u00eda?<\/h2>","content":"Nuestro equipo puede ayudarlo a comprender c\u00f3mo funciona el dep\u00f3sito en garant\u00eda y determinar si es la opci\u00f3n correcta para su hipoteca. P\u00f3ngase en contacto con nosotros hoy mismo para obtener m\u00e1s informaci\u00f3n. ","buttons":[{"button":{"link":{"title":"Cont\u00e1ctenos","url":"\/contact-us","target":""},"button_style":"solid","button_color":"dBlue","opens_modal":false,"video":null}}],"disclaimer":"","module_image_alignment":"imageLeft","module_card_background_color":"cardBackgroundGrey","module_anchor_id":"","module_padding_inner":"paddingInnerBottom","module_spacing_after":"compactSpacingAfter"},{"acf_fc_layout":"accordion","eyebrow":null,"accordion_items":null,"module_anchor_id":null,"module_padding_inner":null,"module_spacing_after":null},{"acf_fc_layout":"location_pre_footer","module_anchor_id":"","module_padding_inner":"noPaddingInner","module_spacing_after":"defaultSpacingAfter"}]},"yoast_head":"<!-- This site is optimized with the Yoast SEO plugin v27.5 - https:\/\/yoast.com\/product\/yoast-seo-wordpress\/ -->\n<title>\u00bfQu\u00e9 es una cuenta de dep\u00f3sito en garant\u00eda? | Banco Colonial Croghan<\/title>\n<meta name=\"description\" content=\"Las cuentas de dep\u00f3sito en garant\u00eda incluyen los impuestos sobre la propiedad y el seguro en tu pago hipotecario. As\u00ed es como funcionan \u2014y qu\u00e9 esperar al cerrar\u2014 de Croghan.\" \/>\n<meta name=\"robots\" content=\"noindex, follow, max-snippet:-1, max-image-preview:large, max-video-preview:-1\" \/>\n<meta property=\"og:locale\" content=\"es_ES\" \/>\n<meta property=\"og:type\" content=\"article\" \/>\n<meta property=\"og:title\" content=\"\u00bfQu\u00e9 es una cuenta de dep\u00f3sito en garant\u00eda? | Banco Colonial Croghan\" \/>\n<meta property=\"og:description\" content=\"Las cuentas de dep\u00f3sito en garant\u00eda incluyen los impuestos sobre la propiedad y el seguro en tu pago hipotecario. As\u00ed es como funcionan \u2014y qu\u00e9 esperar al cerrar\u2014 de Croghan.\" \/>\n<meta property=\"og:url\" content=\"https:\/\/api.croghan.bank\/es\/recursos\/solicitar-una-hipoteca\/que-es-una-cuenta-de-deposito-en-garantia\/\" \/>\n<meta property=\"og:site_name\" content=\"Banco Croghan sin cabeza\" \/>\n<meta property=\"article:modified_time\" content=\"2026-04-21T19:42:46+00:00\" \/>\n<meta name=\"twitter:card\" content=\"summary_large_image\" \/>\n<script type=\"application\/ld+json\" class=\"yoast-schema-graph\">{\"@context\":\"https:\\\/\\\/schema.org\",\"@graph\":[{\"@type\":\"WebPage\",\"@id\":\"https:\\\/\\\/api.croghan.bank\\\/es\\\/recursos\\\/solicitar-una-hipoteca\\\/que-es-una-cuenta-de-deposito-en-garantia\\\/\",\"url\":\"https:\\\/\\\/api.croghan.bank\\\/es\\\/recursos\\\/solicitar-una-hipoteca\\\/que-es-una-cuenta-de-deposito-en-garantia\\\/\",\"name\":\"\u00bfQu\u00e9 es una cuenta de dep\u00f3sito en garant\u00eda? | Banco Colonial Croghan\",\"isPartOf\":{\"@id\":\"https:\\\/\\\/api.croghan.bank\\\/es\\\/#website\"},\"datePublished\":\"2025-03-27T18:46:41+00:00\",\"dateModified\":\"2026-04-21T19:42:46+00:00\",\"description\":\"Las cuentas de dep\u00f3sito en garant\u00eda incluyen los impuestos sobre la propiedad y el seguro en tu pago hipotecario. As\u00ed es como funcionan \u2014y qu\u00e9 esperar al cerrar\u2014 de Croghan.\",\"breadcrumb\":{\"@id\":\"https:\\\/\\\/api.croghan.bank\\\/es\\\/recursos\\\/solicitar-una-hipoteca\\\/que-es-una-cuenta-de-deposito-en-garantia\\\/#breadcrumb\"},\"inLanguage\":\"es\",\"potentialAction\":[{\"@type\":\"ReadAction\",\"target\":[\"https:\\\/\\\/api.croghan.bank\\\/es\\\/recursos\\\/solicitar-una-hipoteca\\\/que-es-una-cuenta-de-deposito-en-garantia\\\/\"]}]},{\"@type\":\"BreadcrumbList\",\"@id\":\"https:\\\/\\\/api.croghan.bank\\\/es\\\/recursos\\\/solicitar-una-hipoteca\\\/que-es-una-cuenta-de-deposito-en-garantia\\\/#breadcrumb\",\"itemListElement\":[{\"@type\":\"ListItem\",\"position\":1,\"name\":\"Hogar\",\"item\":\"https:\\\/\\\/api.croghan.bank\\\/es\\\/\"},{\"@type\":\"ListItem\",\"position\":2,\"name\":\"Recursos\",\"item\":\"https:\\\/\\\/api.croghan.bank\\\/es\\\/recursos\\\/\"},{\"@type\":\"ListItem\",\"position\":3,\"name\":\"Solicitar una hipoteca\",\"item\":\"https:\\\/\\\/api.croghan.bank\\\/es\\\/recursos\\\/solicitar-una-hipoteca\\\/\"},{\"@type\":\"ListItem\",\"position\":4,\"name\":\"\u00bfQu\u00e9 es una cuenta de dep\u00f3sito en garant\u00eda?\"}]},{\"@type\":\"WebSite\",\"@id\":\"https:\\\/\\\/api.croghan.bank\\\/es\\\/#website\",\"url\":\"https:\\\/\\\/api.croghan.bank\\\/es\\\/\",\"name\":\"Banco Croghan sin cabeza\",\"description\":\"\",\"potentialAction\":[{\"@type\":\"SearchAction\",\"target\":{\"@type\":\"EntryPoint\",\"urlTemplate\":\"https:\\\/\\\/api.croghan.bank\\\/es\\\/?s={search_term_string}\"},\"query-input\":{\"@type\":\"PropertyValueSpecification\",\"valueRequired\":true,\"valueName\":\"search_term_string\"}}],\"inLanguage\":\"es\"}]}<\/script>\n<!-- \/ Yoast SEO plugin. -->","yoast_head_json":{"title":"\u00bfQu\u00e9 es una cuenta de dep\u00f3sito en garant\u00eda? | Banco Colonial Croghan","description":"Las cuentas de dep\u00f3sito en garant\u00eda incluyen los impuestos sobre la propiedad y el seguro en tu pago hipotecario. As\u00ed es como funcionan \u2014y qu\u00e9 esperar al cerrar\u2014 de Croghan.","robots":{"index":"noindex","follow":"follow","max-snippet":"max-snippet:-1","max-image-preview":"max-image-preview:large","max-video-preview":"max-video-preview:-1"},"og_locale":"es_ES","og_type":"article","og_title":"\u00bfQu\u00e9 es una cuenta de dep\u00f3sito en garant\u00eda? | Banco Colonial Croghan","og_description":"Las cuentas de dep\u00f3sito en garant\u00eda incluyen los impuestos sobre la propiedad y el seguro en tu pago hipotecario. As\u00ed es como funcionan \u2014y qu\u00e9 esperar al cerrar\u2014 de Croghan.","og_url":"https:\/\/api.croghan.bank\/es\/recursos\/solicitar-una-hipoteca\/que-es-una-cuenta-de-deposito-en-garantia\/","og_site_name":"Banco Croghan sin cabeza","article_modified_time":"2026-04-21T19:42:46+00:00","twitter_card":"summary_large_image","schema":{"@context":"https:\/\/schema.org","@graph":[{"@type":"WebPage","@id":"https:\/\/api.croghan.bank\/es\/recursos\/solicitar-una-hipoteca\/que-es-una-cuenta-de-deposito-en-garantia\/","url":"https:\/\/api.croghan.bank\/es\/recursos\/solicitar-una-hipoteca\/que-es-una-cuenta-de-deposito-en-garantia\/","name":"\u00bfQu\u00e9 es una cuenta de dep\u00f3sito en garant\u00eda? | Banco Colonial Croghan","isPartOf":{"@id":"https:\/\/api.croghan.bank\/es\/#website"},"datePublished":"2025-03-27T18:46:41+00:00","dateModified":"2026-04-21T19:42:46+00:00","description":"Las cuentas de dep\u00f3sito en garant\u00eda incluyen los impuestos sobre la propiedad y el seguro en tu pago hipotecario. As\u00ed es como funcionan \u2014y qu\u00e9 esperar al cerrar\u2014 de Croghan.","breadcrumb":{"@id":"https:\/\/api.croghan.bank\/es\/recursos\/solicitar-una-hipoteca\/que-es-una-cuenta-de-deposito-en-garantia\/#breadcrumb"},"inLanguage":"es","potentialAction":[{"@type":"ReadAction","target":["https:\/\/api.croghan.bank\/es\/recursos\/solicitar-una-hipoteca\/que-es-una-cuenta-de-deposito-en-garantia\/"]}]},{"@type":"BreadcrumbList","@id":"https:\/\/api.croghan.bank\/es\/recursos\/solicitar-una-hipoteca\/que-es-una-cuenta-de-deposito-en-garantia\/#breadcrumb","itemListElement":[{"@type":"ListItem","position":1,"name":"Hogar","item":"https:\/\/api.croghan.bank\/es\/"},{"@type":"ListItem","position":2,"name":"Recursos","item":"https:\/\/api.croghan.bank\/es\/recursos\/"},{"@type":"ListItem","position":3,"name":"Solicitar una hipoteca","item":"https:\/\/api.croghan.bank\/es\/recursos\/solicitar-una-hipoteca\/"},{"@type":"ListItem","position":4,"name":"\u00bfQu\u00e9 es una cuenta de dep\u00f3sito en garant\u00eda?"}]},{"@type":"WebSite","@id":"https:\/\/api.croghan.bank\/es\/#website","url":"https:\/\/api.croghan.bank\/es\/","name":"Banco Croghan sin cabeza","description":"","potentialAction":[{"@type":"SearchAction","target":{"@type":"EntryPoint","urlTemplate":"https:\/\/api.croghan.bank\/es\/?s={search_term_string}"},"query-input":{"@type":"PropertyValueSpecification","valueRequired":true,"valueName":"search_term_string"}}],"inLanguage":"es"}]}},"_links":{"self":[{"href":"https:\/\/api.croghan.bank\/es\/wp-json\/wp\/v2\/pages\/4556","targetHints":{"allow":["GET"]}}],"collection":[{"href":"https:\/\/api.croghan.bank\/es\/wp-json\/wp\/v2\/pages"}],"about":[{"href":"https:\/\/api.croghan.bank\/es\/wp-json\/wp\/v2\/types\/page"}],"author":[{"embeddable":true,"href":"https:\/\/api.croghan.bank\/es\/wp-json\/wp\/v2\/users\/1"}],"replies":[{"embeddable":true,"href":"https:\/\/api.croghan.bank\/es\/wp-json\/wp\/v2\/comments?post=4556"}],"version-history":[{"count":1,"href":"https:\/\/api.croghan.bank\/es\/wp-json\/wp\/v2\/pages\/4556\/revisions"}],"predecessor-version":[{"id":7565,"href":"https:\/\/api.croghan.bank\/es\/wp-json\/wp\/v2\/pages\/4556\/revisions\/7565"}],"up":[{"embeddable":true,"href":"https:\/\/api.croghan.bank\/es\/wp-json\/wp\/v2\/pages\/4461"}],"wp:attachment":[{"href":"https:\/\/api.croghan.bank\/es\/wp-json\/wp\/v2\/media?parent=4556"}],"wp:term":[{"taxonomy":"category","embeddable":true,"href":"https:\/\/api.croghan.bank\/es\/wp-json\/wp\/v2\/categories?post=4556"},{"taxonomy":"post_tag","embeddable":true,"href":"https:\/\/api.croghan.bank\/es\/wp-json\/wp\/v2\/tags?post=4556"}],"curies":[{"name":"wp","href":"https:\/\/api.w.org\/{rel}","templated":true}]}}