{"id":4557,"date":"2025-03-31T08:00:09","date_gmt":"2025-03-31T08:00:09","guid":{"rendered":"https:\/\/api.croghan.bank\/negocio\/cuentas-corrientes\/suite-de-negocios-comerciales\/"},"modified":"2026-04-21T19:43:01","modified_gmt":"2026-04-21T19:43:01","slug":"suite-de-negocios-comerciales","status":"publish","type":"page","link":"https:\/\/api.croghan.bank\/es\/negocio\/cuentas-corrientes\/suite-de-negocios-comerciales\/","title":{"rendered":"Suite de Negocios Comerciales"},"content":{"rendered":"","protected":false},"excerpt":{"rendered":"","protected":false},"author":1,"featured_media":0,"parent":4529,"menu_order":0,"comment_status":"closed","ping_status":"closed","template":"","meta":{"_acf_changed":false,"inline_featured_image":false,"footnotes":""},"categories":[],"tags":[],"class_list":["post-4557","page","type-page","status-publish","hentry"],"acf":{"modules":[{"acf_fc_layout":"bread_crumb_nav_hero","title":"<h1>Negocios Comerciales $uite<\/h1>","subtitle":"","content":"Dise\u00f1ada para empresas m\u00e1s grandes, la cuenta Commercial Business Suite ofrece funciones m\u00e1s avanzadas y flexibilidad, lo que le permite manejar necesidades bancarias comerciales complejas de manera eficiente.","buttons":[{"button":{"link":{"title":"Cont\u00e1ctenos","url":"\/contact-us","target":""},"button_style":"solid","button_color":"dBlue","opens_modal":false,"video":null}}],"module_anchor_id":"","module_padding_inner":"noPaddingInner","module_spacing_after":"defaultSpacingAfter"},{"acf_fc_layout":"floating_cards","eyebrow":"","title":"<h2>Caracter\u00edsticas y beneficios del $uite de negocios comerciales<\/h2>","content":"Esta cuenta es para uso de empresas m\u00e1s grandes con una actividad de cheques significativa y ofrece cr\u00e9dito por ganancias para reducir las tarifas de la cuenta. tiene en cuenta el volumen de transacciones. ","buttons":null,"cards_alignment":"cardsRight","card_style_type":"cardTypeBasic","floating_cards":[{"icon":"","icon_dark_mode":"","eyebrow":"","title":"<h3>Acceso conveniente<\/h3>","description":"Administre su cuenta en cualquier momento y en cualquier lugar con la banca en l\u00ednea y m\u00f3vil.","image":null,"link":null},{"icon":"","icon_dark_mode":"","eyebrow":"","title":"<h3>Compensaci\u00f3n de tarifas de servicio<\/h3>","description":"El saldo acreedor de ganancias compensa las tarifas de servicio.","image":null,"link":null}],"module_background_style":"accentTriangle","module_anchor_id":"","module_padding_inner":"noPaddingInner","module_spacing_after":"defaultSpacingAfter"},{"acf_fc_layout":"fifty_fifty_table_and_image","image":3764,"title":"<h2>Detalles de la cuenta<\/h2>","content_above_table":"","table_layout_columns":"tableTwoColumns","table_formatting_bold":"boldFirstColumn","table_2_column":[{"column_1":"M\u00ednimo para abrir:","column_2":"$100.00"},{"column_1":"Cargo mensual por servicio:","column_2":"$20.00 ($5.00 renunciables con la inscripci\u00f3n en el estado de cuenta electr\u00f3nico; Puede ser reducido o eliminado por un cr\u00e9dito por ganancias)."},{"column_1":"Cheques en papel:","column_2":"$0.17 cada uno"},{"column_1":"Boletos de dep\u00f3sito en papel:","column_2":"$0.05 OTC; $0.05 RDC"},{"column_1":"Art\u00edculos depositados en tr\u00e1nsito:","column_2":"0,15 $"},{"column_1":"Banca en l\u00ednea y alertas de cuenta:","column_2":"Gratis con alertas en tiempo real enviadas por correo electr\u00f3nico y\/o mensaje de texto."},{"column_1":"Pago de facturas comerciales:","column_2":"$10.00  "},{"column_1":"Tarjeta de Cr\u00e9dito Comercial***:","column_2":"L\u00edmites diarios personalizables para los empleados."}],"table_3_column":null,"table_4_column":null,"table_5_column":null,"content_below_table":"","module_background_color":"white","module_image_alignment":"imageRight","module_anchor_id":"","module_padding_inner":"noPaddingInner","module_spacing_after":"defaultSpacingAfter"},{"acf_fc_layout":"floating_cards","eyebrow":"","title":"<h2>Lo que puedes esperar de Croghan<\/h2>","content":"Cuando eliges Digital Business Suite, te est\u00e1s asociando con un banco local y de confianza que entiende las necesidades de tu negocio.","buttons":null,"cards_alignment":"cardsRight","card_style_type":"cardTypeBasic","floating_cards":[{"icon":3705,"icon_dark_mode":4376,"eyebrow":"","title":"<h3>Soluciones a medida para su negocio<\/h3>","description":"Ofrecemos caracter\u00edsticas y beneficios flexibles dise\u00f1ados para satisfacer las necesidades bancarias \u00fanicas de las empresas m\u00e1s grandes. Ya sea que est\u00e9 administrando transacciones complejas o simplemente buscando m\u00e1s control sobre sus cuentas, lo tenemos cubierto. ","image":null,"link":null},{"icon":3680,"icon_dark_mode":4362,"eyebrow":"","title":"<h3>Soporte y monitoreo en tiempo real<\/h3>","description":"Con acceso las 24 horas del d\u00eda, los 7 d\u00edas de la semana a la banca en l\u00ednea y alertas en tiempo real, siempre tendr\u00e1 la informaci\u00f3n que necesita al alcance de su mano. Y si alguna vez necesita ayuda, nuestro equipo dedicado est\u00e1 listo para brindar un servicio personalizado para respaldar el \u00e9xito de su negocio. ","image":null,"link":null},{"icon":3675,"icon_dark_mode":4352,"eyebrow":"","title":"<h3>Banca transparente y sencilla<\/h3>","description":"Aqu\u00ed no hay sorpresas. Mantenemos las cosas claras y directas, ofreciendo tarifas competitivas con el beneficio adicional de compensar los cargos por servicio a trav\u00e9s de nuestro programa de cr\u00e9dito por ganancias. ","image":null,"link":null}],"module_background_style":"accentTriangle","module_anchor_id":"","module_padding_inner":"noPaddingInner","module_spacing_after":"noSpacingAfter"},{"acf_fc_layout":"content_card_pattern_accent","image":3765,"eyebrow":"","title":"<h2>Abra su cuenta de Commercial Business Suite hoy mismo<\/h2>","content":"Simplifique la forma en que administra las finanzas de su empresa. Ll\u00e1menos o visite la sucursal de Croghan Colonial Bank m\u00e1s cercana. Nuestro equipo est\u00e1 aqu\u00ed para ayudarlo a comenzar con una cuenta adaptada a las necesidades de su negocio.  ","buttons":[{"button":{"link":{"title":"Ll\u00e1manos","url":"tel:8882764426","target":""},"button_style":"solid","button_color":"dBlue","opens_modal":false,"video":null}},{"button":{"link":{"title":"Buscar una ubicaci\u00f3n","url":"\/locations","target":""},"button_style":"outlined","button_color":"dBlue","opens_modal":false,"video":null}}],"disclaimer":"","module_image_alignment":"imageLeft","module_card_background_color":"cardBackgroundGrey","module_anchor_id":"","module_padding_inner":"noPaddingInner","module_spacing_after":"defaultSpacingAfter"},{"acf_fc_layout":"accordion","eyebrow":null,"accordion_items":null,"module_anchor_id":null,"module_padding_inner":null,"module_spacing_after":null},{"acf_fc_layout":"location_pre_footer","module_anchor_id":"","module_padding_inner":"noPaddingInner","module_spacing_after":"noSpacingAfter"}]},"yoast_head":"<!-- This site is optimized with the Yoast SEO plugin v27.5 - https:\/\/yoast.com\/product\/yoast-seo-wordpress\/ -->\n<title>Cuenta corriente empresarial | Negocios $uite<\/title>\n<meta name=\"description\" content=\"La cuenta corriente $uite de negocios comerciales escala con empresas en crecimiento de Ohio: gesti\u00f3n avanzada de efectivo, originaci\u00f3n ACH y soporte dedicado a tesorer\u00eda.\" \/>\n<meta name=\"robots\" content=\"noindex, follow, max-snippet:-1, max-image-preview:large, max-video-preview:-1\" \/>\n<meta property=\"og:locale\" content=\"es_ES\" \/>\n<meta property=\"og:type\" content=\"article\" \/>\n<meta property=\"og:title\" content=\"Cuenta corriente empresarial | Negocios $uite\" \/>\n<meta property=\"og:description\" content=\"La cuenta corriente $uite de negocios comerciales escala con empresas en crecimiento de Ohio: gesti\u00f3n avanzada de efectivo, originaci\u00f3n ACH y soporte dedicado a tesorer\u00eda.\" \/>\n<meta property=\"og:url\" content=\"https:\/\/api.croghan.bank\/es\/negocio\/cuentas-corrientes\/suite-de-negocios-comerciales\/\" \/>\n<meta property=\"og:site_name\" content=\"Banco Croghan sin cabeza\" \/>\n<meta property=\"article:modified_time\" content=\"2026-04-21T19:43:01+00:00\" \/>\n<meta name=\"twitter:card\" content=\"summary_large_image\" \/>\n<script type=\"application\/ld+json\" class=\"yoast-schema-graph\">{\"@context\":\"https:\\\/\\\/schema.org\",\"@graph\":[{\"@type\":\"WebPage\",\"@id\":\"https:\\\/\\\/api.croghan.bank\\\/es\\\/negocio\\\/cuentas-corrientes\\\/suite-de-negocios-comerciales\\\/\",\"url\":\"https:\\\/\\\/api.croghan.bank\\\/es\\\/negocio\\\/cuentas-corrientes\\\/suite-de-negocios-comerciales\\\/\",\"name\":\"Cuenta corriente empresarial | Negocios $uite\",\"isPartOf\":{\"@id\":\"https:\\\/\\\/api.croghan.bank\\\/es\\\/#website\"},\"datePublished\":\"2025-03-31T08:00:09+00:00\",\"dateModified\":\"2026-04-21T19:43:01+00:00\",\"description\":\"La cuenta corriente $uite de negocios comerciales escala con empresas en crecimiento de Ohio: gesti\u00f3n avanzada de efectivo, originaci\u00f3n ACH y soporte dedicado a tesorer\u00eda.\",\"breadcrumb\":{\"@id\":\"https:\\\/\\\/api.croghan.bank\\\/es\\\/negocio\\\/cuentas-corrientes\\\/suite-de-negocios-comerciales\\\/#breadcrumb\"},\"inLanguage\":\"es\",\"potentialAction\":[{\"@type\":\"ReadAction\",\"target\":[\"https:\\\/\\\/api.croghan.bank\\\/es\\\/negocio\\\/cuentas-corrientes\\\/suite-de-negocios-comerciales\\\/\"]}]},{\"@type\":\"BreadcrumbList\",\"@id\":\"https:\\\/\\\/api.croghan.bank\\\/es\\\/negocio\\\/cuentas-corrientes\\\/suite-de-negocios-comerciales\\\/#breadcrumb\",\"itemListElement\":[{\"@type\":\"ListItem\",\"position\":1,\"name\":\"Hogar\",\"item\":\"https:\\\/\\\/api.croghan.bank\\\/es\\\/\"},{\"@type\":\"ListItem\",\"position\":2,\"name\":\"Negocio\",\"item\":\"https:\\\/\\\/api.croghan.bank\\\/es\\\/negocio\\\/\"},{\"@type\":\"ListItem\",\"position\":3,\"name\":\"Cuentas Corrientes\",\"item\":\"https:\\\/\\\/api.croghan.bank\\\/es\\\/negocio\\\/cuentas-corrientes\\\/\"},{\"@type\":\"ListItem\",\"position\":4,\"name\":\"Suite de Negocios Comerciales\"}]},{\"@type\":\"WebSite\",\"@id\":\"https:\\\/\\\/api.croghan.bank\\\/es\\\/#website\",\"url\":\"https:\\\/\\\/api.croghan.bank\\\/es\\\/\",\"name\":\"Banco Croghan sin cabeza\",\"description\":\"\",\"potentialAction\":[{\"@type\":\"SearchAction\",\"target\":{\"@type\":\"EntryPoint\",\"urlTemplate\":\"https:\\\/\\\/api.croghan.bank\\\/es\\\/?s={search_term_string}\"},\"query-input\":{\"@type\":\"PropertyValueSpecification\",\"valueRequired\":true,\"valueName\":\"search_term_string\"}}],\"inLanguage\":\"es\"}]}<\/script>\n<!-- \/ Yoast SEO plugin. -->","yoast_head_json":{"title":"Cuenta corriente empresarial | Negocios $uite","description":"La cuenta corriente $uite de negocios comerciales escala con empresas en crecimiento de Ohio: gesti\u00f3n avanzada de efectivo, originaci\u00f3n ACH y soporte dedicado a tesorer\u00eda.","robots":{"index":"noindex","follow":"follow","max-snippet":"max-snippet:-1","max-image-preview":"max-image-preview:large","max-video-preview":"max-video-preview:-1"},"og_locale":"es_ES","og_type":"article","og_title":"Cuenta corriente empresarial | Negocios $uite","og_description":"La cuenta corriente $uite de negocios comerciales escala con empresas en crecimiento de Ohio: gesti\u00f3n avanzada de efectivo, originaci\u00f3n ACH y soporte dedicado a tesorer\u00eda.","og_url":"https:\/\/api.croghan.bank\/es\/negocio\/cuentas-corrientes\/suite-de-negocios-comerciales\/","og_site_name":"Banco Croghan sin cabeza","article_modified_time":"2026-04-21T19:43:01+00:00","twitter_card":"summary_large_image","schema":{"@context":"https:\/\/schema.org","@graph":[{"@type":"WebPage","@id":"https:\/\/api.croghan.bank\/es\/negocio\/cuentas-corrientes\/suite-de-negocios-comerciales\/","url":"https:\/\/api.croghan.bank\/es\/negocio\/cuentas-corrientes\/suite-de-negocios-comerciales\/","name":"Cuenta corriente empresarial | Negocios $uite","isPartOf":{"@id":"https:\/\/api.croghan.bank\/es\/#website"},"datePublished":"2025-03-31T08:00:09+00:00","dateModified":"2026-04-21T19:43:01+00:00","description":"La cuenta corriente $uite de negocios comerciales escala con empresas en crecimiento de Ohio: gesti\u00f3n avanzada de efectivo, originaci\u00f3n ACH y soporte dedicado a tesorer\u00eda.","breadcrumb":{"@id":"https:\/\/api.croghan.bank\/es\/negocio\/cuentas-corrientes\/suite-de-negocios-comerciales\/#breadcrumb"},"inLanguage":"es","potentialAction":[{"@type":"ReadAction","target":["https:\/\/api.croghan.bank\/es\/negocio\/cuentas-corrientes\/suite-de-negocios-comerciales\/"]}]},{"@type":"BreadcrumbList","@id":"https:\/\/api.croghan.bank\/es\/negocio\/cuentas-corrientes\/suite-de-negocios-comerciales\/#breadcrumb","itemListElement":[{"@type":"ListItem","position":1,"name":"Hogar","item":"https:\/\/api.croghan.bank\/es\/"},{"@type":"ListItem","position":2,"name":"Negocio","item":"https:\/\/api.croghan.bank\/es\/negocio\/"},{"@type":"ListItem","position":3,"name":"Cuentas Corrientes","item":"https:\/\/api.croghan.bank\/es\/negocio\/cuentas-corrientes\/"},{"@type":"ListItem","position":4,"name":"Suite de Negocios Comerciales"}]},{"@type":"WebSite","@id":"https:\/\/api.croghan.bank\/es\/#website","url":"https:\/\/api.croghan.bank\/es\/","name":"Banco Croghan sin cabeza","description":"","potentialAction":[{"@type":"SearchAction","target":{"@type":"EntryPoint","urlTemplate":"https:\/\/api.croghan.bank\/es\/?s={search_term_string}"},"query-input":{"@type":"PropertyValueSpecification","valueRequired":true,"valueName":"search_term_string"}}],"inLanguage":"es"}]}},"_links":{"self":[{"href":"https:\/\/api.croghan.bank\/es\/wp-json\/wp\/v2\/pages\/4557","targetHints":{"allow":["GET"]}}],"collection":[{"href":"https:\/\/api.croghan.bank\/es\/wp-json\/wp\/v2\/pages"}],"about":[{"href":"https:\/\/api.croghan.bank\/es\/wp-json\/wp\/v2\/types\/page"}],"author":[{"embeddable":true,"href":"https:\/\/api.croghan.bank\/es\/wp-json\/wp\/v2\/users\/1"}],"replies":[{"embeddable":true,"href":"https:\/\/api.croghan.bank\/es\/wp-json\/wp\/v2\/comments?post=4557"}],"version-history":[{"count":1,"href":"https:\/\/api.croghan.bank\/es\/wp-json\/wp\/v2\/pages\/4557\/revisions"}],"predecessor-version":[{"id":7587,"href":"https:\/\/api.croghan.bank\/es\/wp-json\/wp\/v2\/pages\/4557\/revisions\/7587"}],"up":[{"embeddable":true,"href":"https:\/\/api.croghan.bank\/es\/wp-json\/wp\/v2\/pages\/4529"}],"wp:attachment":[{"href":"https:\/\/api.croghan.bank\/es\/wp-json\/wp\/v2\/media?parent=4557"}],"wp:term":[{"taxonomy":"category","embeddable":true,"href":"https:\/\/api.croghan.bank\/es\/wp-json\/wp\/v2\/categories?post=4557"},{"taxonomy":"post_tag","embeddable":true,"href":"https:\/\/api.croghan.bank\/es\/wp-json\/wp\/v2\/tags?post=4557"}],"curies":[{"name":"wp","href":"https:\/\/api.w.org\/{rel}","templated":true}]}}