{"id":4559,"date":"2025-04-10T14:49:39","date_gmt":"2025-04-10T14:49:39","guid":{"rendered":"https:\/\/api.croghan.bank\/recursos\/calculadoras\/calculadora-de-prestamos-para-embarcaciones\/"},"modified":"2026-04-22T12:42:52","modified_gmt":"2026-04-22T12:42:52","slug":"calculadora-de-prestamos-para-embarcaciones","status":"publish","type":"page","link":"https:\/\/api.croghan.bank\/es\/recursos\/calculadoras\/calculadora-de-prestamos-para-embarcaciones\/","title":{"rendered":"Calculadora de pr\u00e9stamos para embarcaciones"},"content":{"rendered":"","protected":false},"excerpt":{"rendered":"","protected":false},"author":1,"featured_media":0,"parent":4426,"menu_order":0,"comment_status":"closed","ping_status":"closed","template":"","meta":{"_acf_changed":false,"inline_featured_image":false,"footnotes":""},"categories":[],"tags":[],"class_list":["post-4559","page","type-page","status-publish","hentry"],"acf":{"modules":[{"acf_fc_layout":"bread_crumb_nav_hero","title":"<h1>Calculadora de pr\u00e9stamos para embarcaciones<\/h1>","subtitle":"","content":"Utilice esta calculadora para ayudarle a determinar el pago de su pr\u00e9stamo de embarcaci\u00f3n o el precio de compra de su embarcaci\u00f3n. Una vez que haya ingresado su informaci\u00f3n actual, use las opciones del gr\u00e1fico para ver c\u00f3mo los diferentes t\u00e9rminos del pr\u00e9stamo o los pagos iniciales pueden afectar su pago mensual. Tambi\u00e9n puede examinar su programa de amortizaci\u00f3n completo haciendo clic en el bot\u00f3n \"Ver informe\".  ","buttons":[{"button":{"link":{"title":"Cont\u00e1ctenos","url":"\/contact-us","target":""},"button_style":"solid","button_color":"blue","opens_modal":false,"video":null}}],"module_anchor_id":"","module_padding_inner":"noPaddingInner","module_spacing_after":"defaultSpacingAfter"},{"acf_fc_layout":"basic_content","content":"<div id=\"KJEAllContent\"><\/div>\n<script type=\"text\/javascript\" src=\"\/calculator\/KJE.js\"><\/script>\n<script type=\"text\/javascript\" src=\"\/calculator\/KJESiteSpecific.js\"><\/script>\n<script type=\"text\/javascript\" src=\"\/calculator\/BoatLoan.js\"><\/script>\n<script type=\"text\/javascript\" src=\"\/calculator\/BoatLoanParams.js\"><\/script>","module_background_color":"white","module_anchor_id":"","module_padding_inner":"noPaddingInner","module_spacing_after":"defaultSpacingAfter"}]},"yoast_head":"<!-- This site is optimized with the Yoast SEO plugin v27.5 - https:\/\/yoast.com\/product\/yoast-seo-wordpress\/ -->\n<title>Calculadora de pr\u00e9stamos para barcos | Banco Colonial Croghan<\/title>\n<meta name=\"description\" content=\"Estima tu pago mensual del pr\u00e9stamo para barcos o el precio de compra que puedes permitirte con la calculadora gratuita de pr\u00e9stamos para barcos de Croghan. Planifica antes de comprar en el agua.\" \/>\n<meta name=\"robots\" content=\"noindex, follow, max-snippet:-1, max-image-preview:large, max-video-preview:-1\" \/>\n<meta property=\"og:locale\" content=\"es_ES\" \/>\n<meta property=\"og:type\" content=\"article\" \/>\n<meta property=\"og:title\" content=\"Calculadora de pr\u00e9stamos para barcos | Banco Colonial Croghan\" \/>\n<meta property=\"og:description\" content=\"Estima tu pago mensual del pr\u00e9stamo para barcos o el precio de compra que puedes permitirte con la calculadora gratuita de pr\u00e9stamos para barcos de Croghan. Planifica antes de comprar en el agua.\" \/>\n<meta property=\"og:url\" content=\"https:\/\/api.croghan.bank\/es\/recursos\/calculadoras\/calculadora-de-prestamos-para-embarcaciones\/\" \/>\n<meta property=\"og:site_name\" content=\"Banco Croghan sin cabeza\" \/>\n<meta property=\"article:modified_time\" content=\"2026-04-22T12:42:52+00:00\" \/>\n<meta name=\"twitter:card\" content=\"summary_large_image\" \/>\n<script type=\"application\/ld+json\" class=\"yoast-schema-graph\">{\"@context\":\"https:\\\/\\\/schema.org\",\"@graph\":[{\"@type\":\"WebPage\",\"@id\":\"https:\\\/\\\/api.croghan.bank\\\/es\\\/recursos\\\/calculadoras\\\/calculadora-de-prestamos-para-embarcaciones\\\/\",\"url\":\"https:\\\/\\\/api.croghan.bank\\\/es\\\/recursos\\\/calculadoras\\\/calculadora-de-prestamos-para-embarcaciones\\\/\",\"name\":\"Calculadora de pr\u00e9stamos para barcos | Banco Colonial Croghan\",\"isPartOf\":{\"@id\":\"https:\\\/\\\/api.croghan.bank\\\/es\\\/#website\"},\"datePublished\":\"2025-04-10T14:49:39+00:00\",\"dateModified\":\"2026-04-22T12:42:52+00:00\",\"description\":\"Estima tu pago mensual del pr\u00e9stamo para barcos o el precio de compra que puedes permitirte con la calculadora gratuita de pr\u00e9stamos para barcos de Croghan. Planifica antes de comprar en el agua.\",\"breadcrumb\":{\"@id\":\"https:\\\/\\\/api.croghan.bank\\\/es\\\/recursos\\\/calculadoras\\\/calculadora-de-prestamos-para-embarcaciones\\\/#breadcrumb\"},\"inLanguage\":\"es\",\"potentialAction\":[{\"@type\":\"ReadAction\",\"target\":[\"https:\\\/\\\/api.croghan.bank\\\/es\\\/recursos\\\/calculadoras\\\/calculadora-de-prestamos-para-embarcaciones\\\/\"]}]},{\"@type\":\"BreadcrumbList\",\"@id\":\"https:\\\/\\\/api.croghan.bank\\\/es\\\/recursos\\\/calculadoras\\\/calculadora-de-prestamos-para-embarcaciones\\\/#breadcrumb\",\"itemListElement\":[{\"@type\":\"ListItem\",\"position\":1,\"name\":\"Hogar\",\"item\":\"https:\\\/\\\/api.croghan.bank\\\/es\\\/\"},{\"@type\":\"ListItem\",\"position\":2,\"name\":\"Recursos\",\"item\":\"https:\\\/\\\/api.croghan.bank\\\/es\\\/recursos\\\/\"},{\"@type\":\"ListItem\",\"position\":3,\"name\":\"Calculadoras\",\"item\":\"https:\\\/\\\/api.croghan.bank\\\/es\\\/recursos\\\/calculadoras\\\/\"},{\"@type\":\"ListItem\",\"position\":4,\"name\":\"Calculadora de pr\u00e9stamos para embarcaciones\"}]},{\"@type\":\"WebSite\",\"@id\":\"https:\\\/\\\/api.croghan.bank\\\/es\\\/#website\",\"url\":\"https:\\\/\\\/api.croghan.bank\\\/es\\\/\",\"name\":\"Banco Croghan sin cabeza\",\"description\":\"\",\"potentialAction\":[{\"@type\":\"SearchAction\",\"target\":{\"@type\":\"EntryPoint\",\"urlTemplate\":\"https:\\\/\\\/api.croghan.bank\\\/es\\\/?s={search_term_string}\"},\"query-input\":{\"@type\":\"PropertyValueSpecification\",\"valueRequired\":true,\"valueName\":\"search_term_string\"}}],\"inLanguage\":\"es\"}]}<\/script>\n<!-- \/ Yoast SEO plugin. -->","yoast_head_json":{"title":"Calculadora de pr\u00e9stamos para barcos | Banco Colonial Croghan","description":"Estima tu pago mensual del pr\u00e9stamo para barcos o el precio de compra que puedes permitirte con la calculadora gratuita de pr\u00e9stamos para barcos de Croghan. Planifica antes de comprar en el agua.","robots":{"index":"noindex","follow":"follow","max-snippet":"max-snippet:-1","max-image-preview":"max-image-preview:large","max-video-preview":"max-video-preview:-1"},"og_locale":"es_ES","og_type":"article","og_title":"Calculadora de pr\u00e9stamos para barcos | Banco Colonial Croghan","og_description":"Estima tu pago mensual del pr\u00e9stamo para barcos o el precio de compra que puedes permitirte con la calculadora gratuita de pr\u00e9stamos para barcos de Croghan. Planifica antes de comprar en el agua.","og_url":"https:\/\/api.croghan.bank\/es\/recursos\/calculadoras\/calculadora-de-prestamos-para-embarcaciones\/","og_site_name":"Banco Croghan sin cabeza","article_modified_time":"2026-04-22T12:42:52+00:00","twitter_card":"summary_large_image","schema":{"@context":"https:\/\/schema.org","@graph":[{"@type":"WebPage","@id":"https:\/\/api.croghan.bank\/es\/recursos\/calculadoras\/calculadora-de-prestamos-para-embarcaciones\/","url":"https:\/\/api.croghan.bank\/es\/recursos\/calculadoras\/calculadora-de-prestamos-para-embarcaciones\/","name":"Calculadora de pr\u00e9stamos para barcos | Banco Colonial Croghan","isPartOf":{"@id":"https:\/\/api.croghan.bank\/es\/#website"},"datePublished":"2025-04-10T14:49:39+00:00","dateModified":"2026-04-22T12:42:52+00:00","description":"Estima tu pago mensual del pr\u00e9stamo para barcos o el precio de compra que puedes permitirte con la calculadora gratuita de pr\u00e9stamos para barcos de Croghan. Planifica antes de comprar en el agua.","breadcrumb":{"@id":"https:\/\/api.croghan.bank\/es\/recursos\/calculadoras\/calculadora-de-prestamos-para-embarcaciones\/#breadcrumb"},"inLanguage":"es","potentialAction":[{"@type":"ReadAction","target":["https:\/\/api.croghan.bank\/es\/recursos\/calculadoras\/calculadora-de-prestamos-para-embarcaciones\/"]}]},{"@type":"BreadcrumbList","@id":"https:\/\/api.croghan.bank\/es\/recursos\/calculadoras\/calculadora-de-prestamos-para-embarcaciones\/#breadcrumb","itemListElement":[{"@type":"ListItem","position":1,"name":"Hogar","item":"https:\/\/api.croghan.bank\/es\/"},{"@type":"ListItem","position":2,"name":"Recursos","item":"https:\/\/api.croghan.bank\/es\/recursos\/"},{"@type":"ListItem","position":3,"name":"Calculadoras","item":"https:\/\/api.croghan.bank\/es\/recursos\/calculadoras\/"},{"@type":"ListItem","position":4,"name":"Calculadora de pr\u00e9stamos para embarcaciones"}]},{"@type":"WebSite","@id":"https:\/\/api.croghan.bank\/es\/#website","url":"https:\/\/api.croghan.bank\/es\/","name":"Banco Croghan sin cabeza","description":"","potentialAction":[{"@type":"SearchAction","target":{"@type":"EntryPoint","urlTemplate":"https:\/\/api.croghan.bank\/es\/?s={search_term_string}"},"query-input":{"@type":"PropertyValueSpecification","valueRequired":true,"valueName":"search_term_string"}}],"inLanguage":"es"}]}},"_links":{"self":[{"href":"https:\/\/api.croghan.bank\/es\/wp-json\/wp\/v2\/pages\/4559","targetHints":{"allow":["GET"]}}],"collection":[{"href":"https:\/\/api.croghan.bank\/es\/wp-json\/wp\/v2\/pages"}],"about":[{"href":"https:\/\/api.croghan.bank\/es\/wp-json\/wp\/v2\/types\/page"}],"author":[{"embeddable":true,"href":"https:\/\/api.croghan.bank\/es\/wp-json\/wp\/v2\/users\/1"}],"replies":[{"embeddable":true,"href":"https:\/\/api.croghan.bank\/es\/wp-json\/wp\/v2\/comments?post=4559"}],"version-history":[{"count":1,"href":"https:\/\/api.croghan.bank\/es\/wp-json\/wp\/v2\/pages\/4559\/revisions"}],"predecessor-version":[{"id":7637,"href":"https:\/\/api.croghan.bank\/es\/wp-json\/wp\/v2\/pages\/4559\/revisions\/7637"}],"up":[{"embeddable":true,"href":"https:\/\/api.croghan.bank\/es\/wp-json\/wp\/v2\/pages\/4426"}],"wp:attachment":[{"href":"https:\/\/api.croghan.bank\/es\/wp-json\/wp\/v2\/media?parent=4559"}],"wp:term":[{"taxonomy":"category","embeddable":true,"href":"https:\/\/api.croghan.bank\/es\/wp-json\/wp\/v2\/categories?post=4559"},{"taxonomy":"post_tag","embeddable":true,"href":"https:\/\/api.croghan.bank\/es\/wp-json\/wp\/v2\/tags?post=4559"}],"curies":[{"name":"wp","href":"https:\/\/api.w.org\/{rel}","templated":true}]}}