{"id":5668,"date":"2025-08-25T15:47:09","date_gmt":"2025-08-25T15:47:09","guid":{"rendered":"https:\/\/api.croghan.bank\/?page_id=5668"},"modified":"2026-04-21T19:42:52","modified_gmt":"2026-04-21T19:42:52","slug":"noticia-2","status":"publish","type":"page","link":"https:\/\/api.croghan.bank\/es\/sobre-nosotros\/noticia-2\/","title":{"rendered":"Noticia"},"content":{"rendered":"","protected":false},"excerpt":{"rendered":"","protected":false},"author":1,"featured_media":0,"parent":4470,"menu_order":0,"comment_status":"closed","ping_status":"closed","template":"","meta":{"_acf_changed":false,"inline_featured_image":false,"footnotes":""},"categories":[],"tags":[],"class_list":["post-5668","page","type-page","status-publish","hentry"],"acf":{"modules":[{"acf_fc_layout":"bread_crumb_nav_hero","title":"<h1>\u00a1Mantente al d\u00eda sobre todo lo relacionado con Croghan Nation!<\/h1>","subtitle":"","content":"Nos encanta mantenernos conectados con nuestra comunidad y compartir recursos \u00fatiles. \u00a1Suscr\u00edbase a nuestro bolet\u00edn trimestral para recibir consejos financieros, actualizaciones sobre nuevos productos y servicios, y los \u00faltimos acontecimientos en Croghan Colonial Bank! ","buttons":[{"button":{"link":{"title":"Suscr\u00edbete a tu bolet\u00edn personal","url":"https:\/\/lp.constantcontactpages.com\/su\/l9moVFt","target":"_blank"},"button_style":"solid","button_color":"dBlue","opens_modal":false,"video":null}},{"button":{"link":{"title":"Suscr\u00edbete a la Newsletter Empresarial","url":"https:\/\/lp.constantcontactpages.com\/su\/vyqCmll","target":"_blank"},"button_style":"outlined","button_color":"dBlue","opens_modal":false,"video":null}}],"module_anchor_id":"","module_padding_inner":"noPaddingInner","module_spacing_after":"defaultSpacingAfter"},{"acf_fc_layout":"news_listing","title":"T\u00edtulo","module_anchor_id":"","module_padding_inner":"noPaddingInner","module_spacing_after":"defaultSpacingAfter"},{"acf_fc_layout":"location_pre_footer","module_anchor_id":"","module_padding_inner":"noPaddingInner","module_spacing_after":"noSpacingAfter"}]},"yoast_head":"<!-- This site is optimized with the Yoast SEO plugin v27.5 - https:\/\/yoast.com\/product\/yoast-seo-wordpress\/ -->\n<title>Noticias Financieras y Bancarias | Banco Colonial Croghan<\/title>\n<meta name=\"description\" content=\"Lee las \u00faltimas noticias de Croghan Colonial Bank: anuncios de equipos, eventos comunitarios, actualizaciones de productos y perspectivas bancarias del noroeste de Ohio.\" \/>\n<meta name=\"robots\" content=\"noindex, follow, max-snippet:-1, max-image-preview:large, max-video-preview:-1\" \/>\n<meta property=\"og:locale\" content=\"es_ES\" \/>\n<meta property=\"og:type\" content=\"article\" \/>\n<meta property=\"og:title\" content=\"Noticias Financieras y Bancarias | Banco Colonial Croghan\" \/>\n<meta property=\"og:description\" content=\"Lee las \u00faltimas noticias de Croghan Colonial Bank: anuncios de equipos, eventos comunitarios, actualizaciones de productos y perspectivas bancarias del noroeste de Ohio.\" \/>\n<meta property=\"og:url\" content=\"https:\/\/api.croghan.bank\/es\/sobre-nosotros\/noticia-2\/\" \/>\n<meta property=\"og:site_name\" content=\"Banco Croghan sin cabeza\" \/>\n<meta property=\"article:modified_time\" content=\"2026-04-21T19:42:52+00:00\" \/>\n<meta name=\"twitter:card\" content=\"summary_large_image\" \/>\n<script type=\"application\/ld+json\" class=\"yoast-schema-graph\">{\"@context\":\"https:\\\/\\\/schema.org\",\"@graph\":[{\"@type\":\"WebPage\",\"@id\":\"https:\\\/\\\/api.croghan.bank\\\/es\\\/sobre-nosotros\\\/noticia-2\\\/\",\"url\":\"https:\\\/\\\/api.croghan.bank\\\/es\\\/sobre-nosotros\\\/noticia-2\\\/\",\"name\":\"Noticias Financieras y Bancarias | Banco Colonial Croghan\",\"isPartOf\":{\"@id\":\"https:\\\/\\\/api.croghan.bank\\\/es\\\/#website\"},\"datePublished\":\"2025-08-25T15:47:09+00:00\",\"dateModified\":\"2026-04-21T19:42:52+00:00\",\"description\":\"Lee las \u00faltimas noticias de Croghan Colonial Bank: anuncios de equipos, eventos comunitarios, actualizaciones de productos y perspectivas bancarias del noroeste de Ohio.\",\"breadcrumb\":{\"@id\":\"https:\\\/\\\/api.croghan.bank\\\/es\\\/sobre-nosotros\\\/noticia-2\\\/#breadcrumb\"},\"inLanguage\":\"es\",\"potentialAction\":[{\"@type\":\"ReadAction\",\"target\":[\"https:\\\/\\\/api.croghan.bank\\\/es\\\/sobre-nosotros\\\/noticia-2\\\/\"]}]},{\"@type\":\"BreadcrumbList\",\"@id\":\"https:\\\/\\\/api.croghan.bank\\\/es\\\/sobre-nosotros\\\/noticia-2\\\/#breadcrumb\",\"itemListElement\":[{\"@type\":\"ListItem\",\"position\":1,\"name\":\"Hogar\",\"item\":\"https:\\\/\\\/api.croghan.bank\\\/es\\\/\"},{\"@type\":\"ListItem\",\"position\":2,\"name\":\"Sobre nosotros\",\"item\":\"https:\\\/\\\/api.croghan.bank\\\/es\\\/sobre-nosotros\\\/\"},{\"@type\":\"ListItem\",\"position\":3,\"name\":\"Noticia\"}]},{\"@type\":\"WebSite\",\"@id\":\"https:\\\/\\\/api.croghan.bank\\\/es\\\/#website\",\"url\":\"https:\\\/\\\/api.croghan.bank\\\/es\\\/\",\"name\":\"Banco Croghan sin cabeza\",\"description\":\"\",\"potentialAction\":[{\"@type\":\"SearchAction\",\"target\":{\"@type\":\"EntryPoint\",\"urlTemplate\":\"https:\\\/\\\/api.croghan.bank\\\/es\\\/?s={search_term_string}\"},\"query-input\":{\"@type\":\"PropertyValueSpecification\",\"valueRequired\":true,\"valueName\":\"search_term_string\"}}],\"inLanguage\":\"es\"}]}<\/script>\n<!-- \/ Yoast SEO plugin. -->","yoast_head_json":{"title":"Noticias Financieras y Bancarias | Banco Colonial Croghan","description":"Lee las \u00faltimas noticias de Croghan Colonial Bank: anuncios de equipos, eventos comunitarios, actualizaciones de productos y perspectivas bancarias del noroeste de Ohio.","robots":{"index":"noindex","follow":"follow","max-snippet":"max-snippet:-1","max-image-preview":"max-image-preview:large","max-video-preview":"max-video-preview:-1"},"og_locale":"es_ES","og_type":"article","og_title":"Noticias Financieras y Bancarias | Banco Colonial Croghan","og_description":"Lee las \u00faltimas noticias de Croghan Colonial Bank: anuncios de equipos, eventos comunitarios, actualizaciones de productos y perspectivas bancarias del noroeste de Ohio.","og_url":"https:\/\/api.croghan.bank\/es\/sobre-nosotros\/noticia-2\/","og_site_name":"Banco Croghan sin cabeza","article_modified_time":"2026-04-21T19:42:52+00:00","twitter_card":"summary_large_image","schema":{"@context":"https:\/\/schema.org","@graph":[{"@type":"WebPage","@id":"https:\/\/api.croghan.bank\/es\/sobre-nosotros\/noticia-2\/","url":"https:\/\/api.croghan.bank\/es\/sobre-nosotros\/noticia-2\/","name":"Noticias Financieras y Bancarias | Banco Colonial Croghan","isPartOf":{"@id":"https:\/\/api.croghan.bank\/es\/#website"},"datePublished":"2025-08-25T15:47:09+00:00","dateModified":"2026-04-21T19:42:52+00:00","description":"Lee las \u00faltimas noticias de Croghan Colonial Bank: anuncios de equipos, eventos comunitarios, actualizaciones de productos y perspectivas bancarias del noroeste de Ohio.","breadcrumb":{"@id":"https:\/\/api.croghan.bank\/es\/sobre-nosotros\/noticia-2\/#breadcrumb"},"inLanguage":"es","potentialAction":[{"@type":"ReadAction","target":["https:\/\/api.croghan.bank\/es\/sobre-nosotros\/noticia-2\/"]}]},{"@type":"BreadcrumbList","@id":"https:\/\/api.croghan.bank\/es\/sobre-nosotros\/noticia-2\/#breadcrumb","itemListElement":[{"@type":"ListItem","position":1,"name":"Hogar","item":"https:\/\/api.croghan.bank\/es\/"},{"@type":"ListItem","position":2,"name":"Sobre nosotros","item":"https:\/\/api.croghan.bank\/es\/sobre-nosotros\/"},{"@type":"ListItem","position":3,"name":"Noticia"}]},{"@type":"WebSite","@id":"https:\/\/api.croghan.bank\/es\/#website","url":"https:\/\/api.croghan.bank\/es\/","name":"Banco Croghan sin cabeza","description":"","potentialAction":[{"@type":"SearchAction","target":{"@type":"EntryPoint","urlTemplate":"https:\/\/api.croghan.bank\/es\/?s={search_term_string}"},"query-input":{"@type":"PropertyValueSpecification","valueRequired":true,"valueName":"search_term_string"}}],"inLanguage":"es"}]}},"_links":{"self":[{"href":"https:\/\/api.croghan.bank\/es\/wp-json\/wp\/v2\/pages\/5668","targetHints":{"allow":["GET"]}}],"collection":[{"href":"https:\/\/api.croghan.bank\/es\/wp-json\/wp\/v2\/pages"}],"about":[{"href":"https:\/\/api.croghan.bank\/es\/wp-json\/wp\/v2\/types\/page"}],"author":[{"embeddable":true,"href":"https:\/\/api.croghan.bank\/es\/wp-json\/wp\/v2\/users\/1"}],"replies":[{"embeddable":true,"href":"https:\/\/api.croghan.bank\/es\/wp-json\/wp\/v2\/comments?post=5668"}],"version-history":[{"count":1,"href":"https:\/\/api.croghan.bank\/es\/wp-json\/wp\/v2\/pages\/5668\/revisions"}],"predecessor-version":[{"id":7573,"href":"https:\/\/api.croghan.bank\/es\/wp-json\/wp\/v2\/pages\/5668\/revisions\/7573"}],"up":[{"embeddable":true,"href":"https:\/\/api.croghan.bank\/es\/wp-json\/wp\/v2\/pages\/4470"}],"wp:attachment":[{"href":"https:\/\/api.croghan.bank\/es\/wp-json\/wp\/v2\/media?parent=5668"}],"wp:term":[{"taxonomy":"category","embeddable":true,"href":"https:\/\/api.croghan.bank\/es\/wp-json\/wp\/v2\/categories?post=5668"},{"taxonomy":"post_tag","embeddable":true,"href":"https:\/\/api.croghan.bank\/es\/wp-json\/wp\/v2\/tags?post=5668"}],"curies":[{"name":"wp","href":"https:\/\/api.w.org\/{rel}","templated":true}]}}