{"id":5690,"date":"2025-08-26T09:00:17","date_gmt":"2025-08-26T09:00:17","guid":{"rendered":"https:\/\/api.croghan.bank\/?page_id=5690"},"modified":"2026-04-21T19:42:40","modified_gmt":"2026-04-21T19:42:40","slug":"nuestro-equipo-2","status":"publish","type":"page","link":"https:\/\/api.croghan.bank\/es\/sobre-nosotros\/nuestro-equipo\/nuestro-equipo-2\/","title":{"rendered":"Equipo de Banca Personal"},"content":{"rendered":"","protected":false},"excerpt":{"rendered":"","protected":false},"author":1,"featured_media":0,"parent":4467,"menu_order":0,"comment_status":"closed","ping_status":"closed","template":"","meta":{"_acf_changed":false,"inline_featured_image":false,"footnotes":""},"categories":[],"tags":[],"class_list":["post-5690","page","type-page","status-publish","hentry"],"acf":{"modules":[{"acf_fc_layout":"bread_crumb_nav_hero","title":"<h1>Nuestros expertos est\u00e1n aqu\u00ed para usted<\/h1>","subtitle":"","content":"En Croghan Colonial Bank, estamos comprometidos a construir relaciones s\u00f3lidas con la comunidad. Orgullosamente sirviendo a los condados de Sandusky, Erie, Huron, Lucas, Ottawa y Seneca, nos enorgullecemos de ser un l\u00edder confiable en banca comunitaria. Nuestro objetivo es ayudar a las personas, familias y empresas a alcanzar sus sue\u00f1os financieros ofreciendo orientaci\u00f3n experta y soluciones personalizadas.  ","buttons":null,"module_anchor_id":"","module_padding_inner":"noPaddingInner","module_spacing_after":"defaultSpacingAfter"},{"acf_fc_layout":"team_listing_full","title":"<h2>Equipo de Banca Personal<\/h2>","content":"Nuestro equipo de Banca Personal se dedica a ayudar a individuos y familias con una variedad de necesidades bancarias. Desde la apertura de su primera cuenta hasta la educaci\u00f3n financiera, estamos aqu\u00ed para facilitar las operaciones bancarias y ayudarlo a alcanzar sus objetivos financieros. ","module_anchor_id":"","module_padding_inner":"noPaddingInner","module_spacing_after":"defaultSpacingAfter"},{"acf_fc_layout":"location_pre_footer","module_anchor_id":"","module_padding_inner":"noPaddingInner","module_spacing_after":"noSpacingAfter"}]},"yoast_head":"<!-- This site is optimized with the Yoast SEO plugin v27.5 - https:\/\/yoast.com\/product\/yoast-seo-wordpress\/ -->\n<title>Equipo de Banca Personal | Banco Colonial Croghan<\/title>\n<meta name=\"description\" content=\"Conoce al equipo de banca personal de Croghan Colonial Bank \u2014 banqueros locales que ayudan a clientes de los condados de Sandusky, Erie, Huron, Ottawa y Seneca a alcanzar sus metas financieras.\" \/>\n<meta name=\"robots\" content=\"noindex, follow, max-snippet:-1, max-image-preview:large, max-video-preview:-1\" \/>\n<meta property=\"og:locale\" content=\"es_ES\" \/>\n<meta property=\"og:type\" content=\"article\" \/>\n<meta property=\"og:title\" content=\"Equipo de Banca Personal | Banco Colonial Croghan\" \/>\n<meta property=\"og:description\" content=\"Conoce al equipo de banca personal de Croghan Colonial Bank \u2014 banqueros locales que ayudan a clientes de los condados de Sandusky, Erie, Huron, Ottawa y Seneca a alcanzar sus metas financieras.\" \/>\n<meta property=\"og:url\" content=\"https:\/\/api.croghan.bank\/es\/sobre-nosotros\/nuestro-equipo\/nuestro-equipo-2\/\" \/>\n<meta property=\"og:site_name\" content=\"Banco Croghan sin cabeza\" \/>\n<meta property=\"article:modified_time\" content=\"2026-04-21T19:42:40+00:00\" \/>\n<meta name=\"twitter:card\" content=\"summary_large_image\" \/>\n<script type=\"application\/ld+json\" class=\"yoast-schema-graph\">{\"@context\":\"https:\\\/\\\/schema.org\",\"@graph\":[{\"@type\":\"WebPage\",\"@id\":\"https:\\\/\\\/api.croghan.bank\\\/es\\\/sobre-nosotros\\\/nuestro-equipo\\\/nuestro-equipo-2\\\/\",\"url\":\"https:\\\/\\\/api.croghan.bank\\\/es\\\/sobre-nosotros\\\/nuestro-equipo\\\/nuestro-equipo-2\\\/\",\"name\":\"Equipo de Banca Personal | Banco Colonial Croghan\",\"isPartOf\":{\"@id\":\"https:\\\/\\\/api.croghan.bank\\\/es\\\/#website\"},\"datePublished\":\"2025-08-26T09:00:17+00:00\",\"dateModified\":\"2026-04-21T19:42:40+00:00\",\"description\":\"Conoce al equipo de banca personal de Croghan Colonial Bank \u2014 banqueros locales que ayudan a clientes de los condados de Sandusky, Erie, Huron, Ottawa y Seneca a alcanzar sus metas financieras.\",\"breadcrumb\":{\"@id\":\"https:\\\/\\\/api.croghan.bank\\\/es\\\/sobre-nosotros\\\/nuestro-equipo\\\/nuestro-equipo-2\\\/#breadcrumb\"},\"inLanguage\":\"es\",\"potentialAction\":[{\"@type\":\"ReadAction\",\"target\":[\"https:\\\/\\\/api.croghan.bank\\\/es\\\/sobre-nosotros\\\/nuestro-equipo\\\/nuestro-equipo-2\\\/\"]}]},{\"@type\":\"BreadcrumbList\",\"@id\":\"https:\\\/\\\/api.croghan.bank\\\/es\\\/sobre-nosotros\\\/nuestro-equipo\\\/nuestro-equipo-2\\\/#breadcrumb\",\"itemListElement\":[{\"@type\":\"ListItem\",\"position\":1,\"name\":\"Hogar\",\"item\":\"https:\\\/\\\/api.croghan.bank\\\/es\\\/\"},{\"@type\":\"ListItem\",\"position\":2,\"name\":\"Sobre nosotros\",\"item\":\"https:\\\/\\\/api.croghan.bank\\\/es\\\/sobre-nosotros\\\/\"},{\"@type\":\"ListItem\",\"position\":3,\"name\":\"NUESTRO EQUIPO\",\"item\":\"https:\\\/\\\/api.croghan.bank\\\/es\\\/sobre-nosotros\\\/nuestro-equipo\\\/\"},{\"@type\":\"ListItem\",\"position\":4,\"name\":\"Equipo de Banca Personal\"}]},{\"@type\":\"WebSite\",\"@id\":\"https:\\\/\\\/api.croghan.bank\\\/es\\\/#website\",\"url\":\"https:\\\/\\\/api.croghan.bank\\\/es\\\/\",\"name\":\"Banco Croghan sin cabeza\",\"description\":\"\",\"potentialAction\":[{\"@type\":\"SearchAction\",\"target\":{\"@type\":\"EntryPoint\",\"urlTemplate\":\"https:\\\/\\\/api.croghan.bank\\\/es\\\/?s={search_term_string}\"},\"query-input\":{\"@type\":\"PropertyValueSpecification\",\"valueRequired\":true,\"valueName\":\"search_term_string\"}}],\"inLanguage\":\"es\"}]}<\/script>\n<!-- \/ Yoast SEO plugin. -->","yoast_head_json":{"title":"Equipo de Banca Personal | Banco Colonial Croghan","description":"Conoce al equipo de banca personal de Croghan Colonial Bank \u2014 banqueros locales que ayudan a clientes de los condados de Sandusky, Erie, Huron, Ottawa y Seneca a alcanzar sus metas financieras.","robots":{"index":"noindex","follow":"follow","max-snippet":"max-snippet:-1","max-image-preview":"max-image-preview:large","max-video-preview":"max-video-preview:-1"},"og_locale":"es_ES","og_type":"article","og_title":"Equipo de Banca Personal | Banco Colonial Croghan","og_description":"Conoce al equipo de banca personal de Croghan Colonial Bank \u2014 banqueros locales que ayudan a clientes de los condados de Sandusky, Erie, Huron, Ottawa y Seneca a alcanzar sus metas financieras.","og_url":"https:\/\/api.croghan.bank\/es\/sobre-nosotros\/nuestro-equipo\/nuestro-equipo-2\/","og_site_name":"Banco Croghan sin cabeza","article_modified_time":"2026-04-21T19:42:40+00:00","twitter_card":"summary_large_image","schema":{"@context":"https:\/\/schema.org","@graph":[{"@type":"WebPage","@id":"https:\/\/api.croghan.bank\/es\/sobre-nosotros\/nuestro-equipo\/nuestro-equipo-2\/","url":"https:\/\/api.croghan.bank\/es\/sobre-nosotros\/nuestro-equipo\/nuestro-equipo-2\/","name":"Equipo de Banca Personal | Banco Colonial Croghan","isPartOf":{"@id":"https:\/\/api.croghan.bank\/es\/#website"},"datePublished":"2025-08-26T09:00:17+00:00","dateModified":"2026-04-21T19:42:40+00:00","description":"Conoce al equipo de banca personal de Croghan Colonial Bank \u2014 banqueros locales que ayudan a clientes de los condados de Sandusky, Erie, Huron, Ottawa y Seneca a alcanzar sus metas financieras.","breadcrumb":{"@id":"https:\/\/api.croghan.bank\/es\/sobre-nosotros\/nuestro-equipo\/nuestro-equipo-2\/#breadcrumb"},"inLanguage":"es","potentialAction":[{"@type":"ReadAction","target":["https:\/\/api.croghan.bank\/es\/sobre-nosotros\/nuestro-equipo\/nuestro-equipo-2\/"]}]},{"@type":"BreadcrumbList","@id":"https:\/\/api.croghan.bank\/es\/sobre-nosotros\/nuestro-equipo\/nuestro-equipo-2\/#breadcrumb","itemListElement":[{"@type":"ListItem","position":1,"name":"Hogar","item":"https:\/\/api.croghan.bank\/es\/"},{"@type":"ListItem","position":2,"name":"Sobre nosotros","item":"https:\/\/api.croghan.bank\/es\/sobre-nosotros\/"},{"@type":"ListItem","position":3,"name":"NUESTRO EQUIPO","item":"https:\/\/api.croghan.bank\/es\/sobre-nosotros\/nuestro-equipo\/"},{"@type":"ListItem","position":4,"name":"Equipo de Banca Personal"}]},{"@type":"WebSite","@id":"https:\/\/api.croghan.bank\/es\/#website","url":"https:\/\/api.croghan.bank\/es\/","name":"Banco Croghan sin cabeza","description":"","potentialAction":[{"@type":"SearchAction","target":{"@type":"EntryPoint","urlTemplate":"https:\/\/api.croghan.bank\/es\/?s={search_term_string}"},"query-input":{"@type":"PropertyValueSpecification","valueRequired":true,"valueName":"search_term_string"}}],"inLanguage":"es"}]}},"_links":{"self":[{"href":"https:\/\/api.croghan.bank\/es\/wp-json\/wp\/v2\/pages\/5690","targetHints":{"allow":["GET"]}}],"collection":[{"href":"https:\/\/api.croghan.bank\/es\/wp-json\/wp\/v2\/pages"}],"about":[{"href":"https:\/\/api.croghan.bank\/es\/wp-json\/wp\/v2\/types\/page"}],"author":[{"embeddable":true,"href":"https:\/\/api.croghan.bank\/es\/wp-json\/wp\/v2\/users\/1"}],"replies":[{"embeddable":true,"href":"https:\/\/api.croghan.bank\/es\/wp-json\/wp\/v2\/comments?post=5690"}],"version-history":[{"count":1,"href":"https:\/\/api.croghan.bank\/es\/wp-json\/wp\/v2\/pages\/5690\/revisions"}],"predecessor-version":[{"id":7491,"href":"https:\/\/api.croghan.bank\/es\/wp-json\/wp\/v2\/pages\/5690\/revisions\/7491"}],"up":[{"embeddable":true,"href":"https:\/\/api.croghan.bank\/es\/wp-json\/wp\/v2\/pages\/4467"}],"wp:attachment":[{"href":"https:\/\/api.croghan.bank\/es\/wp-json\/wp\/v2\/media?parent=5690"}],"wp:term":[{"taxonomy":"category","embeddable":true,"href":"https:\/\/api.croghan.bank\/es\/wp-json\/wp\/v2\/categories?post=5690"},{"taxonomy":"post_tag","embeddable":true,"href":"https:\/\/api.croghan.bank\/es\/wp-json\/wp\/v2\/tags?post=5690"}],"curies":[{"name":"wp","href":"https:\/\/api.w.org\/{rel}","templated":true}]}}