{"id":5698,"date":"2025-08-26T09:00:16","date_gmt":"2025-08-26T09:00:16","guid":{"rendered":"https:\/\/api.croghan.bank\/?page_id=5698"},"modified":"2026-04-21T19:42:34","modified_gmt":"2026-04-21T19:42:34","slug":"equipo-de-banca-personal-2","status":"publish","type":"page","link":"https:\/\/api.croghan.bank\/es\/sobre-nosotros\/nuestro-equipo\/equipo-de-banca-personal-2\/","title":{"rendered":"Equipo Hipotecario"},"content":{"rendered":"","protected":false},"excerpt":{"rendered":"","protected":false},"author":1,"featured_media":0,"parent":4467,"menu_order":0,"comment_status":"closed","ping_status":"closed","template":"","meta":{"_acf_changed":false,"inline_featured_image":false,"footnotes":""},"categories":[],"tags":[],"class_list":["post-5698","page","type-page","status-publish","hentry"],"acf":{"modules":[{"acf_fc_layout":"bread_crumb_nav_hero","title":"<h1>Nuestros expertos est\u00e1n aqu\u00ed para usted<\/h1>","subtitle":"","content":"En Croghan Colonial Bank, estamos comprometidos a construir relaciones s\u00f3lidas con la comunidad. Orgullosamente sirviendo a los condados de Sandusky, Erie, Huron, Lucas, Ottawa y Seneca, nos enorgullecemos de ser un l\u00edder confiable en banca comunitaria. Nuestro objetivo es ayudar a las personas, familias y empresas a alcanzar sus sue\u00f1os financieros ofreciendo orientaci\u00f3n experta y soluciones personalizadas.  ","buttons":null,"module_anchor_id":"","module_padding_inner":"noPaddingInner","module_spacing_after":"defaultSpacingAfter"},{"acf_fc_layout":"team_listing_full","title":"<h2>Equipo Hipotecario<\/h2>","content":"Comprar una vivienda es uno de los mayores hitos de la vida, y nuestro equipo hipotecario est\u00e1 aqu\u00ed para guiarte en cada paso del camino. Tanto si compras una vivienda por primera vez, est\u00e1s refinanciando o buscas asesoramiento experto, estamos aqu\u00ed para ayudarte. ","module_anchor_id":"","module_padding_inner":"noPaddingInner","module_spacing_after":"defaultSpacingAfter"},{"acf_fc_layout":"location_pre_footer","module_anchor_id":"","module_padding_inner":"noPaddingInner","module_spacing_after":"noSpacingAfter"}]},"yoast_head":"<!-- This site is optimized with the Yoast SEO plugin v27.5 - https:\/\/yoast.com\/product\/yoast-seo-wordpress\/ -->\n<title>Equipo Hipotecario | Banco Colonial Croghan<\/title>\n<meta name=\"description\" content=\"Conoce al equipo de hipotecas de Croghan Colonial Bank \u2014 originadores locales de pr\u00e9stamos que ayudan a compradores del noroeste de Ohio a financiar su primera vivienda, su pr\u00f3xima vivienda o una refinanciaci\u00f3n.\" \/>\n<meta name=\"robots\" content=\"noindex, follow, max-snippet:-1, max-image-preview:large, max-video-preview:-1\" \/>\n<meta property=\"og:locale\" content=\"es_ES\" \/>\n<meta property=\"og:type\" content=\"article\" \/>\n<meta property=\"og:title\" content=\"Equipo Hipotecario | Banco Colonial Croghan\" \/>\n<meta property=\"og:description\" content=\"Conoce al equipo de hipotecas de Croghan Colonial Bank \u2014 originadores locales de pr\u00e9stamos que ayudan a compradores del noroeste de Ohio a financiar su primera vivienda, su pr\u00f3xima vivienda o una refinanciaci\u00f3n.\" \/>\n<meta property=\"og:url\" content=\"https:\/\/api.croghan.bank\/es\/sobre-nosotros\/nuestro-equipo\/equipo-de-banca-personal-2\/\" \/>\n<meta property=\"og:site_name\" content=\"Banco Croghan sin cabeza\" \/>\n<meta property=\"article:modified_time\" content=\"2026-04-21T19:42:34+00:00\" \/>\n<meta name=\"twitter:card\" content=\"summary_large_image\" \/>\n<script type=\"application\/ld+json\" class=\"yoast-schema-graph\">{\"@context\":\"https:\\\/\\\/schema.org\",\"@graph\":[{\"@type\":\"WebPage\",\"@id\":\"https:\\\/\\\/api.croghan.bank\\\/es\\\/sobre-nosotros\\\/nuestro-equipo\\\/equipo-de-banca-personal-2\\\/\",\"url\":\"https:\\\/\\\/api.croghan.bank\\\/es\\\/sobre-nosotros\\\/nuestro-equipo\\\/equipo-de-banca-personal-2\\\/\",\"name\":\"Equipo Hipotecario | Banco Colonial Croghan\",\"isPartOf\":{\"@id\":\"https:\\\/\\\/api.croghan.bank\\\/es\\\/#website\"},\"datePublished\":\"2025-08-26T09:00:16+00:00\",\"dateModified\":\"2026-04-21T19:42:34+00:00\",\"description\":\"Conoce al equipo de hipotecas de Croghan Colonial Bank \u2014 originadores locales de pr\u00e9stamos que ayudan a compradores del noroeste de Ohio a financiar su primera vivienda, su pr\u00f3xima vivienda o una refinanciaci\u00f3n.\",\"breadcrumb\":{\"@id\":\"https:\\\/\\\/api.croghan.bank\\\/es\\\/sobre-nosotros\\\/nuestro-equipo\\\/equipo-de-banca-personal-2\\\/#breadcrumb\"},\"inLanguage\":\"es\",\"potentialAction\":[{\"@type\":\"ReadAction\",\"target\":[\"https:\\\/\\\/api.croghan.bank\\\/es\\\/sobre-nosotros\\\/nuestro-equipo\\\/equipo-de-banca-personal-2\\\/\"]}]},{\"@type\":\"BreadcrumbList\",\"@id\":\"https:\\\/\\\/api.croghan.bank\\\/es\\\/sobre-nosotros\\\/nuestro-equipo\\\/equipo-de-banca-personal-2\\\/#breadcrumb\",\"itemListElement\":[{\"@type\":\"ListItem\",\"position\":1,\"name\":\"Hogar\",\"item\":\"https:\\\/\\\/api.croghan.bank\\\/es\\\/\"},{\"@type\":\"ListItem\",\"position\":2,\"name\":\"Sobre nosotros\",\"item\":\"https:\\\/\\\/api.croghan.bank\\\/es\\\/sobre-nosotros\\\/\"},{\"@type\":\"ListItem\",\"position\":3,\"name\":\"NUESTRO EQUIPO\",\"item\":\"https:\\\/\\\/api.croghan.bank\\\/es\\\/sobre-nosotros\\\/nuestro-equipo\\\/\"},{\"@type\":\"ListItem\",\"position\":4,\"name\":\"Equipo Hipotecario\"}]},{\"@type\":\"WebSite\",\"@id\":\"https:\\\/\\\/api.croghan.bank\\\/es\\\/#website\",\"url\":\"https:\\\/\\\/api.croghan.bank\\\/es\\\/\",\"name\":\"Banco Croghan sin cabeza\",\"description\":\"\",\"potentialAction\":[{\"@type\":\"SearchAction\",\"target\":{\"@type\":\"EntryPoint\",\"urlTemplate\":\"https:\\\/\\\/api.croghan.bank\\\/es\\\/?s={search_term_string}\"},\"query-input\":{\"@type\":\"PropertyValueSpecification\",\"valueRequired\":true,\"valueName\":\"search_term_string\"}}],\"inLanguage\":\"es\"}]}<\/script>\n<!-- \/ Yoast SEO plugin. -->","yoast_head_json":{"title":"Equipo Hipotecario | Banco Colonial Croghan","description":"Conoce al equipo de hipotecas de Croghan Colonial Bank \u2014 originadores locales de pr\u00e9stamos que ayudan a compradores del noroeste de Ohio a financiar su primera vivienda, su pr\u00f3xima vivienda o una refinanciaci\u00f3n.","robots":{"index":"noindex","follow":"follow","max-snippet":"max-snippet:-1","max-image-preview":"max-image-preview:large","max-video-preview":"max-video-preview:-1"},"og_locale":"es_ES","og_type":"article","og_title":"Equipo Hipotecario | Banco Colonial Croghan","og_description":"Conoce al equipo de hipotecas de Croghan Colonial Bank \u2014 originadores locales de pr\u00e9stamos que ayudan a compradores del noroeste de Ohio a financiar su primera vivienda, su pr\u00f3xima vivienda o una refinanciaci\u00f3n.","og_url":"https:\/\/api.croghan.bank\/es\/sobre-nosotros\/nuestro-equipo\/equipo-de-banca-personal-2\/","og_site_name":"Banco Croghan sin cabeza","article_modified_time":"2026-04-21T19:42:34+00:00","twitter_card":"summary_large_image","schema":{"@context":"https:\/\/schema.org","@graph":[{"@type":"WebPage","@id":"https:\/\/api.croghan.bank\/es\/sobre-nosotros\/nuestro-equipo\/equipo-de-banca-personal-2\/","url":"https:\/\/api.croghan.bank\/es\/sobre-nosotros\/nuestro-equipo\/equipo-de-banca-personal-2\/","name":"Equipo Hipotecario | Banco Colonial Croghan","isPartOf":{"@id":"https:\/\/api.croghan.bank\/es\/#website"},"datePublished":"2025-08-26T09:00:16+00:00","dateModified":"2026-04-21T19:42:34+00:00","description":"Conoce al equipo de hipotecas de Croghan Colonial Bank \u2014 originadores locales de pr\u00e9stamos que ayudan a compradores del noroeste de Ohio a financiar su primera vivienda, su pr\u00f3xima vivienda o una refinanciaci\u00f3n.","breadcrumb":{"@id":"https:\/\/api.croghan.bank\/es\/sobre-nosotros\/nuestro-equipo\/equipo-de-banca-personal-2\/#breadcrumb"},"inLanguage":"es","potentialAction":[{"@type":"ReadAction","target":["https:\/\/api.croghan.bank\/es\/sobre-nosotros\/nuestro-equipo\/equipo-de-banca-personal-2\/"]}]},{"@type":"BreadcrumbList","@id":"https:\/\/api.croghan.bank\/es\/sobre-nosotros\/nuestro-equipo\/equipo-de-banca-personal-2\/#breadcrumb","itemListElement":[{"@type":"ListItem","position":1,"name":"Hogar","item":"https:\/\/api.croghan.bank\/es\/"},{"@type":"ListItem","position":2,"name":"Sobre nosotros","item":"https:\/\/api.croghan.bank\/es\/sobre-nosotros\/"},{"@type":"ListItem","position":3,"name":"NUESTRO EQUIPO","item":"https:\/\/api.croghan.bank\/es\/sobre-nosotros\/nuestro-equipo\/"},{"@type":"ListItem","position":4,"name":"Equipo Hipotecario"}]},{"@type":"WebSite","@id":"https:\/\/api.croghan.bank\/es\/#website","url":"https:\/\/api.croghan.bank\/es\/","name":"Banco Croghan sin cabeza","description":"","potentialAction":[{"@type":"SearchAction","target":{"@type":"EntryPoint","urlTemplate":"https:\/\/api.croghan.bank\/es\/?s={search_term_string}"},"query-input":{"@type":"PropertyValueSpecification","valueRequired":true,"valueName":"search_term_string"}}],"inLanguage":"es"}]}},"_links":{"self":[{"href":"https:\/\/api.croghan.bank\/es\/wp-json\/wp\/v2\/pages\/5698","targetHints":{"allow":["GET"]}}],"collection":[{"href":"https:\/\/api.croghan.bank\/es\/wp-json\/wp\/v2\/pages"}],"about":[{"href":"https:\/\/api.croghan.bank\/es\/wp-json\/wp\/v2\/types\/page"}],"author":[{"embeddable":true,"href":"https:\/\/api.croghan.bank\/es\/wp-json\/wp\/v2\/users\/1"}],"replies":[{"embeddable":true,"href":"https:\/\/api.croghan.bank\/es\/wp-json\/wp\/v2\/comments?post=5698"}],"version-history":[{"count":1,"href":"https:\/\/api.croghan.bank\/es\/wp-json\/wp\/v2\/pages\/5698\/revisions"}],"predecessor-version":[{"id":7240,"href":"https:\/\/api.croghan.bank\/es\/wp-json\/wp\/v2\/pages\/5698\/revisions\/7240"}],"up":[{"embeddable":true,"href":"https:\/\/api.croghan.bank\/es\/wp-json\/wp\/v2\/pages\/4467"}],"wp:attachment":[{"href":"https:\/\/api.croghan.bank\/es\/wp-json\/wp\/v2\/media?parent=5698"}],"wp:term":[{"taxonomy":"category","embeddable":true,"href":"https:\/\/api.croghan.bank\/es\/wp-json\/wp\/v2\/categories?post=5698"},{"taxonomy":"post_tag","embeddable":true,"href":"https:\/\/api.croghan.bank\/es\/wp-json\/wp\/v2\/tags?post=5698"}],"curies":[{"name":"wp","href":"https:\/\/api.w.org\/{rel}","templated":true}]}}