{"id":5700,"date":"2025-08-26T09:00:33","date_gmt":"2025-08-26T09:00:33","guid":{"rendered":"https:\/\/api.croghan.bank\/?page_id=5700"},"modified":"2026-04-21T19:41:58","modified_gmt":"2026-04-21T19:41:58","slug":"equipo-de-banca-personal-3","status":"publish","type":"page","link":"https:\/\/api.croghan.bank\/es\/sobre-nosotros\/nuestro-equipo\/equipo-de-banca-personal-3\/","title":{"rendered":"Equipo de Confianza e Inversi\u00f3n"},"content":{"rendered":"","protected":false},"excerpt":{"rendered":"","protected":false},"author":1,"featured_media":0,"parent":4467,"menu_order":0,"comment_status":"closed","ping_status":"closed","template":"","meta":{"_acf_changed":false,"inline_featured_image":false,"footnotes":""},"categories":[],"tags":[],"class_list":["post-5700","page","type-page","status-publish","hentry"],"acf":{"modules":[{"acf_fc_layout":"bread_crumb_nav_hero","title":"<h1>Nuestros expertos est\u00e1n aqu\u00ed para usted<\/h1>","subtitle":"","content":"En Croghan Colonial Bank, estamos comprometidos a construir relaciones s\u00f3lidas con la comunidad. Orgullosamente sirviendo a los condados de Sandusky, Erie, Huron, Lucas, Ottawa y Seneca, nos enorgullecemos de ser un l\u00edder confiable en banca comunitaria. Nuestro objetivo es ayudar a las personas, familias y empresas a alcanzar sus sue\u00f1os financieros ofreciendo orientaci\u00f3n experta y soluciones personalizadas.  ","buttons":null,"module_anchor_id":"","module_padding_inner":"noPaddingInner","module_spacing_after":"defaultSpacingAfter"},{"acf_fc_layout":"team_listing_full","title":"<h2>Equipo de Confianza e Inversi\u00f3n<\/h2>","content":"El equipo de Fideicomiso e Inversi\u00f3n de Croghan se dedica a ayudarlo a administrar su patrimonio con estrategias personalizadas. Trabajamos en estrecha colaboraci\u00f3n con individuos y familias para proporcionar soluciones de inversi\u00f3n personalizadas que aseguren el \u00e9xito financiero a largo plazo. ","module_anchor_id":"","module_padding_inner":"noPaddingInner","module_spacing_after":"defaultSpacingAfter"},{"acf_fc_layout":"location_pre_footer","module_anchor_id":"","module_padding_inner":"noPaddingInner","module_spacing_after":"noSpacingAfter"}]},"yoast_head":"<!-- This site is optimized with the Yoast SEO plugin v27.5 - https:\/\/yoast.com\/product\/yoast-seo-wordpress\/ -->\n<title>Equipo de Fideicomisos e Inversiones | Banco Colonial Croghan<\/title>\n<meta name=\"description\" content=\"Conoce al equipo de fideicomisos e inversiones de Croghan Colonial Bank: asesores que ofrecen estrategias personalizadas de riqueza, jubilaci\u00f3n, fiscalidad y sucesiones para particulares y familias.\" \/>\n<meta name=\"robots\" content=\"noindex, follow, max-snippet:-1, max-image-preview:large, max-video-preview:-1\" \/>\n<meta property=\"og:locale\" content=\"es_ES\" \/>\n<meta property=\"og:type\" content=\"article\" \/>\n<meta property=\"og:title\" content=\"Equipo de Fideicomisos e Inversiones | Banco Colonial Croghan\" \/>\n<meta property=\"og:description\" content=\"Conoce al equipo de fideicomisos e inversiones de Croghan Colonial Bank: asesores que ofrecen estrategias personalizadas de riqueza, jubilaci\u00f3n, fiscalidad y sucesiones para particulares y familias.\" \/>\n<meta property=\"og:url\" content=\"https:\/\/api.croghan.bank\/es\/sobre-nosotros\/nuestro-equipo\/equipo-de-banca-personal-3\/\" \/>\n<meta property=\"og:site_name\" content=\"Banco Croghan sin cabeza\" \/>\n<meta property=\"article:modified_time\" content=\"2026-04-21T19:41:58+00:00\" \/>\n<meta name=\"twitter:card\" content=\"summary_large_image\" \/>\n<script type=\"application\/ld+json\" class=\"yoast-schema-graph\">{\"@context\":\"https:\\\/\\\/schema.org\",\"@graph\":[{\"@type\":\"WebPage\",\"@id\":\"https:\\\/\\\/api.croghan.bank\\\/es\\\/sobre-nosotros\\\/nuestro-equipo\\\/equipo-de-banca-personal-3\\\/\",\"url\":\"https:\\\/\\\/api.croghan.bank\\\/es\\\/sobre-nosotros\\\/nuestro-equipo\\\/equipo-de-banca-personal-3\\\/\",\"name\":\"Equipo de Fideicomisos e Inversiones | Banco Colonial Croghan\",\"isPartOf\":{\"@id\":\"https:\\\/\\\/api.croghan.bank\\\/es\\\/#website\"},\"datePublished\":\"2025-08-26T09:00:33+00:00\",\"dateModified\":\"2026-04-21T19:41:58+00:00\",\"description\":\"Conoce al equipo de fideicomisos e inversiones de Croghan Colonial Bank: asesores que ofrecen estrategias personalizadas de riqueza, jubilaci\u00f3n, fiscalidad y sucesiones para particulares y familias.\",\"breadcrumb\":{\"@id\":\"https:\\\/\\\/api.croghan.bank\\\/es\\\/sobre-nosotros\\\/nuestro-equipo\\\/equipo-de-banca-personal-3\\\/#breadcrumb\"},\"inLanguage\":\"es\",\"potentialAction\":[{\"@type\":\"ReadAction\",\"target\":[\"https:\\\/\\\/api.croghan.bank\\\/es\\\/sobre-nosotros\\\/nuestro-equipo\\\/equipo-de-banca-personal-3\\\/\"]}]},{\"@type\":\"BreadcrumbList\",\"@id\":\"https:\\\/\\\/api.croghan.bank\\\/es\\\/sobre-nosotros\\\/nuestro-equipo\\\/equipo-de-banca-personal-3\\\/#breadcrumb\",\"itemListElement\":[{\"@type\":\"ListItem\",\"position\":1,\"name\":\"Hogar\",\"item\":\"https:\\\/\\\/api.croghan.bank\\\/es\\\/\"},{\"@type\":\"ListItem\",\"position\":2,\"name\":\"Sobre nosotros\",\"item\":\"https:\\\/\\\/api.croghan.bank\\\/es\\\/sobre-nosotros\\\/\"},{\"@type\":\"ListItem\",\"position\":3,\"name\":\"NUESTRO EQUIPO\",\"item\":\"https:\\\/\\\/api.croghan.bank\\\/es\\\/sobre-nosotros\\\/nuestro-equipo\\\/\"},{\"@type\":\"ListItem\",\"position\":4,\"name\":\"Equipo de Confianza e Inversi\u00f3n\"}]},{\"@type\":\"WebSite\",\"@id\":\"https:\\\/\\\/api.croghan.bank\\\/es\\\/#website\",\"url\":\"https:\\\/\\\/api.croghan.bank\\\/es\\\/\",\"name\":\"Banco Croghan sin cabeza\",\"description\":\"\",\"potentialAction\":[{\"@type\":\"SearchAction\",\"target\":{\"@type\":\"EntryPoint\",\"urlTemplate\":\"https:\\\/\\\/api.croghan.bank\\\/es\\\/?s={search_term_string}\"},\"query-input\":{\"@type\":\"PropertyValueSpecification\",\"valueRequired\":true,\"valueName\":\"search_term_string\"}}],\"inLanguage\":\"es\"}]}<\/script>\n<!-- \/ Yoast SEO plugin. -->","yoast_head_json":{"title":"Equipo de Fideicomisos e Inversiones | Banco Colonial Croghan","description":"Conoce al equipo de fideicomisos e inversiones de Croghan Colonial Bank: asesores que ofrecen estrategias personalizadas de riqueza, jubilaci\u00f3n, fiscalidad y sucesiones para particulares y familias.","robots":{"index":"noindex","follow":"follow","max-snippet":"max-snippet:-1","max-image-preview":"max-image-preview:large","max-video-preview":"max-video-preview:-1"},"og_locale":"es_ES","og_type":"article","og_title":"Equipo de Fideicomisos e Inversiones | Banco Colonial Croghan","og_description":"Conoce al equipo de fideicomisos e inversiones de Croghan Colonial Bank: asesores que ofrecen estrategias personalizadas de riqueza, jubilaci\u00f3n, fiscalidad y sucesiones para particulares y familias.","og_url":"https:\/\/api.croghan.bank\/es\/sobre-nosotros\/nuestro-equipo\/equipo-de-banca-personal-3\/","og_site_name":"Banco Croghan sin cabeza","article_modified_time":"2026-04-21T19:41:58+00:00","twitter_card":"summary_large_image","schema":{"@context":"https:\/\/schema.org","@graph":[{"@type":"WebPage","@id":"https:\/\/api.croghan.bank\/es\/sobre-nosotros\/nuestro-equipo\/equipo-de-banca-personal-3\/","url":"https:\/\/api.croghan.bank\/es\/sobre-nosotros\/nuestro-equipo\/equipo-de-banca-personal-3\/","name":"Equipo de Fideicomisos e Inversiones | Banco Colonial Croghan","isPartOf":{"@id":"https:\/\/api.croghan.bank\/es\/#website"},"datePublished":"2025-08-26T09:00:33+00:00","dateModified":"2026-04-21T19:41:58+00:00","description":"Conoce al equipo de fideicomisos e inversiones de Croghan Colonial Bank: asesores que ofrecen estrategias personalizadas de riqueza, jubilaci\u00f3n, fiscalidad y sucesiones para particulares y familias.","breadcrumb":{"@id":"https:\/\/api.croghan.bank\/es\/sobre-nosotros\/nuestro-equipo\/equipo-de-banca-personal-3\/#breadcrumb"},"inLanguage":"es","potentialAction":[{"@type":"ReadAction","target":["https:\/\/api.croghan.bank\/es\/sobre-nosotros\/nuestro-equipo\/equipo-de-banca-personal-3\/"]}]},{"@type":"BreadcrumbList","@id":"https:\/\/api.croghan.bank\/es\/sobre-nosotros\/nuestro-equipo\/equipo-de-banca-personal-3\/#breadcrumb","itemListElement":[{"@type":"ListItem","position":1,"name":"Hogar","item":"https:\/\/api.croghan.bank\/es\/"},{"@type":"ListItem","position":2,"name":"Sobre nosotros","item":"https:\/\/api.croghan.bank\/es\/sobre-nosotros\/"},{"@type":"ListItem","position":3,"name":"NUESTRO EQUIPO","item":"https:\/\/api.croghan.bank\/es\/sobre-nosotros\/nuestro-equipo\/"},{"@type":"ListItem","position":4,"name":"Equipo de Confianza e Inversi\u00f3n"}]},{"@type":"WebSite","@id":"https:\/\/api.croghan.bank\/es\/#website","url":"https:\/\/api.croghan.bank\/es\/","name":"Banco Croghan sin cabeza","description":"","potentialAction":[{"@type":"SearchAction","target":{"@type":"EntryPoint","urlTemplate":"https:\/\/api.croghan.bank\/es\/?s={search_term_string}"},"query-input":{"@type":"PropertyValueSpecification","valueRequired":true,"valueName":"search_term_string"}}],"inLanguage":"es"}]}},"_links":{"self":[{"href":"https:\/\/api.croghan.bank\/es\/wp-json\/wp\/v2\/pages\/5700","targetHints":{"allow":["GET"]}}],"collection":[{"href":"https:\/\/api.croghan.bank\/es\/wp-json\/wp\/v2\/pages"}],"about":[{"href":"https:\/\/api.croghan.bank\/es\/wp-json\/wp\/v2\/types\/page"}],"author":[{"embeddable":true,"href":"https:\/\/api.croghan.bank\/es\/wp-json\/wp\/v2\/users\/1"}],"replies":[{"embeddable":true,"href":"https:\/\/api.croghan.bank\/es\/wp-json\/wp\/v2\/comments?post=5700"}],"version-history":[{"count":1,"href":"https:\/\/api.croghan.bank\/es\/wp-json\/wp\/v2\/pages\/5700\/revisions"}],"predecessor-version":[{"id":7489,"href":"https:\/\/api.croghan.bank\/es\/wp-json\/wp\/v2\/pages\/5700\/revisions\/7489"}],"up":[{"embeddable":true,"href":"https:\/\/api.croghan.bank\/es\/wp-json\/wp\/v2\/pages\/4467"}],"wp:attachment":[{"href":"https:\/\/api.croghan.bank\/es\/wp-json\/wp\/v2\/media?parent=5700"}],"wp:term":[{"taxonomy":"category","embeddable":true,"href":"https:\/\/api.croghan.bank\/es\/wp-json\/wp\/v2\/categories?post=5700"},{"taxonomy":"post_tag","embeddable":true,"href":"https:\/\/api.croghan.bank\/es\/wp-json\/wp\/v2\/tags?post=5700"}],"curies":[{"name":"wp","href":"https:\/\/api.w.org\/{rel}","templated":true}]}}