{"id":5702,"date":"2025-08-26T09:00:36","date_gmt":"2025-08-26T09:00:36","guid":{"rendered":"https:\/\/api.croghan.bank\/?page_id=5702"},"modified":"2026-04-21T19:41:54","modified_gmt":"2026-04-21T19:41:54","slug":"equipo-de-banca-personal-4","status":"publish","type":"page","link":"https:\/\/api.croghan.bank\/es\/sobre-nosotros\/nuestro-equipo\/equipo-de-banca-personal-4\/","title":{"rendered":"Equipo Directivo"},"content":{"rendered":"","protected":false},"excerpt":{"rendered":"","protected":false},"author":1,"featured_media":0,"parent":4467,"menu_order":0,"comment_status":"closed","ping_status":"closed","template":"","meta":{"_acf_changed":false,"inline_featured_image":false,"footnotes":""},"categories":[],"tags":[],"class_list":["post-5702","page","type-page","status-publish","hentry"],"acf":{"modules":[{"acf_fc_layout":"bread_crumb_nav_hero","title":"<h1>Nuestros expertos est\u00e1n aqu\u00ed para usted<\/h1>","subtitle":"","content":"En Croghan Colonial Bank, estamos comprometidos a construir relaciones s\u00f3lidas con la comunidad. Orgullosamente sirviendo a los condados de Sandusky, Erie, Huron, Lucas, Ottawa y Seneca, nos enorgullecemos de ser un l\u00edder confiable en banca comunitaria. Nuestro objetivo es ayudar a las personas, familias y empresas a alcanzar sus sue\u00f1os financieros ofreciendo orientaci\u00f3n experta y soluciones personalizadas.  ","buttons":null,"module_anchor_id":"","module_padding_inner":"noPaddingInner","module_spacing_after":"defaultSpacingAfter"},{"acf_fc_layout":"team_listing_full","title":"<h2>Equipo Directivo<\/h2>","content":"Nuestro equipo de Banca Personal se dedica a ayudar a individuos y familias con una variedad de necesidades bancarias. Desde la apertura de su primera cuenta hasta la educaci\u00f3n financiera, estamos aqu\u00ed para facilitar las operaciones bancarias y ayudarlo a alcanzar sus objetivos financieros. ","module_anchor_id":"","module_padding_inner":"noPaddingInner","module_spacing_after":"defaultSpacingAfter"},{"acf_fc_layout":"location_pre_footer","module_anchor_id":"","module_padding_inner":"noPaddingInner","module_spacing_after":"noSpacingAfter"}]},"yoast_head":"<!-- This site is optimized with the Yoast SEO plugin v27.5 - https:\/\/yoast.com\/product\/yoast-seo-wordpress\/ -->\n<title>Equipo directivo | Banco Colonial Croghan<\/title>\n<meta name=\"description\" content=\"Conoce al equipo directivo de Croghan Colonial Bank: l\u00edderes que definen la estrategia en pr\u00e9stamos, finanzas, operaciones, cr\u00e9dito y recursos humanos para nuestro banco comunitario.\" \/>\n<meta name=\"robots\" content=\"noindex, follow, max-snippet:-1, max-image-preview:large, max-video-preview:-1\" \/>\n<meta property=\"og:locale\" content=\"es_ES\" \/>\n<meta property=\"og:type\" content=\"article\" \/>\n<meta property=\"og:title\" content=\"Equipo directivo | Banco Colonial Croghan\" \/>\n<meta property=\"og:description\" content=\"Conoce al equipo directivo de Croghan Colonial Bank: l\u00edderes que definen la estrategia en pr\u00e9stamos, finanzas, operaciones, cr\u00e9dito y recursos humanos para nuestro banco comunitario.\" \/>\n<meta property=\"og:url\" content=\"https:\/\/api.croghan.bank\/es\/sobre-nosotros\/nuestro-equipo\/equipo-de-banca-personal-4\/\" \/>\n<meta property=\"og:site_name\" content=\"Banco Croghan sin cabeza\" \/>\n<meta property=\"article:modified_time\" content=\"2026-04-21T19:41:54+00:00\" \/>\n<meta name=\"twitter:card\" content=\"summary_large_image\" \/>\n<script type=\"application\/ld+json\" class=\"yoast-schema-graph\">{\"@context\":\"https:\\\/\\\/schema.org\",\"@graph\":[{\"@type\":\"WebPage\",\"@id\":\"https:\\\/\\\/api.croghan.bank\\\/es\\\/sobre-nosotros\\\/nuestro-equipo\\\/equipo-de-banca-personal-4\\\/\",\"url\":\"https:\\\/\\\/api.croghan.bank\\\/es\\\/sobre-nosotros\\\/nuestro-equipo\\\/equipo-de-banca-personal-4\\\/\",\"name\":\"Equipo directivo | Banco Colonial Croghan\",\"isPartOf\":{\"@id\":\"https:\\\/\\\/api.croghan.bank\\\/es\\\/#website\"},\"datePublished\":\"2025-08-26T09:00:36+00:00\",\"dateModified\":\"2026-04-21T19:41:54+00:00\",\"description\":\"Conoce al equipo directivo de Croghan Colonial Bank: l\u00edderes que definen la estrategia en pr\u00e9stamos, finanzas, operaciones, cr\u00e9dito y recursos humanos para nuestro banco comunitario.\",\"breadcrumb\":{\"@id\":\"https:\\\/\\\/api.croghan.bank\\\/es\\\/sobre-nosotros\\\/nuestro-equipo\\\/equipo-de-banca-personal-4\\\/#breadcrumb\"},\"inLanguage\":\"es\",\"potentialAction\":[{\"@type\":\"ReadAction\",\"target\":[\"https:\\\/\\\/api.croghan.bank\\\/es\\\/sobre-nosotros\\\/nuestro-equipo\\\/equipo-de-banca-personal-4\\\/\"]}]},{\"@type\":\"BreadcrumbList\",\"@id\":\"https:\\\/\\\/api.croghan.bank\\\/es\\\/sobre-nosotros\\\/nuestro-equipo\\\/equipo-de-banca-personal-4\\\/#breadcrumb\",\"itemListElement\":[{\"@type\":\"ListItem\",\"position\":1,\"name\":\"Hogar\",\"item\":\"https:\\\/\\\/api.croghan.bank\\\/es\\\/\"},{\"@type\":\"ListItem\",\"position\":2,\"name\":\"Sobre nosotros\",\"item\":\"https:\\\/\\\/api.croghan.bank\\\/es\\\/sobre-nosotros\\\/\"},{\"@type\":\"ListItem\",\"position\":3,\"name\":\"NUESTRO EQUIPO\",\"item\":\"https:\\\/\\\/api.croghan.bank\\\/es\\\/sobre-nosotros\\\/nuestro-equipo\\\/\"},{\"@type\":\"ListItem\",\"position\":4,\"name\":\"Equipo Directivo\"}]},{\"@type\":\"WebSite\",\"@id\":\"https:\\\/\\\/api.croghan.bank\\\/es\\\/#website\",\"url\":\"https:\\\/\\\/api.croghan.bank\\\/es\\\/\",\"name\":\"Banco Croghan sin cabeza\",\"description\":\"\",\"potentialAction\":[{\"@type\":\"SearchAction\",\"target\":{\"@type\":\"EntryPoint\",\"urlTemplate\":\"https:\\\/\\\/api.croghan.bank\\\/es\\\/?s={search_term_string}\"},\"query-input\":{\"@type\":\"PropertyValueSpecification\",\"valueRequired\":true,\"valueName\":\"search_term_string\"}}],\"inLanguage\":\"es\"}]}<\/script>\n<!-- \/ Yoast SEO plugin. -->","yoast_head_json":{"title":"Equipo directivo | Banco Colonial Croghan","description":"Conoce al equipo directivo de Croghan Colonial Bank: l\u00edderes que definen la estrategia en pr\u00e9stamos, finanzas, operaciones, cr\u00e9dito y recursos humanos para nuestro banco comunitario.","robots":{"index":"noindex","follow":"follow","max-snippet":"max-snippet:-1","max-image-preview":"max-image-preview:large","max-video-preview":"max-video-preview:-1"},"og_locale":"es_ES","og_type":"article","og_title":"Equipo directivo | Banco Colonial Croghan","og_description":"Conoce al equipo directivo de Croghan Colonial Bank: l\u00edderes que definen la estrategia en pr\u00e9stamos, finanzas, operaciones, cr\u00e9dito y recursos humanos para nuestro banco comunitario.","og_url":"https:\/\/api.croghan.bank\/es\/sobre-nosotros\/nuestro-equipo\/equipo-de-banca-personal-4\/","og_site_name":"Banco Croghan sin cabeza","article_modified_time":"2026-04-21T19:41:54+00:00","twitter_card":"summary_large_image","schema":{"@context":"https:\/\/schema.org","@graph":[{"@type":"WebPage","@id":"https:\/\/api.croghan.bank\/es\/sobre-nosotros\/nuestro-equipo\/equipo-de-banca-personal-4\/","url":"https:\/\/api.croghan.bank\/es\/sobre-nosotros\/nuestro-equipo\/equipo-de-banca-personal-4\/","name":"Equipo directivo | Banco Colonial Croghan","isPartOf":{"@id":"https:\/\/api.croghan.bank\/es\/#website"},"datePublished":"2025-08-26T09:00:36+00:00","dateModified":"2026-04-21T19:41:54+00:00","description":"Conoce al equipo directivo de Croghan Colonial Bank: l\u00edderes que definen la estrategia en pr\u00e9stamos, finanzas, operaciones, cr\u00e9dito y recursos humanos para nuestro banco comunitario.","breadcrumb":{"@id":"https:\/\/api.croghan.bank\/es\/sobre-nosotros\/nuestro-equipo\/equipo-de-banca-personal-4\/#breadcrumb"},"inLanguage":"es","potentialAction":[{"@type":"ReadAction","target":["https:\/\/api.croghan.bank\/es\/sobre-nosotros\/nuestro-equipo\/equipo-de-banca-personal-4\/"]}]},{"@type":"BreadcrumbList","@id":"https:\/\/api.croghan.bank\/es\/sobre-nosotros\/nuestro-equipo\/equipo-de-banca-personal-4\/#breadcrumb","itemListElement":[{"@type":"ListItem","position":1,"name":"Hogar","item":"https:\/\/api.croghan.bank\/es\/"},{"@type":"ListItem","position":2,"name":"Sobre nosotros","item":"https:\/\/api.croghan.bank\/es\/sobre-nosotros\/"},{"@type":"ListItem","position":3,"name":"NUESTRO EQUIPO","item":"https:\/\/api.croghan.bank\/es\/sobre-nosotros\/nuestro-equipo\/"},{"@type":"ListItem","position":4,"name":"Equipo Directivo"}]},{"@type":"WebSite","@id":"https:\/\/api.croghan.bank\/es\/#website","url":"https:\/\/api.croghan.bank\/es\/","name":"Banco Croghan sin cabeza","description":"","potentialAction":[{"@type":"SearchAction","target":{"@type":"EntryPoint","urlTemplate":"https:\/\/api.croghan.bank\/es\/?s={search_term_string}"},"query-input":{"@type":"PropertyValueSpecification","valueRequired":true,"valueName":"search_term_string"}}],"inLanguage":"es"}]}},"_links":{"self":[{"href":"https:\/\/api.croghan.bank\/es\/wp-json\/wp\/v2\/pages\/5702","targetHints":{"allow":["GET"]}}],"collection":[{"href":"https:\/\/api.croghan.bank\/es\/wp-json\/wp\/v2\/pages"}],"about":[{"href":"https:\/\/api.croghan.bank\/es\/wp-json\/wp\/v2\/types\/page"}],"author":[{"embeddable":true,"href":"https:\/\/api.croghan.bank\/es\/wp-json\/wp\/v2\/users\/1"}],"replies":[{"embeddable":true,"href":"https:\/\/api.croghan.bank\/es\/wp-json\/wp\/v2\/comments?post=5702"}],"version-history":[{"count":1,"href":"https:\/\/api.croghan.bank\/es\/wp-json\/wp\/v2\/pages\/5702\/revisions"}],"predecessor-version":[{"id":7488,"href":"https:\/\/api.croghan.bank\/es\/wp-json\/wp\/v2\/pages\/5702\/revisions\/7488"}],"up":[{"embeddable":true,"href":"https:\/\/api.croghan.bank\/es\/wp-json\/wp\/v2\/pages\/4467"}],"wp:attachment":[{"href":"https:\/\/api.croghan.bank\/es\/wp-json\/wp\/v2\/media?parent=5702"}],"wp:term":[{"taxonomy":"category","embeddable":true,"href":"https:\/\/api.croghan.bank\/es\/wp-json\/wp\/v2\/categories?post=5702"},{"taxonomy":"post_tag","embeddable":true,"href":"https:\/\/api.croghan.bank\/es\/wp-json\/wp\/v2\/tags?post=5702"}],"curies":[{"name":"wp","href":"https:\/\/api.w.org\/{rel}","templated":true}]}}