{"id":6024,"date":"2025-09-10T13:43:13","date_gmt":"2025-09-10T13:43:13","guid":{"rendered":"https:\/\/api.croghan.bank\/comprable\/"},"modified":"2026-03-27T15:39:17","modified_gmt":"2026-03-27T15:39:17","slug":"comprable","status":"publish","type":"page","link":"https:\/\/api.croghan.bank\/es\/recursos\/comprable\/","title":{"rendered":"Comprable"},"content":{"rendered":"","protected":false},"excerpt":{"rendered":"","protected":false},"author":8,"featured_media":0,"parent":4469,"menu_order":0,"comment_status":"closed","ping_status":"closed","template":"","meta":{"_acf_changed":false,"inline_featured_image":false,"footnotes":""},"categories":[53],"tags":[],"class_list":["post-6024","page","type-page","status-publish","hentry","category-recursos"],"acf":{"modules":[{"acf_fc_layout":"fifty_fifty_content","eyebrow":"","title":"<h1>Comprable<\/h1>","content":"Explore nuestros listados actuales en venta y comun\u00edquese con nuestro equipo para consultas.\n\nSi est\u00e1s atravesando dificultades econ\u00f3micas, no dudes en ponerte en contacto con nosotros. Estamos aqu\u00ed para ayudarte a evaluar tu situaci\u00f3n actual y explorar opciones para mantenerte al d\u00eda con tus pagos mientras proteges tu puntuaci\u00f3n crediticia. Una buena puntuaci\u00f3n crediticia es importante para tu capacidad de endeudamiento futuro.  ","buttons":[{"button":{"link":{"title":"Cont\u00e1ctenos","url":"mailto:ccbcollections@croghan.com","target":""},"button_style":"solid","button_color":"blue","opens_modal":false,"video":null}}],"module_background_color":"white","module_anchor_id":"","module_padding_inner":"noPaddingInner","module_spacing_after":"defaultSpacingAfter"},{"acf_fc_layout":"fifty_fifty_table_and_image","image":6323,"title":"<h3 class=\"default_title__jO6Y2\">Cuatro Winns<\/h3>","content_above_table":"","table_layout_columns":"tableTwoColumns","table_formatting_bold":"boldFirstColumn","table_2_column":[{"column_1":"A\u00f1o","column_2":"2022"},{"column_1":"Modelo","column_2":"260H"},{"column_1":"Precio","column_2":"84.900,00 $"}],"table_3_column":null,"table_4_column":null,"table_5_column":null,"content_below_table":"","module_background_color":"white","module_image_alignment":"imageRight","module_anchor_id":"","module_padding_inner":"noPaddingInner","module_spacing_after":"noSpacingAfter"},{"acf_fc_layout":"fifty_fifty_table_and_image","image":null,"title":"<h3 class=\"default_title__jO6Y2\">Salem junto al r\u00edo Forest<\/h3>","content_above_table":"","table_layout_columns":"tableTwoColumns","table_formatting_bold":"boldFirstRow","table_2_column":null,"table_3_column":null,"table_4_column":null,"table_5_column":null,"content_below_table":"","module_background_color":"white","module_image_alignment":"imageRight","module_anchor_id":"","module_padding_inner":"noPaddingInner","module_spacing_after":"defaultSpacingAfter"},{"acf_fc_layout":"fifty_fifty_table_and_image","image":null,"title":"<h2>Servicios de Asesoramiento Financiero<\/h2>","content_above_table":"","table_layout_columns":"tableTwoColumns","table_formatting_bold":"boldFirstRow","table_2_column":null,"table_3_column":null,"table_4_column":null,"table_5_column":null,"content_below_table":"","module_background_color":"white","module_image_alignment":"imageRight","module_anchor_id":"","module_padding_inner":"noPaddingInner","module_spacing_after":"defaultSpacingAfter"},{"acf_fc_layout":"team_listing_authored","title":"<h2>Para consultas, contacta con nuestro equipo<\/h2>","authored_cards":null,"module_background_color":"white","module_anchor_id":"","module_padding_inner":"noPaddingInner","module_spacing_after":"defaultSpacingAfter"},{"acf_fc_layout":"content_card_pattern_accent","image":null,"eyebrow":"","title":"<h2>Servicios de Asesoramiento Financiero<\/h2>","content":"Los asesores financieros pueden ofrecer orientaci\u00f3n personalizada sobre la elaboraci\u00f3n de presupuestos, el ahorro y la gesti\u00f3n eficaz de la deuda. Pueden ayudarte a crear un plan financiero, negociar con los acreedores y ofrecerte apoyo educativo para mejorar tus habilidades de gesti\u00f3n del dinero. Esta opci\u00f3n puede ser especialmente beneficiosa si enfrentas dificultades financieras, como la p\u00e9rdida de empleo o deudas importantes.  \n\nA continuaci\u00f3n se muestra una lista de organizaciones locales que ofrecen servicios de asesoramiento financiero.","buttons":[{"button":{"link":{"title":"Calculadora de pr\u00e9stamos para autom\u00f3viles","url":"https:\/\/api.croghan.bank\/resources\/calculators\/auto-loan-calculator\/","target":""},"button_style":"solid","button_color":"blue","opens_modal":false,"video":null}}],"disclaimer":"","module_image_alignment":"imageLeft","module_card_background_color":"cardBackgroundBlue","module_anchor_id":"","module_padding_inner":"noPaddingInner","module_spacing_after":"defaultSpacingAfter"},{"acf_fc_layout":"content_and_cards_row","title":"<h2>Para consultas, contacta con nuestro equipo<\/h2>","content":"Nuestro equipo est\u00e1 aqu\u00ed para ayudarte a responder tus consultas sobre nuestros art\u00edculos en venta.\n\nSi est\u00e1s atravesando dificultades econ\u00f3micas, no dudes en ponerte en contacto con nosotros. Estamos aqu\u00ed para ayudarte a evaluar tu situaci\u00f3n actual y explorar opciones para mantenerte al d\u00eda con tus pagos mientras proteges tu puntuaci\u00f3n crediticia. Una buena puntuaci\u00f3n crediticia es importante para tu capacidad de endeudamiento futuro.  ","cards_row":[{"icon":null,"icon_dark_mode":null,"eyebrow":"","title":"<h5>Cliente 1.<\/h5>","content":"\u00a1Aqu\u00ed hay una gran rese\u00f1a! Me gust\u00f3 mucho el auto que compr\u00e9. ","link":null},{"icon":null,"icon_dark_mode":null,"eyebrow":"","title":"<h5>Cliente 2.<\/h5>","content":"Tengo una gran experiencia trabajando con Alyssa. Ella me ayud\u00f3 a conseguir un gran auto. ","link":null},{"icon":null,"icon_dark_mode":null,"eyebrow":"","title":"<h5>Cliente 3.<\/h5>","content":"\u00a1Me encanta mi auto nuevo! Croghan ten\u00eda un excelente precio e hizo que el proceso de compra de un autom\u00f3vil fuera f\u00e1cil. ","link":null}],"module_stacked_rows":false,"module_upper-half_background_color":"blue","module_lower-half_background_color":"white","module_anchor_id":"","module_padding_inner":"noPaddingInner","module_spacing_after":"noSpacingAfter"},{"acf_fc_layout":"location_pre_footer","module_anchor_id":"","module_padding_inner":"noPaddingInner","module_spacing_after":"defaultSpacingAfter"}]},"yoast_head":"<!-- This site is optimized with the Yoast SEO plugin v27.5 - https:\/\/yoast.com\/product\/yoast-seo-wordpress\/ -->\n<title>Comprable | Banco Colonial Croghan<\/title>\n<meta name=\"robots\" content=\"noindex, follow, max-snippet:-1, max-image-preview:large, max-video-preview:-1\" \/>\n<meta property=\"og:locale\" content=\"es_ES\" \/>\n<meta property=\"og:type\" content=\"article\" \/>\n<meta property=\"og:title\" content=\"Comprable | Banco Colonial Croghan\" \/>\n<meta property=\"og:url\" content=\"https:\/\/api.croghan.bank\/es\/recursos\/comprable\/\" \/>\n<meta property=\"og:site_name\" content=\"Banco Croghan sin cabeza\" \/>\n<meta property=\"article:modified_time\" content=\"2026-03-27T15:39:17+00:00\" \/>\n<meta name=\"twitter:card\" content=\"summary_large_image\" \/>\n<script type=\"application\/ld+json\" class=\"yoast-schema-graph\">{\"@context\":\"https:\\\/\\\/schema.org\",\"@graph\":[{\"@type\":\"WebPage\",\"@id\":\"https:\\\/\\\/api.croghan.bank\\\/es\\\/recursos\\\/comprable\\\/\",\"url\":\"https:\\\/\\\/api.croghan.bank\\\/es\\\/recursos\\\/comprable\\\/\",\"name\":\"Comprable | Banco Colonial Croghan\",\"isPartOf\":{\"@id\":\"https:\\\/\\\/api.croghan.bank\\\/es\\\/#website\"},\"datePublished\":\"2025-09-10T13:43:13+00:00\",\"dateModified\":\"2026-03-27T15:39:17+00:00\",\"breadcrumb\":{\"@id\":\"https:\\\/\\\/api.croghan.bank\\\/es\\\/recursos\\\/comprable\\\/#breadcrumb\"},\"inLanguage\":\"es\",\"potentialAction\":[{\"@type\":\"ReadAction\",\"target\":[\"https:\\\/\\\/api.croghan.bank\\\/es\\\/recursos\\\/comprable\\\/\"]}]},{\"@type\":\"BreadcrumbList\",\"@id\":\"https:\\\/\\\/api.croghan.bank\\\/es\\\/recursos\\\/comprable\\\/#breadcrumb\",\"itemListElement\":[{\"@type\":\"ListItem\",\"position\":1,\"name\":\"Hogar\",\"item\":\"https:\\\/\\\/api.croghan.bank\\\/es\\\/\"},{\"@type\":\"ListItem\",\"position\":2,\"name\":\"Recursos\",\"item\":\"https:\\\/\\\/api.croghan.bank\\\/es\\\/recursos\\\/\"},{\"@type\":\"ListItem\",\"position\":3,\"name\":\"Comprable\"}]},{\"@type\":\"WebSite\",\"@id\":\"https:\\\/\\\/api.croghan.bank\\\/es\\\/#website\",\"url\":\"https:\\\/\\\/api.croghan.bank\\\/es\\\/\",\"name\":\"Banco Croghan sin cabeza\",\"description\":\"\",\"potentialAction\":[{\"@type\":\"SearchAction\",\"target\":{\"@type\":\"EntryPoint\",\"urlTemplate\":\"https:\\\/\\\/api.croghan.bank\\\/es\\\/?s={search_term_string}\"},\"query-input\":{\"@type\":\"PropertyValueSpecification\",\"valueRequired\":true,\"valueName\":\"search_term_string\"}}],\"inLanguage\":\"es\"}]}<\/script>\n<!-- \/ Yoast SEO plugin. -->","yoast_head_json":{"title":"Comprable | Banco Colonial Croghan","robots":{"index":"noindex","follow":"follow","max-snippet":"max-snippet:-1","max-image-preview":"max-image-preview:large","max-video-preview":"max-video-preview:-1"},"og_locale":"es_ES","og_type":"article","og_title":"Comprable | Banco Colonial Croghan","og_url":"https:\/\/api.croghan.bank\/es\/recursos\/comprable\/","og_site_name":"Banco Croghan sin cabeza","article_modified_time":"2026-03-27T15:39:17+00:00","twitter_card":"summary_large_image","schema":{"@context":"https:\/\/schema.org","@graph":[{"@type":"WebPage","@id":"https:\/\/api.croghan.bank\/es\/recursos\/comprable\/","url":"https:\/\/api.croghan.bank\/es\/recursos\/comprable\/","name":"Comprable | Banco Colonial Croghan","isPartOf":{"@id":"https:\/\/api.croghan.bank\/es\/#website"},"datePublished":"2025-09-10T13:43:13+00:00","dateModified":"2026-03-27T15:39:17+00:00","breadcrumb":{"@id":"https:\/\/api.croghan.bank\/es\/recursos\/comprable\/#breadcrumb"},"inLanguage":"es","potentialAction":[{"@type":"ReadAction","target":["https:\/\/api.croghan.bank\/es\/recursos\/comprable\/"]}]},{"@type":"BreadcrumbList","@id":"https:\/\/api.croghan.bank\/es\/recursos\/comprable\/#breadcrumb","itemListElement":[{"@type":"ListItem","position":1,"name":"Hogar","item":"https:\/\/api.croghan.bank\/es\/"},{"@type":"ListItem","position":2,"name":"Recursos","item":"https:\/\/api.croghan.bank\/es\/recursos\/"},{"@type":"ListItem","position":3,"name":"Comprable"}]},{"@type":"WebSite","@id":"https:\/\/api.croghan.bank\/es\/#website","url":"https:\/\/api.croghan.bank\/es\/","name":"Banco Croghan sin cabeza","description":"","potentialAction":[{"@type":"SearchAction","target":{"@type":"EntryPoint","urlTemplate":"https:\/\/api.croghan.bank\/es\/?s={search_term_string}"},"query-input":{"@type":"PropertyValueSpecification","valueRequired":true,"valueName":"search_term_string"}}],"inLanguage":"es"}]}},"_links":{"self":[{"href":"https:\/\/api.croghan.bank\/es\/wp-json\/wp\/v2\/pages\/6024","targetHints":{"allow":["GET"]}}],"collection":[{"href":"https:\/\/api.croghan.bank\/es\/wp-json\/wp\/v2\/pages"}],"about":[{"href":"https:\/\/api.croghan.bank\/es\/wp-json\/wp\/v2\/types\/page"}],"author":[{"embeddable":true,"href":"https:\/\/api.croghan.bank\/es\/wp-json\/wp\/v2\/users\/8"}],"replies":[{"embeddable":true,"href":"https:\/\/api.croghan.bank\/es\/wp-json\/wp\/v2\/comments?post=6024"}],"version-history":[{"count":1,"href":"https:\/\/api.croghan.bank\/es\/wp-json\/wp\/v2\/pages\/6024\/revisions"}],"predecessor-version":[{"id":7221,"href":"https:\/\/api.croghan.bank\/es\/wp-json\/wp\/v2\/pages\/6024\/revisions\/7221"}],"up":[{"embeddable":true,"href":"https:\/\/api.croghan.bank\/es\/wp-json\/wp\/v2\/pages\/4469"}],"wp:attachment":[{"href":"https:\/\/api.croghan.bank\/es\/wp-json\/wp\/v2\/media?parent=6024"}],"wp:term":[{"taxonomy":"category","embeddable":true,"href":"https:\/\/api.croghan.bank\/es\/wp-json\/wp\/v2\/categories?post=6024"},{"taxonomy":"post_tag","embeddable":true,"href":"https:\/\/api.croghan.bank\/es\/wp-json\/wp\/v2\/tags?post=6024"}],"curies":[{"name":"wp","href":"https:\/\/api.w.org\/{rel}","templated":true}]}}