{"id":6049,"date":"2025-09-25T15:45:35","date_gmt":"2025-09-25T15:45:35","guid":{"rendered":"https:\/\/api.croghan.bank\/gestion-patrimonial\/educacion\/"},"modified":"2026-03-04T17:07:09","modified_gmt":"2026-03-04T17:07:09","slug":"educacion","status":"publish","type":"page","link":"https:\/\/api.croghan.bank\/es\/gestion-patrimonial\/educacion\/","title":{"rendered":"Educaci\u00f3n"},"content":{"rendered":"","protected":false},"excerpt":{"rendered":"","protected":false},"author":1,"featured_media":0,"parent":4422,"menu_order":0,"comment_status":"closed","ping_status":"closed","template":"","meta":{"_acf_changed":false,"inline_featured_image":false,"footnotes":""},"categories":[],"tags":[],"class_list":["post-6049","page","type-page","status-publish","hentry"],"acf":{"modules":[{"acf_fc_layout":"bread_crumb_nav_hero","title":"<h1>Planificaci\u00f3n de la riqueza, a su manera<\/h1>","subtitle":"","content":"La creaci\u00f3n de riqueza se ve diferente en cada etapa de la vida. Es por eso que nuestros asesores se enfocan en lo que m\u00e1s le importa: ayudarlo a protegerse hoy y prepararse para el ma\u00f1ana. ","buttons":null,"module_anchor_id":"","module_padding_inner":"noPaddingInner","module_spacing_after":"defaultSpacingAfter"},{"acf_fc_layout":"secondary_navigation","links":[{"link":{"title":"Ra\u00edces en crecimiento","url":"#growingRoots","target":""}},{"link":{"title":"Nidos vac\u00edos","url":"#emptyNesters","target":""}},{"link":{"title":"A\u00f1os dorados","url":"#goldenYears","target":""}},{"link":{"title":"Due\u00f1os de negocios","url":"#businessOwners","target":""}}]}]},"yoast_head":"<!-- This site is optimized with the Yoast SEO plugin v27.5 - https:\/\/yoast.com\/product\/yoast-seo-wordpress\/ -->\n<title>Gesti\u00f3n de patrimonios Educaci\u00f3n | Banco Colonial Croghan<\/title>\n<meta name=\"robots\" content=\"noindex, follow, max-snippet:-1, max-image-preview:large, max-video-preview:-1\" \/>\n<meta property=\"og:locale\" content=\"es_ES\" \/>\n<meta property=\"og:type\" content=\"article\" \/>\n<meta property=\"og:title\" content=\"Gesti\u00f3n de patrimonios Educaci\u00f3n | Banco Colonial Croghan\" \/>\n<meta property=\"og:url\" content=\"https:\/\/api.croghan.bank\/es\/gestion-patrimonial\/educacion\/\" \/>\n<meta property=\"og:site_name\" content=\"Banco Croghan sin cabeza\" \/>\n<meta property=\"article:modified_time\" content=\"2026-03-04T17:07:09+00:00\" \/>\n<meta name=\"twitter:card\" content=\"summary_large_image\" \/>\n<script type=\"application\/ld+json\" class=\"yoast-schema-graph\">{\"@context\":\"https:\\\/\\\/schema.org\",\"@graph\":[{\"@type\":\"WebPage\",\"@id\":\"https:\\\/\\\/api.croghan.bank\\\/es\\\/gestion-patrimonial\\\/educacion\\\/\",\"url\":\"https:\\\/\\\/api.croghan.bank\\\/es\\\/gestion-patrimonial\\\/educacion\\\/\",\"name\":\"Gesti\u00f3n de patrimonios Educaci\u00f3n | Banco Colonial Croghan\",\"isPartOf\":{\"@id\":\"https:\\\/\\\/api.croghan.bank\\\/es\\\/#website\"},\"datePublished\":\"2025-09-25T15:45:35+00:00\",\"dateModified\":\"2026-03-04T17:07:09+00:00\",\"breadcrumb\":{\"@id\":\"https:\\\/\\\/api.croghan.bank\\\/es\\\/gestion-patrimonial\\\/educacion\\\/#breadcrumb\"},\"inLanguage\":\"es\",\"potentialAction\":[{\"@type\":\"ReadAction\",\"target\":[\"https:\\\/\\\/api.croghan.bank\\\/es\\\/gestion-patrimonial\\\/educacion\\\/\"]}]},{\"@type\":\"BreadcrumbList\",\"@id\":\"https:\\\/\\\/api.croghan.bank\\\/es\\\/gestion-patrimonial\\\/educacion\\\/#breadcrumb\",\"itemListElement\":[{\"@type\":\"ListItem\",\"position\":1,\"name\":\"Hogar\",\"item\":\"https:\\\/\\\/api.croghan.bank\\\/es\\\/\"},{\"@type\":\"ListItem\",\"position\":2,\"name\":\"Gesti\u00f3n Patrimonial\",\"item\":\"https:\\\/\\\/api.croghan.bank\\\/es\\\/gestion-patrimonial\\\/\"},{\"@type\":\"ListItem\",\"position\":3,\"name\":\"Educaci\u00f3n\"}]},{\"@type\":\"WebSite\",\"@id\":\"https:\\\/\\\/api.croghan.bank\\\/es\\\/#website\",\"url\":\"https:\\\/\\\/api.croghan.bank\\\/es\\\/\",\"name\":\"Banco Croghan sin cabeza\",\"description\":\"\",\"potentialAction\":[{\"@type\":\"SearchAction\",\"target\":{\"@type\":\"EntryPoint\",\"urlTemplate\":\"https:\\\/\\\/api.croghan.bank\\\/es\\\/?s={search_term_string}\"},\"query-input\":{\"@type\":\"PropertyValueSpecification\",\"valueRequired\":true,\"valueName\":\"search_term_string\"}}],\"inLanguage\":\"es\"}]}<\/script>\n<!-- \/ Yoast SEO plugin. -->","yoast_head_json":{"title":"Gesti\u00f3n de patrimonios Educaci\u00f3n | Banco Colonial Croghan","robots":{"index":"noindex","follow":"follow","max-snippet":"max-snippet:-1","max-image-preview":"max-image-preview:large","max-video-preview":"max-video-preview:-1"},"og_locale":"es_ES","og_type":"article","og_title":"Gesti\u00f3n de patrimonios Educaci\u00f3n | Banco Colonial Croghan","og_url":"https:\/\/api.croghan.bank\/es\/gestion-patrimonial\/educacion\/","og_site_name":"Banco Croghan sin cabeza","article_modified_time":"2026-03-04T17:07:09+00:00","twitter_card":"summary_large_image","schema":{"@context":"https:\/\/schema.org","@graph":[{"@type":"WebPage","@id":"https:\/\/api.croghan.bank\/es\/gestion-patrimonial\/educacion\/","url":"https:\/\/api.croghan.bank\/es\/gestion-patrimonial\/educacion\/","name":"Gesti\u00f3n de patrimonios Educaci\u00f3n | Banco Colonial Croghan","isPartOf":{"@id":"https:\/\/api.croghan.bank\/es\/#website"},"datePublished":"2025-09-25T15:45:35+00:00","dateModified":"2026-03-04T17:07:09+00:00","breadcrumb":{"@id":"https:\/\/api.croghan.bank\/es\/gestion-patrimonial\/educacion\/#breadcrumb"},"inLanguage":"es","potentialAction":[{"@type":"ReadAction","target":["https:\/\/api.croghan.bank\/es\/gestion-patrimonial\/educacion\/"]}]},{"@type":"BreadcrumbList","@id":"https:\/\/api.croghan.bank\/es\/gestion-patrimonial\/educacion\/#breadcrumb","itemListElement":[{"@type":"ListItem","position":1,"name":"Hogar","item":"https:\/\/api.croghan.bank\/es\/"},{"@type":"ListItem","position":2,"name":"Gesti\u00f3n Patrimonial","item":"https:\/\/api.croghan.bank\/es\/gestion-patrimonial\/"},{"@type":"ListItem","position":3,"name":"Educaci\u00f3n"}]},{"@type":"WebSite","@id":"https:\/\/api.croghan.bank\/es\/#website","url":"https:\/\/api.croghan.bank\/es\/","name":"Banco Croghan sin cabeza","description":"","potentialAction":[{"@type":"SearchAction","target":{"@type":"EntryPoint","urlTemplate":"https:\/\/api.croghan.bank\/es\/?s={search_term_string}"},"query-input":{"@type":"PropertyValueSpecification","valueRequired":true,"valueName":"search_term_string"}}],"inLanguage":"es"}]}},"_links":{"self":[{"href":"https:\/\/api.croghan.bank\/es\/wp-json\/wp\/v2\/pages\/6049","targetHints":{"allow":["GET"]}}],"collection":[{"href":"https:\/\/api.croghan.bank\/es\/wp-json\/wp\/v2\/pages"}],"about":[{"href":"https:\/\/api.croghan.bank\/es\/wp-json\/wp\/v2\/types\/page"}],"author":[{"embeddable":true,"href":"https:\/\/api.croghan.bank\/es\/wp-json\/wp\/v2\/users\/1"}],"replies":[{"embeddable":true,"href":"https:\/\/api.croghan.bank\/es\/wp-json\/wp\/v2\/comments?post=6049"}],"version-history":[{"count":1,"href":"https:\/\/api.croghan.bank\/es\/wp-json\/wp\/v2\/pages\/6049\/revisions"}],"predecessor-version":[{"id":7198,"href":"https:\/\/api.croghan.bank\/es\/wp-json\/wp\/v2\/pages\/6049\/revisions\/7198"}],"up":[{"embeddable":true,"href":"https:\/\/api.croghan.bank\/es\/wp-json\/wp\/v2\/pages\/4422"}],"wp:attachment":[{"href":"https:\/\/api.croghan.bank\/es\/wp-json\/wp\/v2\/media?parent=6049"}],"wp:term":[{"taxonomy":"category","embeddable":true,"href":"https:\/\/api.croghan.bank\/es\/wp-json\/wp\/v2\/categories?post=6049"},{"taxonomy":"post_tag","embeddable":true,"href":"https:\/\/api.croghan.bank\/es\/wp-json\/wp\/v2\/tags?post=6049"}],"curies":[{"name":"wp","href":"https:\/\/api.w.org\/{rel}","templated":true}]}}