{"id":6110,"date":"2025-09-30T20:56:17","date_gmt":"2025-09-30T20:56:17","guid":{"rendered":"https:\/\/api.croghan.bank\/promocion\/actualizaciones-tecnologicas-personales\/"},"modified":"2026-03-11T20:08:33","modified_gmt":"2026-03-11T20:08:33","slug":"actualizaciones-tecnologicas-personales","status":"publish","type":"page","link":"https:\/\/api.croghan.bank\/es\/promocion\/actualizaciones-tecnologicas-personales\/","title":{"rendered":"Actualizaciones personales de tecnolog\u00eda"},"content":{"rendered":"","protected":false},"excerpt":{"rendered":"","protected":false},"author":5,"featured_media":0,"parent":4457,"menu_order":0,"comment_status":"closed","ping_status":"closed","template":"","meta":{"_acf_changed":false,"inline_featured_image":false,"footnotes":""},"categories":[],"tags":[],"class_list":["post-6110","page","type-page","status-publish","hentry"],"acf":{"modules":[{"acf_fc_layout":"bread_crumb_nav_hero","title":"<h1>Mejorando tu experiencia bancaria personal<\/h1>","subtitle":"","content":"<h1>\u00a1Tu experiencia mejorada en la banca personal ya est\u00e1 disponible!<\/h1>","buttons":null,"module_anchor_id":"","module_padding_inner":"noPaddingInner","module_spacing_after":"compactSpacingAfter"},{"acf_fc_layout":"comparison_table","title":"<h2>La banca facilitada, r\u00e1pida e inteligente<\/h2>","content":"<span style=\"box-sizing: border-box; margin: 0px; padding: 0px;\"><strong>Si necesitas ayuda para iniciar sesi\u00f3n en la Banca Online o M\u00f3vil, ll\u00e1manos al <\/strong><a href=\"tel:4193327301\" rel=\"noopener\"><strong>419-332-7301<\/strong><\/a><strong>  O empezar una charla. \u00a1Uno de nuestros expertos digitales estar\u00e1 encantado de ayudarte! <\/strong><\/span>","table_layout_columns":"tableTwoColumns","table_2_column":null,"table_3_column":null,"table_4_column":null,"table_5_column":null,"module_anchor_id":"","module_padding_inner":"paddingInnerAll","module_spacing_after":"noSpacingAfter"},{"acf_fc_layout":"content_and_cards_row","title":"<h2><span class=\"TextRun SCXW227746378 BCX0\" lang=\"EN-US\" xml:lang=\"EN-US\" data-contrast=\"none\"><span class=\"NormalTextRun SCXW227746378 BCX0\">\u00a1Que hacer hoy!<\/span><\/span><\/h2>","content":"De cara al nuevo a\u00f1o, me entusiasma compartir nuestras importantes inversiones en mejoras tecnol\u00f3gicas. Esta actualizaci\u00f3n no se realiza con frecuencia, pero reconocemos la necesidad de este cambio para garantizar que nuestros productos y servicios sigan siendo actuales y relevantes en el panorama tecnol\u00f3gico en r\u00e1pida evoluci\u00f3n actual. Nuestra tecnolog\u00eda actual nos ha servido bien durante m\u00e1s de 34 a\u00f1os; Sin embargo, estos productos y servicios mejorados mejorar\u00e1n a\u00fan m\u00e1s la experiencia bancaria que ofrecemos para vosotros, nuestros clientes. Esta actualizaci\u00f3n nos permitir\u00e1 atenderle mejor, ya sea que haga operaciones bancarias online, utilice nuestra app Croghan o nos visite en persona en cualquiera de nuestras 18 oficinas.   \n\n<strong>Lo que necesitas saber<\/strong>\n\nNuestros empleados en Croghan est\u00e1n trabajando con dedicaci\u00f3n para garantizar que esta actualizaci\u00f3n sea lo m\u00e1s fluida posible. En esta p\u00e1gina encontrar\u00e1s detalles esenciales y preguntas frecuentes. Sigue consultando esta p\u00e1gina, ya que seguiremos actualizando los detalles a medida que avancemos.\n\nAgradecemos tu paciencia y confianza continua, mientras trabajamos para ofrecerte la mejor experiencia bancaria durante los pr\u00f3ximos a\u00f1os. Gracias por tu lealtad y por elegir Croghan para tus necesidades bancarias. \n\n<em>-Kendall Rieman, Presidenta\/CEO<\/em>","cards_row":[{"icon":"","icon_dark_mode":"","eyebrow":"","title":"<h3><strong><span class=\"TextRun SCXW146201229 BCX0\" lang=\"EN-US\" xml:lang=\"EN-US\" data-contrast=\"auto\"><span class=\"NormalTextRun SCXW146201229 BCX0\">Pr\u00f3ximos pasos<\/span><\/span><\/strong><\/h3>","content":"<ul>\n \t<li><strong>iPhone:<\/strong> Actualiza tu actual aplicaci\u00f3n m\u00f3vil de Croghan.<\/li>\n \t<li><strong>Android:<\/strong> Elimina tu app actual de Croghan y visita la Google Play Store para descargar la nueva aplicaci\u00f3n m\u00f3vil.<\/li>\n \t<li>Restablece las alertas de la cuenta y las preferencias de gesti\u00f3n de tarjetas, ya que los ajustes actuales no se conservar\u00e1n.<\/li>\n \t<li>Confirma a tus facturadores en Pago de Facturas y revisa tus transacciones programadas.<\/li>\n \t<li>Re-inscribirte en Zelle para enviar dinero a tus amigos y familiares.<\/li>\n \t<li>Restablece Face ID, Touch ID y tus preferencias de seguridad.<\/li>\n \t<li>Configura cuentas externas dentro de nuestra nueva herramienta de Gesti\u00f3n Financiera Personal.<\/li>\n<\/ul>","link":null}],"module_stacked_rows":false,"module_upper-half_background_color":"white","module_lower-half_background_color":"blue","module_anchor_id":"","module_padding_inner":"noPaddingInner","module_spacing_after":"noSpacingAfter"},{"acf_fc_layout":"accordion","eyebrow":"Preguntas frecuentes","accordion_items":[{"label":"\u00bfPor qu\u00e9 estamos realizando una actualizaci\u00f3n tecnol\u00f3gica?  ","content":"Como parte de nuestro compromiso continuo de brindar servicios personalizados a trav\u00e9s de tecnolog\u00edas innovadoras, la nueva tecnolog\u00eda de vanguardia mejorar\u00e1 su experiencia bancaria con Croghan Colonial Bank, haci\u00e9ndola m\u00e1s f\u00e1cil, m\u00e1s r\u00e1pida, m\u00e1s segura y m\u00e1s conveniente."},{"label":"\u00bfC\u00f3mo afecta la actualizaci\u00f3n a la seguridad?","content":"\u00a1Lo mejora! Es posible que no note ninguna caracter\u00edstica de seguridad en particular, pero la tecnolog\u00eda actualizada nos proporciona m\u00e1s controles de seguridad en el backend del sistema. "},{"label":"\u00bfEst\u00e1 cambiando la banca en l\u00ednea?","content":"S\u00ed, habr\u00e1 una nueva imagen en la plataforma de banca en l\u00ednea; sin embargo, continuar\u00e1 accediendo al inicio de sesi\u00f3n a trav\u00e9s del bot\u00f3n en nuestra p\u00e1gina de inicio de Croghan.bank. Si ha marcado la URL de la banca en l\u00ednea, deber\u00e1 actualizar el enlace. "},{"label":"\u00bfQu\u00e9 pasos debo seguir para prepararme para la actualizaci\u00f3n?","content":"<span data-preserver-spaces=\"true\">Realice pagos de pr\u00e9stamos o dep\u00f3sitos en una oficina antes de las 4:00 p.m. del <strong>viernes 13 de febrero de 2026<\/strong>, ya que estaremos cerrados el <strong>s\u00e1bado 14 de febrero de 2026<\/strong>.<\/span>\n\n<span data-preserver-spaces=\"true\">Completa el pre-registro en la banca online para actualizar tu usuario y contrase\u00f1a. Puede encontrar instrucciones en nuestro sitio web y en su folleto de actualizaci\u00f3n tecnol\u00f3gica. <\/span>\n\n<span data-preserver-spaces=\"true\">Programe los pagos de facturas en l\u00ednea para que se env\u00eden antes del <\/span><strong>\n  <span data-preserver-spaces=\"true\">viernes 13 de febrero de 2026<\/span>\n<\/strong><span data-preserver-spaces=\"true\">.<\/span>"},{"label":"\u00bfPodr\u00e9 usar la banca en l\u00ednea durante la actualizaci\u00f3n?","content":"La banca en l\u00ednea, Zelle, el pago de facturas, las alertas, las herramientas de administraci\u00f3n de tarjetas y el dep\u00f3sito m\u00f3vil no estar\u00e1n disponibles a partir del <strong>viernes 13 de febrero de 2026<\/strong>. Los servicios de banca digital volver\u00e1n a estar disponibles a partir del <strong>martes 17 de febrero de 2026<\/strong>. "},{"label":"\u00bfPuedo acceder a la aplicaci\u00f3n m\u00f3vil durante la actualizaci\u00f3n?  ","content":"<span data-preserver-spaces=\"true\">Nuestra aplicaci\u00f3n m\u00f3vil actual se desactivar\u00e1 <\/span><strong>\n  <span data-preserver-spaces=\"true\">el viernes 13 de febrero de 2026<\/span>\n<\/strong><span data-preserver-spaces=\"true\">. <\/span><strong>\n  <span data-preserver-spaces=\"true\">On martes, 17 de febrero de 2026<\/span>\n<\/strong><span data-preserver-spaces=\"true\">, si es un usuario de Apple, deber\u00e1 actualizar su aplicaci\u00f3n de banca m\u00f3vil existente a la versi\u00f3n m\u00e1s reciente. Si es un usuario de Android, deber\u00e1 eliminar la aplicaci\u00f3n actual en su tel\u00e9fono, visitar su tienda de aplicaciones y volver a descargar la nueva aplicaci\u00f3n de banca m\u00f3vil Croghan.   <\/span>"},{"label":"\u00bfEstar\u00e1n abiertas las oficinas durante la actualizaci\u00f3n?","content":"Todas las oficinas cerrar\u00e1n <span style=\"box-sizing: border-box; margin: 0px; padding: 0px;\"><strong>el viernes 13 de febrero de 2026<\/strong> y permanecer\u00e1n cerradas hasta<strong> el lunes 16 de febrero de 2026<\/strong><\/span><strong>.<\/strong> Reabrir\u00e1n en horario comercial normal el <strong>martes 17 de septiembre de 2026<\/strong>."},{"label":"\u00bfFuncionar\u00e1 mi tarjeta de d\u00e9bito durante la actualizaci\u00f3n?","content":"<span data-preserver-spaces=\"true\">S\u00ed. Las compras, retiros y transacciones en puntos de venta con tarjeta de d\u00e9bito estar\u00e1n disponibles con un l\u00edmite diario reducido   <\/span><strong>\n  <span data-preserver-spaces=\"true\">del viernes 13 de febrero de 2026 al martes 17 de febrero de 2026<\/span>\n<\/strong><span data-preserver-spaces=\"true\">.<\/span>"},{"label":"\u00bfPuedo usar cajeros autom\u00e1ticos durante la actualizaci\u00f3n?  ","content":"<span data-preserver-spaces=\"true\">S\u00ed. Los cajeros autom\u00e1ticos estar\u00e1n disponibles para retiros de efectivo. F  <\/span><strong>\n  <span data-preserver-spaces=\"true\">Desde el viernes 13 de febrero de 2026 hasta el martes 17 de febrero de 2026, <\/span>\n<\/strong><span data-preserver-spaces=\"true\">no podr\u00e1 acceder a la informaci\u00f3n de su cuenta (como consultas de saldo). <\/span> "},{"label":"\u00bfCambiar\u00e1 mi nombre de usuario y contrase\u00f1a de la Banca en L\u00ednea?","content":"Las contrase\u00f1as deber\u00e1n ser cambiadas por cada usuario. Le enviaremos informaci\u00f3n sobre c\u00f3mo actualizar su contrase\u00f1a antes del fin de semana de actualizaci\u00f3n. \n\nLos nombres de usuario solo tendr\u00e1n que cambiar si contienen un car\u00e1cter especial o tienen menos de siete caracteres de longitud. Puede encontrar instrucciones en nuestro sitio web y en su folleto de actualizaci\u00f3n tecnol\u00f3gica. "},{"label":"\u00bfPuedo acceder a estados de cuenta electr\u00f3nicos anteriores en l\u00ednea?  ","content":"A partir del <strong>martes 17 de febrero de 2026,<\/strong> los estados de cuenta electr\u00f3nicos no estar\u00e1n disponibles y no se podr\u00e1n recuperar durante 10 a 12 semanas. Si necesita acceder a estados de cuenta anteriores, cont\u00e1ctenos y se los proporcionaremos sin costo alguno. "},{"label":"\u00bfQu\u00e9 estados de cuenta recibir\u00e9 para febrero de 2026?","content":"Para febrero, recibir\u00e1 dos estados de cuenta. La primera tendr\u00e1 lugar del <strong>1 al 13 de febrero de 2026<\/strong> y la segunda del <strong>14 al 28 de febrero de 2026<\/strong>. "}],"module_anchor_id":"","module_padding_inner":"noPaddingInner","module_spacing_after":"compactSpacingAfter"},{"acf_fc_layout":"location_pre_footer","module_anchor_id":"","module_padding_inner":"noPaddingInner","module_spacing_after":"defaultSpacingAfter"}]},"yoast_head":"<!-- This site is optimized with the Yoast SEO plugin v27.5 - https:\/\/yoast.com\/product\/yoast-seo-wordpress\/ -->\n<title>Actualizaciones personales de tecnolog\u00eda | Banco Colonial Croghan<\/title>\n<meta name=\"robots\" content=\"noindex, follow, max-snippet:-1, max-image-preview:large, max-video-preview:-1\" \/>\n<meta property=\"og:locale\" content=\"es_ES\" \/>\n<meta property=\"og:type\" content=\"article\" \/>\n<meta property=\"og:title\" content=\"Actualizaciones personales de tecnolog\u00eda | Banco Colonial Croghan\" \/>\n<meta property=\"og:url\" content=\"https:\/\/api.croghan.bank\/es\/promocion\/actualizaciones-tecnologicas-personales\/\" \/>\n<meta property=\"og:site_name\" content=\"Banco Croghan sin cabeza\" \/>\n<meta property=\"article:modified_time\" content=\"2026-03-11T20:08:33+00:00\" \/>\n<meta name=\"twitter:card\" content=\"summary_large_image\" \/>\n<script type=\"application\/ld+json\" class=\"yoast-schema-graph\">{\"@context\":\"https:\\\/\\\/schema.org\",\"@graph\":[{\"@type\":\"WebPage\",\"@id\":\"https:\\\/\\\/api.croghan.bank\\\/es\\\/promocion\\\/actualizaciones-tecnologicas-personales\\\/\",\"url\":\"https:\\\/\\\/api.croghan.bank\\\/es\\\/promocion\\\/actualizaciones-tecnologicas-personales\\\/\",\"name\":\"Actualizaciones personales de tecnolog\u00eda | Banco Colonial Croghan\",\"isPartOf\":{\"@id\":\"https:\\\/\\\/api.croghan.bank\\\/es\\\/#website\"},\"datePublished\":\"2025-09-30T20:56:17+00:00\",\"dateModified\":\"2026-03-11T20:08:33+00:00\",\"breadcrumb\":{\"@id\":\"https:\\\/\\\/api.croghan.bank\\\/es\\\/promocion\\\/actualizaciones-tecnologicas-personales\\\/#breadcrumb\"},\"inLanguage\":\"es\",\"potentialAction\":[{\"@type\":\"ReadAction\",\"target\":[\"https:\\\/\\\/api.croghan.bank\\\/es\\\/promocion\\\/actualizaciones-tecnologicas-personales\\\/\"]}]},{\"@type\":\"BreadcrumbList\",\"@id\":\"https:\\\/\\\/api.croghan.bank\\\/es\\\/promocion\\\/actualizaciones-tecnologicas-personales\\\/#breadcrumb\",\"itemListElement\":[{\"@type\":\"ListItem\",\"position\":1,\"name\":\"Hogar\",\"item\":\"https:\\\/\\\/api.croghan.bank\\\/es\\\/\"},{\"@type\":\"ListItem\",\"position\":2,\"name\":\"Promoci\u00f3n\",\"item\":\"https:\\\/\\\/api.croghan.bank\\\/es\\\/promocion\\\/\"},{\"@type\":\"ListItem\",\"position\":3,\"name\":\"Actualizaciones personales de tecnolog\u00eda\"}]},{\"@type\":\"WebSite\",\"@id\":\"https:\\\/\\\/api.croghan.bank\\\/es\\\/#website\",\"url\":\"https:\\\/\\\/api.croghan.bank\\\/es\\\/\",\"name\":\"Banco Croghan sin cabeza\",\"description\":\"\",\"potentialAction\":[{\"@type\":\"SearchAction\",\"target\":{\"@type\":\"EntryPoint\",\"urlTemplate\":\"https:\\\/\\\/api.croghan.bank\\\/es\\\/?s={search_term_string}\"},\"query-input\":{\"@type\":\"PropertyValueSpecification\",\"valueRequired\":true,\"valueName\":\"search_term_string\"}}],\"inLanguage\":\"es\"}]}<\/script>\n<!-- \/ Yoast SEO plugin. -->","yoast_head_json":{"title":"Actualizaciones personales de tecnolog\u00eda | Banco Colonial Croghan","robots":{"index":"noindex","follow":"follow","max-snippet":"max-snippet:-1","max-image-preview":"max-image-preview:large","max-video-preview":"max-video-preview:-1"},"og_locale":"es_ES","og_type":"article","og_title":"Actualizaciones personales de tecnolog\u00eda | Banco Colonial Croghan","og_url":"https:\/\/api.croghan.bank\/es\/promocion\/actualizaciones-tecnologicas-personales\/","og_site_name":"Banco Croghan sin cabeza","article_modified_time":"2026-03-11T20:08:33+00:00","twitter_card":"summary_large_image","schema":{"@context":"https:\/\/schema.org","@graph":[{"@type":"WebPage","@id":"https:\/\/api.croghan.bank\/es\/promocion\/actualizaciones-tecnologicas-personales\/","url":"https:\/\/api.croghan.bank\/es\/promocion\/actualizaciones-tecnologicas-personales\/","name":"Actualizaciones personales de tecnolog\u00eda | Banco Colonial Croghan","isPartOf":{"@id":"https:\/\/api.croghan.bank\/es\/#website"},"datePublished":"2025-09-30T20:56:17+00:00","dateModified":"2026-03-11T20:08:33+00:00","breadcrumb":{"@id":"https:\/\/api.croghan.bank\/es\/promocion\/actualizaciones-tecnologicas-personales\/#breadcrumb"},"inLanguage":"es","potentialAction":[{"@type":"ReadAction","target":["https:\/\/api.croghan.bank\/es\/promocion\/actualizaciones-tecnologicas-personales\/"]}]},{"@type":"BreadcrumbList","@id":"https:\/\/api.croghan.bank\/es\/promocion\/actualizaciones-tecnologicas-personales\/#breadcrumb","itemListElement":[{"@type":"ListItem","position":1,"name":"Hogar","item":"https:\/\/api.croghan.bank\/es\/"},{"@type":"ListItem","position":2,"name":"Promoci\u00f3n","item":"https:\/\/api.croghan.bank\/es\/promocion\/"},{"@type":"ListItem","position":3,"name":"Actualizaciones personales de tecnolog\u00eda"}]},{"@type":"WebSite","@id":"https:\/\/api.croghan.bank\/es\/#website","url":"https:\/\/api.croghan.bank\/es\/","name":"Banco Croghan sin cabeza","description":"","potentialAction":[{"@type":"SearchAction","target":{"@type":"EntryPoint","urlTemplate":"https:\/\/api.croghan.bank\/es\/?s={search_term_string}"},"query-input":{"@type":"PropertyValueSpecification","valueRequired":true,"valueName":"search_term_string"}}],"inLanguage":"es"}]}},"_links":{"self":[{"href":"https:\/\/api.croghan.bank\/es\/wp-json\/wp\/v2\/pages\/6110","targetHints":{"allow":["GET"]}}],"collection":[{"href":"https:\/\/api.croghan.bank\/es\/wp-json\/wp\/v2\/pages"}],"about":[{"href":"https:\/\/api.croghan.bank\/es\/wp-json\/wp\/v2\/types\/page"}],"author":[{"embeddable":true,"href":"https:\/\/api.croghan.bank\/es\/wp-json\/wp\/v2\/users\/5"}],"replies":[{"embeddable":true,"href":"https:\/\/api.croghan.bank\/es\/wp-json\/wp\/v2\/comments?post=6110"}],"version-history":[{"count":1,"href":"https:\/\/api.croghan.bank\/es\/wp-json\/wp\/v2\/pages\/6110\/revisions"}],"predecessor-version":[{"id":7274,"href":"https:\/\/api.croghan.bank\/es\/wp-json\/wp\/v2\/pages\/6110\/revisions\/7274"}],"up":[{"embeddable":true,"href":"https:\/\/api.croghan.bank\/es\/wp-json\/wp\/v2\/pages\/4457"}],"wp:attachment":[{"href":"https:\/\/api.croghan.bank\/es\/wp-json\/wp\/v2\/media?parent=6110"}],"wp:term":[{"taxonomy":"category","embeddable":true,"href":"https:\/\/api.croghan.bank\/es\/wp-json\/wp\/v2\/categories?post=6110"},{"taxonomy":"post_tag","embeddable":true,"href":"https:\/\/api.croghan.bank\/es\/wp-json\/wp\/v2\/tags?post=6110"}],"curies":[{"name":"wp","href":"https:\/\/api.w.org\/{rel}","templated":true}]}}