{"id":6356,"date":"2025-11-10T12:00:22","date_gmt":"2025-11-10T12:00:22","guid":{"rendered":"https:\/\/api.croghan.bank\/?page_id=6356"},"modified":"2026-05-01T12:00:41","modified_gmt":"2026-05-01T12:00:41","slug":"contactenos-2","status":"publish","type":"page","link":"https:\/\/api.croghan.bank\/es\/contactenos-2\/","title":{"rendered":"Abre una cuenta"},"content":{"rendered":"","protected":false},"excerpt":{"rendered":"","protected":false},"author":1,"featured_media":0,"parent":0,"menu_order":0,"comment_status":"closed","ping_status":"closed","template":"","meta":{"_acf_changed":false,"inline_featured_image":false,"footnotes":""},"categories":[],"tags":[],"class_list":["post-6356","page","type-page","status-publish","hentry"],"acf":{"modules":[{"acf_fc_layout":"bread_crumb_nav_hero","title":"<h1>Haz que la banca sea m\u00e1s sencilla que nunca.<\/h1>","subtitle":"<h2>\u00bfEst\u00e1s pensando en abrir una nueva cuenta corriente o de ahorros con Croghan? Nuestro equipo dedicado est\u00e1 aqu\u00ed para hacer el proceso sencillo. <\/h2>","content":"\u00bfEst\u00e1s pensando en abrir una nueva cuenta corriente o de ahorros con Croghan? Nuestro equipo dedicado est\u00e1 aqu\u00ed para hacer el proceso lo m\u00e1s sencillo posible. ","buttons":null,"module_anchor_id":"","module_padding_inner":"noPaddingInner","module_spacing_after":"compactSpacingAfter"},{"acf_fc_layout":"contact_form","content":"<p style=\"text-align: left;\">\u00bfEst\u00e1s pensando en abrir una nueva cuenta corriente o de ahorros con Croghan? Nuestro equipo dedicado est\u00e1 aqu\u00ed para hacer el proceso lo m\u00e1s sencillo posible. <\/p>","callout_sections":[{"icon":null,"icon_dark_mode":4337,"title":"Denunciar la p\u00e9rdida o el robo de una tarjeta","content_top":"Si ha perdido su tarjeta o sospecha que ha sido robada, llame para denunciarlo.","link":null,"content_bottom":"<strong>Tarjeta de d\u00e9bito<\/strong>: <a href=\"tel:8004723272\">800-472-3272<\/a>\n<strong>Mastercard<b>\u00ae<\/b> \/ VISA:<b>\u00ae<\/b><\/strong> <a href=\"tel:8885645025\">888-564-5025<\/a>"},{"icon":null,"icon_dark_mode":4338,"title":"Necesita m\u00e1s cheques","content_top":"\u00bfNecesita pedir cheques? Es r\u00e1pido y f\u00e1cil. ","link":{"title":"Volver a pedir cheques","url":"https:\/\/www.ordermychecks.com\/checks\/omclogin#\/login","target":"_espacio en blanco"},"content_bottom":""}],"module_anchor_id":"","module_padding_inner":"noPaddingInner","module_spacing_after":"defaultSpacingAfter"},{"acf_fc_layout":"fifty_fifty_content","eyebrow":"","title":"<h2>Simplifica la forma en que gestionas tu dinero hoy mismo.<\/h2>","content":"En Croghan Colonial Bank, creemos en ayudarte a sacar el m\u00e1ximo partido a tu dinero y en ofrecerte herramientas para construir confianza financiera.","buttons":[{"button":{"link":{"title":"Aprende m\u00e1s","url":"\/about-us\/our-team","target":""},"button_style":"solid","button_color":"blue","opens_modal":false,"video":null}}],"module_background_color":"white","module_anchor_id":"","module_padding_inner":"noPaddingInner","module_spacing_after":"defaultSpacingAfter"},{"acf_fc_layout":"location_pre_footer","module_anchor_id":"","module_padding_inner":"noPaddingInner","module_spacing_after":"defaultSpacingAfter"}]},"yoast_head":"<!-- This site is optimized with the Yoast SEO plugin v27.5 - https:\/\/yoast.com\/product\/yoast-seo-wordpress\/ -->\n<title>Abre una cuenta | Banco Colonial Croghan<\/title>\n<meta name=\"description\" content=\"Abre una cuenta corriente o de ahorros en Croghan Colonial Bank. Los clientes existentes inician sesi\u00f3n en la banca online; Los nuevos clientes completan un formulario de contacto r\u00e1pido.\" \/>\n<meta name=\"robots\" content=\"noindex, follow, max-snippet:-1, max-image-preview:large, max-video-preview:-1\" \/>\n<meta property=\"og:locale\" content=\"es_ES\" \/>\n<meta property=\"og:type\" content=\"article\" \/>\n<meta property=\"og:title\" content=\"Abre una cuenta | Banco Colonial Croghan\" \/>\n<meta property=\"og:description\" content=\"Abre una cuenta corriente o de ahorros en Croghan Colonial Bank. Los clientes existentes inician sesi\u00f3n en la banca online; Los nuevos clientes completan un formulario de contacto r\u00e1pido.\" \/>\n<meta property=\"og:url\" content=\"https:\/\/api.croghan.bank\/es\/contactenos-2\/\" \/>\n<meta property=\"og:site_name\" content=\"Banco Croghan sin cabeza\" \/>\n<meta property=\"article:modified_time\" content=\"2026-05-01T12:00:41+00:00\" \/>\n<meta name=\"twitter:card\" content=\"summary_large_image\" \/>\n<script type=\"application\/ld+json\" class=\"yoast-schema-graph\">{\"@context\":\"https:\\\/\\\/schema.org\",\"@graph\":[{\"@type\":\"WebPage\",\"@id\":\"https:\\\/\\\/api.croghan.bank\\\/es\\\/contactenos-2\\\/\",\"url\":\"https:\\\/\\\/api.croghan.bank\\\/es\\\/contactenos-2\\\/\",\"name\":\"Abre una cuenta | Banco Colonial Croghan\",\"isPartOf\":{\"@id\":\"https:\\\/\\\/api.croghan.bank\\\/es\\\/#website\"},\"datePublished\":\"2025-11-10T12:00:22+00:00\",\"dateModified\":\"2026-05-01T12:00:41+00:00\",\"description\":\"Abre una cuenta corriente o de ahorros en Croghan Colonial Bank. Los clientes existentes inician sesi\u00f3n en la banca online; Los nuevos clientes completan un formulario de contacto r\u00e1pido.\",\"breadcrumb\":{\"@id\":\"https:\\\/\\\/api.croghan.bank\\\/es\\\/contactenos-2\\\/#breadcrumb\"},\"inLanguage\":\"es\",\"potentialAction\":[{\"@type\":\"ReadAction\",\"target\":[\"https:\\\/\\\/api.croghan.bank\\\/es\\\/contactenos-2\\\/\"]}]},{\"@type\":\"BreadcrumbList\",\"@id\":\"https:\\\/\\\/api.croghan.bank\\\/es\\\/contactenos-2\\\/#breadcrumb\",\"itemListElement\":[{\"@type\":\"ListItem\",\"position\":1,\"name\":\"Hogar\",\"item\":\"https:\\\/\\\/api.croghan.bank\\\/es\\\/\"},{\"@type\":\"ListItem\",\"position\":2,\"name\":\"Abre una cuenta\"}]},{\"@type\":\"WebSite\",\"@id\":\"https:\\\/\\\/api.croghan.bank\\\/es\\\/#website\",\"url\":\"https:\\\/\\\/api.croghan.bank\\\/es\\\/\",\"name\":\"Banco Croghan sin cabeza\",\"description\":\"\",\"potentialAction\":[{\"@type\":\"SearchAction\",\"target\":{\"@type\":\"EntryPoint\",\"urlTemplate\":\"https:\\\/\\\/api.croghan.bank\\\/es\\\/?s={search_term_string}\"},\"query-input\":{\"@type\":\"PropertyValueSpecification\",\"valueRequired\":true,\"valueName\":\"search_term_string\"}}],\"inLanguage\":\"es\"}]}<\/script>\n<!-- \/ Yoast SEO plugin. -->","yoast_head_json":{"title":"Abre una cuenta | Banco Colonial Croghan","description":"Abre una cuenta corriente o de ahorros en Croghan Colonial Bank. Los clientes existentes inician sesi\u00f3n en la banca online; Los nuevos clientes completan un formulario de contacto r\u00e1pido.","robots":{"index":"noindex","follow":"follow","max-snippet":"max-snippet:-1","max-image-preview":"max-image-preview:large","max-video-preview":"max-video-preview:-1"},"og_locale":"es_ES","og_type":"article","og_title":"Abre una cuenta | Banco Colonial Croghan","og_description":"Abre una cuenta corriente o de ahorros en Croghan Colonial Bank. Los clientes existentes inician sesi\u00f3n en la banca online; Los nuevos clientes completan un formulario de contacto r\u00e1pido.","og_url":"https:\/\/api.croghan.bank\/es\/contactenos-2\/","og_site_name":"Banco Croghan sin cabeza","article_modified_time":"2026-05-01T12:00:41+00:00","twitter_card":"summary_large_image","schema":{"@context":"https:\/\/schema.org","@graph":[{"@type":"WebPage","@id":"https:\/\/api.croghan.bank\/es\/contactenos-2\/","url":"https:\/\/api.croghan.bank\/es\/contactenos-2\/","name":"Abre una cuenta | Banco Colonial Croghan","isPartOf":{"@id":"https:\/\/api.croghan.bank\/es\/#website"},"datePublished":"2025-11-10T12:00:22+00:00","dateModified":"2026-05-01T12:00:41+00:00","description":"Abre una cuenta corriente o de ahorros en Croghan Colonial Bank. Los clientes existentes inician sesi\u00f3n en la banca online; Los nuevos clientes completan un formulario de contacto r\u00e1pido.","breadcrumb":{"@id":"https:\/\/api.croghan.bank\/es\/contactenos-2\/#breadcrumb"},"inLanguage":"es","potentialAction":[{"@type":"ReadAction","target":["https:\/\/api.croghan.bank\/es\/contactenos-2\/"]}]},{"@type":"BreadcrumbList","@id":"https:\/\/api.croghan.bank\/es\/contactenos-2\/#breadcrumb","itemListElement":[{"@type":"ListItem","position":1,"name":"Hogar","item":"https:\/\/api.croghan.bank\/es\/"},{"@type":"ListItem","position":2,"name":"Abre una cuenta"}]},{"@type":"WebSite","@id":"https:\/\/api.croghan.bank\/es\/#website","url":"https:\/\/api.croghan.bank\/es\/","name":"Banco Croghan sin cabeza","description":"","potentialAction":[{"@type":"SearchAction","target":{"@type":"EntryPoint","urlTemplate":"https:\/\/api.croghan.bank\/es\/?s={search_term_string}"},"query-input":{"@type":"PropertyValueSpecification","valueRequired":true,"valueName":"search_term_string"}}],"inLanguage":"es"}]}},"_links":{"self":[{"href":"https:\/\/api.croghan.bank\/es\/wp-json\/wp\/v2\/pages\/6356","targetHints":{"allow":["GET"]}}],"collection":[{"href":"https:\/\/api.croghan.bank\/es\/wp-json\/wp\/v2\/pages"}],"about":[{"href":"https:\/\/api.croghan.bank\/es\/wp-json\/wp\/v2\/types\/page"}],"author":[{"embeddable":true,"href":"https:\/\/api.croghan.bank\/es\/wp-json\/wp\/v2\/users\/1"}],"replies":[{"embeddable":true,"href":"https:\/\/api.croghan.bank\/es\/wp-json\/wp\/v2\/comments?post=6356"}],"version-history":[{"count":1,"href":"https:\/\/api.croghan.bank\/es\/wp-json\/wp\/v2\/pages\/6356\/revisions"}],"predecessor-version":[{"id":7559,"href":"https:\/\/api.croghan.bank\/es\/wp-json\/wp\/v2\/pages\/6356\/revisions\/7559"}],"wp:attachment":[{"href":"https:\/\/api.croghan.bank\/es\/wp-json\/wp\/v2\/media?parent=6356"}],"wp:term":[{"taxonomy":"category","embeddable":true,"href":"https:\/\/api.croghan.bank\/es\/wp-json\/wp\/v2\/categories?post=6356"},{"taxonomy":"post_tag","embeddable":true,"href":"https:\/\/api.croghan.bank\/es\/wp-json\/wp\/v2\/tags?post=6356"}],"curies":[{"name":"wp","href":"https:\/\/api.w.org\/{rel}","templated":true}]}}