{"id":6650,"date":"2025-11-20T19:06:33","date_gmt":"2025-11-20T19:06:33","guid":{"rendered":"https:\/\/api.croghan.bank\/paga-mi-prestamo\/"},"modified":"2026-03-09T19:07:54","modified_gmt":"2026-03-09T19:07:54","slug":"paga-mi-prestamo","status":"publish","type":"page","link":"https:\/\/api.croghan.bank\/es\/paga-mi-prestamo\/","title":{"rendered":"Paga mi pr\u00e9stamo"},"content":{"rendered":"","protected":false},"excerpt":{"rendered":"","protected":false},"author":1,"featured_media":0,"parent":0,"menu_order":0,"comment_status":"closed","ping_status":"closed","template":"","meta":{"_acf_changed":false,"inline_featured_image":false,"footnotes":""},"categories":[],"tags":[],"class_list":["post-6650","page","type-page","status-publish","hentry"],"acf":{"modules":[{"acf_fc_layout":"bread_crumb_nav_hero","title":"<h1>Paga tu pr\u00e9stamo Croghan<\/h1>","subtitle":"","content":"Como cliente de un pr\u00e9stamo Croghan, tienes acceso a opciones de pago c\u00f3modas que son f\u00e1ciles, seguras y dise\u00f1adas para facilitar la gesti\u00f3n de tu pr\u00e9stamo. \u00bfTienes preguntas? Nuestro equipo de atenci\u00f3n al cliente est\u00e1 a solo un chat o una llamada telef\u00f3nica de distancia.  ","buttons":null,"module_anchor_id":"","module_padding_inner":"noPaddingInner","module_spacing_after":"compactSpacingAfter"},{"acf_fc_layout":"fifty_fifty_advanced_content","image":7138,"eyebrow":"","title":"<h2>Inscr\u00edbete en la banca online<\/h2>","content":"La banca online te ofrece flexibilidad y m\u00e1s funciones para gestionar tu pr\u00e9stamo. Puedes pagar tu pr\u00e9stamo usando tu cuenta Croghan o vincular tu cuenta bancaria externa para realizar pagos directamente a trav\u00e9s de las plataformas de banca online y m\u00f3vil. ","buttons":[{"button":{"link":{"title":"Inscr\u00edbete en la banca online","url":"https:\/\/secure.myvirtualbranch.com\/croghan\/signin.aspx","target":"_blank"},"button_style":"solid","button_color":"blue","opens_modal":false,"video":null}}],"module_image_alignment":"imageLeft","module_background_color":"white","module_anchor_id":"","module_padding_inner":"paddingInnerTop","module_spacing_after":"compactSpacingAfter"},{"acf_fc_layout":"content_and_cards_row","title":"<h2>Configurar pagos autom\u00e1ticos<\/h2>","content":"Las transferencias autom\u00e1ticas son la forma m\u00e1s sencilla de asegurarse de que tus pagos se realicen a tiempo, siempre. Con esta opci\u00f3n, puedes: \n<ul>\n \t<li>Ahorra tiempo y evita cargos por retraso<\/li>\n \t<li>Disfruta de un calendario de pagos sin preocupaciones y constante<\/li>\n \t<li>Simplifica tus finanzas con transferencias sencillas<\/li>\n<\/ul>","cards_row":[{"icon":null,"icon_dark_mode":null,"eyebrow":"","title":"<h3><strong>Llama o chatea<\/strong><\/h3>","content":"Ll\u00e1manos usando el bot\u00f3n de abajo o chatea con nosotros a trav\u00e9s de la burbuja de chat a la derecha. Un miembro de nuestro equipo de Atenci\u00f3n al Cliente est\u00e1 disponible para ayudarte con preguntas sobre c\u00f3mo configurar pagos autom\u00e1ticos. \n\nLlama a: <a href=\"tel:4193327301\">419-332-7301<\/a>","link":null},{"icon":null,"icon_dark_mode":null,"eyebrow":"","title":"<h3><strong>Formulario de contacto completo<\/strong><\/h3>","content":"Rellena el formulario de pago del pr\u00e9stamo que aparece a continuaci\u00f3n y un miembro de nuestro equipo de Atenci\u00f3n al Cliente se pondr\u00e1 en contacto contigo.","link":null}],"module_stacked_rows":false,"module_upper-half_background_color":"blue","module_lower-half_background_color":"white","module_anchor_id":"","module_padding_inner":"paddingInnerTop","module_spacing_after":"noSpacingAfter"},{"acf_fc_layout":"loan_payment_contact_form","content_left":"<h2>Formulario de contacto para el pago del pr\u00e9stamo<\/h2>","buttons_left":null,"content_right":"<em>Por favor, rellene el formulario de abajo y nos pondremos en contacto con usted.<\/em>","buttons_right":null,"module_anchor_id":"","module_padding_inner":"noPaddingInner","module_spacing_after":"defaultSpacingAfter"},{"acf_fc_layout":"fifty_fifty_floating_callout","eyebrow":"","title":"<h2>\u00bfPreguntas?<\/h2>","content":"Nuestro equipo de atenci\u00f3n al cliente de Croghan est\u00e1 aqu\u00ed para ayudarte en cada paso del camino. \u00bfNecesitas respuestas r\u00e1pidas? <strong>Haz clic en el bot\u00f3n de Chat<\/strong> en esta p\u00e1gina para conectar instant\u00e1neamente con un miembro del equipo. Si prefieres, tambi\u00e9n puedes llamarnos.  ","buttons":[{"button":{"link":{"title":"Ll\u00e1manos","url":"tel:4193327301","target":"_espacio en blanco"},"button_style":"solid","button_color":"blue","opens_modal":false,"video":null}}],"background_image":null,"module_image_alignment":"imageRight","module_anchor_id":"form","module_padding_inner":"noPaddingInner","module_spacing_after":"defaultSpacingAfter"},{"acf_fc_layout":"content_card_pattern_accent","image":6602,"eyebrow":"","title":"<h2>\u00bfPreguntas?<\/h2>","content":"Nuestro equipo de atenci\u00f3n al cliente de Croghan est\u00e1 aqu\u00ed para ayudarte en cada paso del camino. \u00bfNecesitas respuestas r\u00e1pidas? <strong>Haz clic en el bot\u00f3n de Chat<\/strong> en esta p\u00e1gina para conectar instant\u00e1neamente con un miembro del equipo. Si prefieres, tambi\u00e9n puedes llamarnos.  ","buttons":[{"button":{"link":{"title":"Ll\u00e1manos","url":"tel:4193327301","target":""},"button_style":"solid","button_color":"blue","opens_modal":false,"video":null}}],"disclaimer":"","module_image_alignment":"imageLeft","module_card_background_color":"cardBackgroundBlue","module_anchor_id":"","module_padding_inner":"noPaddingInner","module_spacing_after":"defaultSpacingAfter"},{"acf_fc_layout":"accordion","eyebrow":"","accordion_items":[{"label":"Divulgaciones legales importantes","content":"<em>*Todos los pr\u00e9stamos est\u00e1n sujetos a aprobaci\u00f3n de cr\u00e9dito.<\/em>"}],"module_anchor_id":"","module_padding_inner":"noPaddingInner","module_spacing_after":"defaultSpacingAfter"},{"acf_fc_layout":"location_pre_footer","module_anchor_id":"","module_padding_inner":"noPaddingInner","module_spacing_after":"defaultSpacingAfter"}]},"yoast_head":"<!-- This site is optimized with the Yoast SEO plugin v27.5 - https:\/\/yoast.com\/product\/yoast-seo-wordpress\/ -->\n<title>Paga mi pr\u00e9stamo | Banco Colonial Croghan<\/title>\n<meta name=\"description\" content=\"En Croghan, trabajamos para ofrecer opciones de pago f\u00e1ciles, seguras y dise\u00f1adas para que los pagos de tu pr\u00e9stamo sean sencillos.\" \/>\n<meta name=\"robots\" content=\"noindex, follow, max-snippet:-1, max-image-preview:large, max-video-preview:-1\" \/>\n<meta property=\"og:locale\" content=\"es_ES\" \/>\n<meta property=\"og:type\" content=\"article\" \/>\n<meta property=\"og:title\" content=\"Paga mi pr\u00e9stamo | Banco Colonial Croghan\" \/>\n<meta property=\"og:description\" content=\"En Croghan, trabajamos para ofrecer opciones de pago f\u00e1ciles, seguras y dise\u00f1adas para que los pagos de tu pr\u00e9stamo sean sencillos.\" \/>\n<meta property=\"og:url\" content=\"https:\/\/api.croghan.bank\/es\/paga-mi-prestamo\/\" \/>\n<meta property=\"og:site_name\" content=\"Banco Croghan sin cabeza\" \/>\n<meta property=\"article:modified_time\" content=\"2026-03-09T19:07:54+00:00\" \/>\n<meta name=\"twitter:card\" content=\"summary_large_image\" \/>\n<script type=\"application\/ld+json\" class=\"yoast-schema-graph\">{\"@context\":\"https:\\\/\\\/schema.org\",\"@graph\":[{\"@type\":\"WebPage\",\"@id\":\"https:\\\/\\\/api.croghan.bank\\\/es\\\/paga-mi-prestamo\\\/\",\"url\":\"https:\\\/\\\/api.croghan.bank\\\/es\\\/paga-mi-prestamo\\\/\",\"name\":\"Paga mi pr\u00e9stamo | Banco Colonial Croghan\",\"isPartOf\":{\"@id\":\"https:\\\/\\\/api.croghan.bank\\\/es\\\/#website\"},\"datePublished\":\"2025-11-20T19:06:33+00:00\",\"dateModified\":\"2026-03-09T19:07:54+00:00\",\"description\":\"En Croghan, trabajamos para ofrecer opciones de pago f\u00e1ciles, seguras y dise\u00f1adas para que los pagos de tu pr\u00e9stamo sean sencillos.\",\"breadcrumb\":{\"@id\":\"https:\\\/\\\/api.croghan.bank\\\/es\\\/paga-mi-prestamo\\\/#breadcrumb\"},\"inLanguage\":\"es\",\"potentialAction\":[{\"@type\":\"ReadAction\",\"target\":[\"https:\\\/\\\/api.croghan.bank\\\/es\\\/paga-mi-prestamo\\\/\"]}]},{\"@type\":\"BreadcrumbList\",\"@id\":\"https:\\\/\\\/api.croghan.bank\\\/es\\\/paga-mi-prestamo\\\/#breadcrumb\",\"itemListElement\":[{\"@type\":\"ListItem\",\"position\":1,\"name\":\"Hogar\",\"item\":\"https:\\\/\\\/api.croghan.bank\\\/es\\\/\"},{\"@type\":\"ListItem\",\"position\":2,\"name\":\"Paga mi pr\u00e9stamo\"}]},{\"@type\":\"WebSite\",\"@id\":\"https:\\\/\\\/api.croghan.bank\\\/es\\\/#website\",\"url\":\"https:\\\/\\\/api.croghan.bank\\\/es\\\/\",\"name\":\"Banco Croghan sin cabeza\",\"description\":\"\",\"potentialAction\":[{\"@type\":\"SearchAction\",\"target\":{\"@type\":\"EntryPoint\",\"urlTemplate\":\"https:\\\/\\\/api.croghan.bank\\\/es\\\/?s={search_term_string}\"},\"query-input\":{\"@type\":\"PropertyValueSpecification\",\"valueRequired\":true,\"valueName\":\"search_term_string\"}}],\"inLanguage\":\"es\"}]}<\/script>\n<!-- \/ Yoast SEO plugin. -->","yoast_head_json":{"title":"Paga mi pr\u00e9stamo | Banco Colonial Croghan","description":"En Croghan, trabajamos para ofrecer opciones de pago f\u00e1ciles, seguras y dise\u00f1adas para que los pagos de tu pr\u00e9stamo sean sencillos.","robots":{"index":"noindex","follow":"follow","max-snippet":"max-snippet:-1","max-image-preview":"max-image-preview:large","max-video-preview":"max-video-preview:-1"},"og_locale":"es_ES","og_type":"article","og_title":"Paga mi pr\u00e9stamo | Banco Colonial Croghan","og_description":"En Croghan, trabajamos para ofrecer opciones de pago f\u00e1ciles, seguras y dise\u00f1adas para que los pagos de tu pr\u00e9stamo sean sencillos.","og_url":"https:\/\/api.croghan.bank\/es\/paga-mi-prestamo\/","og_site_name":"Banco Croghan sin cabeza","article_modified_time":"2026-03-09T19:07:54+00:00","twitter_card":"summary_large_image","schema":{"@context":"https:\/\/schema.org","@graph":[{"@type":"WebPage","@id":"https:\/\/api.croghan.bank\/es\/paga-mi-prestamo\/","url":"https:\/\/api.croghan.bank\/es\/paga-mi-prestamo\/","name":"Paga mi pr\u00e9stamo | Banco Colonial Croghan","isPartOf":{"@id":"https:\/\/api.croghan.bank\/es\/#website"},"datePublished":"2025-11-20T19:06:33+00:00","dateModified":"2026-03-09T19:07:54+00:00","description":"En Croghan, trabajamos para ofrecer opciones de pago f\u00e1ciles, seguras y dise\u00f1adas para que los pagos de tu pr\u00e9stamo sean sencillos.","breadcrumb":{"@id":"https:\/\/api.croghan.bank\/es\/paga-mi-prestamo\/#breadcrumb"},"inLanguage":"es","potentialAction":[{"@type":"ReadAction","target":["https:\/\/api.croghan.bank\/es\/paga-mi-prestamo\/"]}]},{"@type":"BreadcrumbList","@id":"https:\/\/api.croghan.bank\/es\/paga-mi-prestamo\/#breadcrumb","itemListElement":[{"@type":"ListItem","position":1,"name":"Hogar","item":"https:\/\/api.croghan.bank\/es\/"},{"@type":"ListItem","position":2,"name":"Paga mi pr\u00e9stamo"}]},{"@type":"WebSite","@id":"https:\/\/api.croghan.bank\/es\/#website","url":"https:\/\/api.croghan.bank\/es\/","name":"Banco Croghan sin cabeza","description":"","potentialAction":[{"@type":"SearchAction","target":{"@type":"EntryPoint","urlTemplate":"https:\/\/api.croghan.bank\/es\/?s={search_term_string}"},"query-input":{"@type":"PropertyValueSpecification","valueRequired":true,"valueName":"search_term_string"}}],"inLanguage":"es"}]}},"_links":{"self":[{"href":"https:\/\/api.croghan.bank\/es\/wp-json\/wp\/v2\/pages\/6650","targetHints":{"allow":["GET"]}}],"collection":[{"href":"https:\/\/api.croghan.bank\/es\/wp-json\/wp\/v2\/pages"}],"about":[{"href":"https:\/\/api.croghan.bank\/es\/wp-json\/wp\/v2\/types\/page"}],"author":[{"embeddable":true,"href":"https:\/\/api.croghan.bank\/es\/wp-json\/wp\/v2\/users\/1"}],"replies":[{"embeddable":true,"href":"https:\/\/api.croghan.bank\/es\/wp-json\/wp\/v2\/comments?post=6650"}],"version-history":[{"count":0,"href":"https:\/\/api.croghan.bank\/es\/wp-json\/wp\/v2\/pages\/6650\/revisions"}],"wp:attachment":[{"href":"https:\/\/api.croghan.bank\/es\/wp-json\/wp\/v2\/media?parent=6650"}],"wp:term":[{"taxonomy":"category","embeddable":true,"href":"https:\/\/api.croghan.bank\/es\/wp-json\/wp\/v2\/categories?post=6650"},{"taxonomy":"post_tag","embeddable":true,"href":"https:\/\/api.croghan.bank\/es\/wp-json\/wp\/v2\/tags?post=6650"}],"curies":[{"name":"wp","href":"https:\/\/api.w.org\/{rel}","templated":true}]}}