{"id":6768,"date":"2026-01-16T14:43:39","date_gmt":"2026-01-16T14:43:39","guid":{"rendered":"https:\/\/api.croghan.bank\/deposito-remoto\/"},"modified":"2026-03-16T14:17:52","modified_gmt":"2026-03-16T14:17:52","slug":"deposito-remoto","status":"publish","type":"page","link":"https:\/\/api.croghan.bank\/es\/negocio\/servicios-digitales\/deposito-remoto\/","title":{"rendered":"Captura de mercantes"},"content":{"rendered":"","protected":false},"excerpt":{"rendered":"","protected":false},"author":1,"featured_media":0,"parent":4536,"menu_order":0,"comment_status":"closed","ping_status":"closed","template":"","meta":{"_acf_changed":false,"inline_featured_image":false,"footnotes":""},"categories":[],"tags":[],"class_list":["post-6768","page","type-page","status-publish","hentry"],"acf":{"modules":[{"acf_fc_layout":"bread_crumb_nav_hero","title":"<h1>Captura de mercantes<\/h1>","subtitle":"","content":"Clientes actuales de Merchant Capture\/RDC: consultad a continuaci\u00f3n para el servicio de esc\u00e1neres y las instrucciones para descargar el controlador y prepararnos para nuestra actualizaci\u00f3n tecnol\u00f3gica.","buttons":[{"button":{"link":{"title":"Cont\u00e1ctenos","url":"mailto:commercialdeposits@croghan.com","target":""},"button_style":"solid","button_color":"blue","opens_modal":false,"video":null}}],"module_anchor_id":"","module_padding_inner":"noPaddingInner","module_spacing_after":"defaultSpacingAfter"},{"acf_fc_layout":"fifty_fifty_content","eyebrow":"","title":"<h2>Descargar instrucciones<\/h2>","content":"\u00bfContexto aqu\u00ed sobre para qu\u00e9 son estas instrucciones?","buttons":[{"button":{"link":{"title":"Descargar","url":"https:\/\/ccb-downloads.s3.us-east-2.amazonaws.com\/D247.ScannerServices.Setup.exe","target":"_blank"},"button_style":"solid","button_color":"blue","opens_modal":false,"video":null}}],"module_background_color":"white","module_anchor_id":"","module_padding_inner":"noPaddingInner","module_spacing_after":"compactSpacingAfter"}]},"yoast_head":"<!-- This site is optimized with the Yoast SEO plugin v27.5 - https:\/\/yoast.com\/product\/yoast-seo-wordpress\/ -->\n<title>Captura de mercantes | Banco Colonial Croghan<\/title>\n<meta name=\"description\" content=\"Clientes actuales de Merchant Capture\/RDC, consulta a continuaci\u00f3n las instrucciones de servicio de esc\u00e1neres y descarga de los drivers en preparaci\u00f3n para nuestra actualizaci\u00f3n tecnol\u00f3gica.\" \/>\n<meta name=\"robots\" content=\"noindex, follow, max-snippet:-1, max-image-preview:large, max-video-preview:-1\" \/>\n<meta property=\"og:locale\" content=\"es_ES\" \/>\n<meta property=\"og:type\" content=\"article\" \/>\n<meta property=\"og:title\" content=\"Captura de mercantes | Banco Colonial Croghan\" \/>\n<meta property=\"og:description\" content=\"Clientes actuales de Merchant Capture\/RDC, consulta a continuaci\u00f3n las instrucciones de servicio de esc\u00e1neres y descarga de los drivers en preparaci\u00f3n para nuestra actualizaci\u00f3n tecnol\u00f3gica.\" \/>\n<meta property=\"og:url\" content=\"https:\/\/api.croghan.bank\/es\/negocio\/servicios-digitales\/deposito-remoto\/\" \/>\n<meta property=\"og:site_name\" content=\"Banco Croghan sin cabeza\" \/>\n<meta property=\"article:modified_time\" content=\"2026-03-16T14:17:52+00:00\" \/>\n<meta name=\"twitter:card\" content=\"summary_large_image\" \/>\n<script type=\"application\/ld+json\" class=\"yoast-schema-graph\">{\"@context\":\"https:\\\/\\\/schema.org\",\"@graph\":[{\"@type\":\"WebPage\",\"@id\":\"https:\\\/\\\/api.croghan.bank\\\/es\\\/negocio\\\/servicios-digitales\\\/deposito-remoto\\\/\",\"url\":\"https:\\\/\\\/api.croghan.bank\\\/es\\\/negocio\\\/servicios-digitales\\\/deposito-remoto\\\/\",\"name\":\"Captura de mercantes | Banco Colonial Croghan\",\"isPartOf\":{\"@id\":\"https:\\\/\\\/api.croghan.bank\\\/es\\\/#website\"},\"datePublished\":\"2026-01-16T14:43:39+00:00\",\"dateModified\":\"2026-03-16T14:17:52+00:00\",\"description\":\"Clientes actuales de Merchant Capture\\\/RDC, consulta a continuaci\u00f3n las instrucciones de servicio de esc\u00e1neres y descarga de los drivers en preparaci\u00f3n para nuestra actualizaci\u00f3n tecnol\u00f3gica.\",\"breadcrumb\":{\"@id\":\"https:\\\/\\\/api.croghan.bank\\\/es\\\/negocio\\\/servicios-digitales\\\/deposito-remoto\\\/#breadcrumb\"},\"inLanguage\":\"es\",\"potentialAction\":[{\"@type\":\"ReadAction\",\"target\":[\"https:\\\/\\\/api.croghan.bank\\\/es\\\/negocio\\\/servicios-digitales\\\/deposito-remoto\\\/\"]}]},{\"@type\":\"BreadcrumbList\",\"@id\":\"https:\\\/\\\/api.croghan.bank\\\/es\\\/negocio\\\/servicios-digitales\\\/deposito-remoto\\\/#breadcrumb\",\"itemListElement\":[{\"@type\":\"ListItem\",\"position\":1,\"name\":\"Hogar\",\"item\":\"https:\\\/\\\/api.croghan.bank\\\/es\\\/\"},{\"@type\":\"ListItem\",\"position\":2,\"name\":\"Negocio\",\"item\":\"https:\\\/\\\/api.croghan.bank\\\/es\\\/negocio\\\/\"},{\"@type\":\"ListItem\",\"position\":3,\"name\":\"Servicios Digitales\",\"item\":\"https:\\\/\\\/api.croghan.bank\\\/es\\\/negocio\\\/servicios-digitales\\\/\"},{\"@type\":\"ListItem\",\"position\":4,\"name\":\"Captura de mercantes\"}]},{\"@type\":\"WebSite\",\"@id\":\"https:\\\/\\\/api.croghan.bank\\\/es\\\/#website\",\"url\":\"https:\\\/\\\/api.croghan.bank\\\/es\\\/\",\"name\":\"Banco Croghan sin cabeza\",\"description\":\"\",\"potentialAction\":[{\"@type\":\"SearchAction\",\"target\":{\"@type\":\"EntryPoint\",\"urlTemplate\":\"https:\\\/\\\/api.croghan.bank\\\/es\\\/?s={search_term_string}\"},\"query-input\":{\"@type\":\"PropertyValueSpecification\",\"valueRequired\":true,\"valueName\":\"search_term_string\"}}],\"inLanguage\":\"es\"}]}<\/script>\n<!-- \/ Yoast SEO plugin. -->","yoast_head_json":{"title":"Captura de mercantes | Banco Colonial Croghan","description":"Clientes actuales de Merchant Capture\/RDC, consulta a continuaci\u00f3n las instrucciones de servicio de esc\u00e1neres y descarga de los drivers en preparaci\u00f3n para nuestra actualizaci\u00f3n tecnol\u00f3gica.","robots":{"index":"noindex","follow":"follow","max-snippet":"max-snippet:-1","max-image-preview":"max-image-preview:large","max-video-preview":"max-video-preview:-1"},"og_locale":"es_ES","og_type":"article","og_title":"Captura de mercantes | Banco Colonial Croghan","og_description":"Clientes actuales de Merchant Capture\/RDC, consulta a continuaci\u00f3n las instrucciones de servicio de esc\u00e1neres y descarga de los drivers en preparaci\u00f3n para nuestra actualizaci\u00f3n tecnol\u00f3gica.","og_url":"https:\/\/api.croghan.bank\/es\/negocio\/servicios-digitales\/deposito-remoto\/","og_site_name":"Banco Croghan sin cabeza","article_modified_time":"2026-03-16T14:17:52+00:00","twitter_card":"summary_large_image","schema":{"@context":"https:\/\/schema.org","@graph":[{"@type":"WebPage","@id":"https:\/\/api.croghan.bank\/es\/negocio\/servicios-digitales\/deposito-remoto\/","url":"https:\/\/api.croghan.bank\/es\/negocio\/servicios-digitales\/deposito-remoto\/","name":"Captura de mercantes | Banco Colonial Croghan","isPartOf":{"@id":"https:\/\/api.croghan.bank\/es\/#website"},"datePublished":"2026-01-16T14:43:39+00:00","dateModified":"2026-03-16T14:17:52+00:00","description":"Clientes actuales de Merchant Capture\/RDC, consulta a continuaci\u00f3n las instrucciones de servicio de esc\u00e1neres y descarga de los drivers en preparaci\u00f3n para nuestra actualizaci\u00f3n tecnol\u00f3gica.","breadcrumb":{"@id":"https:\/\/api.croghan.bank\/es\/negocio\/servicios-digitales\/deposito-remoto\/#breadcrumb"},"inLanguage":"es","potentialAction":[{"@type":"ReadAction","target":["https:\/\/api.croghan.bank\/es\/negocio\/servicios-digitales\/deposito-remoto\/"]}]},{"@type":"BreadcrumbList","@id":"https:\/\/api.croghan.bank\/es\/negocio\/servicios-digitales\/deposito-remoto\/#breadcrumb","itemListElement":[{"@type":"ListItem","position":1,"name":"Hogar","item":"https:\/\/api.croghan.bank\/es\/"},{"@type":"ListItem","position":2,"name":"Negocio","item":"https:\/\/api.croghan.bank\/es\/negocio\/"},{"@type":"ListItem","position":3,"name":"Servicios Digitales","item":"https:\/\/api.croghan.bank\/es\/negocio\/servicios-digitales\/"},{"@type":"ListItem","position":4,"name":"Captura de mercantes"}]},{"@type":"WebSite","@id":"https:\/\/api.croghan.bank\/es\/#website","url":"https:\/\/api.croghan.bank\/es\/","name":"Banco Croghan sin cabeza","description":"","potentialAction":[{"@type":"SearchAction","target":{"@type":"EntryPoint","urlTemplate":"https:\/\/api.croghan.bank\/es\/?s={search_term_string}"},"query-input":{"@type":"PropertyValueSpecification","valueRequired":true,"valueName":"search_term_string"}}],"inLanguage":"es"}]}},"_links":{"self":[{"href":"https:\/\/api.croghan.bank\/es\/wp-json\/wp\/v2\/pages\/6768","targetHints":{"allow":["GET"]}}],"collection":[{"href":"https:\/\/api.croghan.bank\/es\/wp-json\/wp\/v2\/pages"}],"about":[{"href":"https:\/\/api.croghan.bank\/es\/wp-json\/wp\/v2\/types\/page"}],"author":[{"embeddable":true,"href":"https:\/\/api.croghan.bank\/es\/wp-json\/wp\/v2\/users\/1"}],"replies":[{"embeddable":true,"href":"https:\/\/api.croghan.bank\/es\/wp-json\/wp\/v2\/comments?post=6768"}],"version-history":[{"count":0,"href":"https:\/\/api.croghan.bank\/es\/wp-json\/wp\/v2\/pages\/6768\/revisions"}],"up":[{"embeddable":true,"href":"https:\/\/api.croghan.bank\/es\/wp-json\/wp\/v2\/pages\/4536"}],"wp:attachment":[{"href":"https:\/\/api.croghan.bank\/es\/wp-json\/wp\/v2\/media?parent=6768"}],"wp:term":[{"taxonomy":"category","embeddable":true,"href":"https:\/\/api.croghan.bank\/es\/wp-json\/wp\/v2\/categories?post=6768"},{"taxonomy":"post_tag","embeddable":true,"href":"https:\/\/api.croghan.bank\/es\/wp-json\/wp\/v2\/tags?post=6768"}],"curies":[{"name":"wp","href":"https:\/\/api.w.org\/{rel}","templated":true}]}}