{"id":6971,"date":"2026-02-02T18:15:41","date_gmt":"2026-02-02T18:15:41","guid":{"rendered":"https:\/\/api.croghan.bank\/?page_id=6971"},"modified":"2026-03-16T14:16:52","modified_gmt":"2026-03-16T14:16:52","slug":"captura-de-mercantes","status":"publish","type":"page","link":"https:\/\/api.croghan.bank\/es\/negocio\/servicios-digitales\/captura-de-mercantes\/","title":{"rendered":"ACH"},"content":{"rendered":"","protected":false},"excerpt":{"rendered":"","protected":false},"author":5,"featured_media":0,"parent":4536,"menu_order":0,"comment_status":"closed","ping_status":"closed","template":"","meta":{"_acf_changed":false,"inline_featured_image":false,"footnotes":""},"categories":[],"tags":[],"class_list":["post-6971","page","type-page","status-publish","hentry"],"acf":{"modules":[{"acf_fc_layout":"bread_crumb_nav_hero","title":"<h1>ACH<\/h1>","subtitle":"","content":"Clientes ACH existentes, en preparaci\u00f3n para nuestra actualizaci\u00f3n tecnol\u00f3gica, por favor vean los v\u00eddeos de formaci\u00f3n a continuaci\u00f3n.","buttons":[{"button":{"link":{"title":"Cont\u00e1ctenos","url":"mailto:commercialdeposits@croghan.com","target":""},"button_style":"solid","button_color":"blue","opens_modal":false,"video":null}}],"module_anchor_id":"","module_padding_inner":"noPaddingInner","module_spacing_after":"defaultSpacingAfter"},{"acf_fc_layout":"fifty_fifty_content","eyebrow":"","title":"<h2>Sesiones de formaci\u00f3n virtuales<\/h2>","content":"<h2>Prefinanciaci\u00f3n ACH y tiempos l\u00edmite<\/h2>\nLa prefinanciaci\u00f3n se actualizar\u00e1 como parte de nuestras actualizaciones tecnol\u00f3gicas. El nuevo proceso financiero retirar\u00e1 fondos de la cuenta de tu empresa el mismo d\u00eda que los apruebas. Por favor, ten cuidado al programar tus transacciones ACH.  \n\nLos tiempos l\u00edmite para el procesamiento ACH el mismo d\u00eda est\u00e1n cambiando. Este servicio permite a un originador crear archivos con fecha de entrada en vigor de \"hoy\". Estos archivos se generan y env\u00edan a la Reserva Federal en horarios designados a lo largo del d\u00eda. Si pierdes un plazo de presentaci\u00f3n especificado, tu archivo se pondr\u00e1 en cola y se enviar\u00e1 a la Reserva Federal durante la siguiente ventana de corte disponible el mismo d\u00eda. A continuaci\u00f3n se muestran las ventanas de procesamiento actualizadas para el ACH el mismo d\u00eda.    \n\n\u00a0","buttons":[{"button":{"link":{"title":"Descargar","url":"https:\/\/ccb-downloads.s3.us-east-2.amazonaws.com\/D247.ScannerServices.Setup.exe","target":"_blank"},"button_style":"solid","button_color":"blue","opens_modal":false,"video":null}}],"module_background_color":"blue","module_anchor_id":"","module_padding_inner":"paddingInnerTop","module_spacing_after":"noSpacingAfter"}]},"yoast_head":"<!-- This site is optimized with the Yoast SEO plugin v27.5 - https:\/\/yoast.com\/product\/yoast-seo-wordpress\/ -->\n<title>ACH | Banco Colonial Croghan<\/title>\n<meta name=\"description\" content=\"Clientes actuales de Merchant Capture\/RDC, consulta a continuaci\u00f3n las instrucciones de servicio de esc\u00e1neres y descarga de los drivers en preparaci\u00f3n para nuestra actualizaci\u00f3n tecnol\u00f3gica.\" \/>\n<meta name=\"robots\" content=\"noindex, follow, max-snippet:-1, max-image-preview:large, max-video-preview:-1\" \/>\n<meta property=\"og:locale\" content=\"es_ES\" \/>\n<meta property=\"og:type\" content=\"article\" \/>\n<meta property=\"og:title\" content=\"ACH | Banco Colonial Croghan\" \/>\n<meta property=\"og:description\" content=\"Clientes actuales de Merchant Capture\/RDC, consulta a continuaci\u00f3n las instrucciones de servicio de esc\u00e1neres y descarga de los drivers en preparaci\u00f3n para nuestra actualizaci\u00f3n tecnol\u00f3gica.\" \/>\n<meta property=\"og:url\" content=\"https:\/\/api.croghan.bank\/es\/negocio\/servicios-digitales\/captura-de-mercantes\/\" \/>\n<meta property=\"og:site_name\" content=\"Banco Croghan sin cabeza\" \/>\n<meta property=\"article:modified_time\" content=\"2026-03-16T14:16:52+00:00\" \/>\n<meta name=\"twitter:card\" content=\"summary_large_image\" \/>\n<script type=\"application\/ld+json\" class=\"yoast-schema-graph\">{\"@context\":\"https:\\\/\\\/schema.org\",\"@graph\":[{\"@type\":\"WebPage\",\"@id\":\"https:\\\/\\\/api.croghan.bank\\\/es\\\/negocio\\\/servicios-digitales\\\/captura-de-mercantes\\\/\",\"url\":\"https:\\\/\\\/api.croghan.bank\\\/es\\\/negocio\\\/servicios-digitales\\\/captura-de-mercantes\\\/\",\"name\":\"ACH | Banco Colonial Croghan\",\"isPartOf\":{\"@id\":\"https:\\\/\\\/api.croghan.bank\\\/es\\\/#website\"},\"datePublished\":\"2026-02-02T18:15:41+00:00\",\"dateModified\":\"2026-03-16T14:16:52+00:00\",\"description\":\"Clientes actuales de Merchant Capture\\\/RDC, consulta a continuaci\u00f3n las instrucciones de servicio de esc\u00e1neres y descarga de los drivers en preparaci\u00f3n para nuestra actualizaci\u00f3n tecnol\u00f3gica.\",\"breadcrumb\":{\"@id\":\"https:\\\/\\\/api.croghan.bank\\\/es\\\/negocio\\\/servicios-digitales\\\/captura-de-mercantes\\\/#breadcrumb\"},\"inLanguage\":\"es\",\"potentialAction\":[{\"@type\":\"ReadAction\",\"target\":[\"https:\\\/\\\/api.croghan.bank\\\/es\\\/negocio\\\/servicios-digitales\\\/captura-de-mercantes\\\/\"]}]},{\"@type\":\"BreadcrumbList\",\"@id\":\"https:\\\/\\\/api.croghan.bank\\\/es\\\/negocio\\\/servicios-digitales\\\/captura-de-mercantes\\\/#breadcrumb\",\"itemListElement\":[{\"@type\":\"ListItem\",\"position\":1,\"name\":\"Hogar\",\"item\":\"https:\\\/\\\/api.croghan.bank\\\/es\\\/\"},{\"@type\":\"ListItem\",\"position\":2,\"name\":\"Negocio\",\"item\":\"https:\\\/\\\/api.croghan.bank\\\/es\\\/negocio\\\/\"},{\"@type\":\"ListItem\",\"position\":3,\"name\":\"Servicios Digitales\",\"item\":\"https:\\\/\\\/api.croghan.bank\\\/es\\\/negocio\\\/servicios-digitales\\\/\"},{\"@type\":\"ListItem\",\"position\":4,\"name\":\"ACH\"}]},{\"@type\":\"WebSite\",\"@id\":\"https:\\\/\\\/api.croghan.bank\\\/es\\\/#website\",\"url\":\"https:\\\/\\\/api.croghan.bank\\\/es\\\/\",\"name\":\"Banco Croghan sin cabeza\",\"description\":\"\",\"potentialAction\":[{\"@type\":\"SearchAction\",\"target\":{\"@type\":\"EntryPoint\",\"urlTemplate\":\"https:\\\/\\\/api.croghan.bank\\\/es\\\/?s={search_term_string}\"},\"query-input\":{\"@type\":\"PropertyValueSpecification\",\"valueRequired\":true,\"valueName\":\"search_term_string\"}}],\"inLanguage\":\"es\"}]}<\/script>\n<!-- \/ Yoast SEO plugin. -->","yoast_head_json":{"title":"ACH | Banco Colonial Croghan","description":"Clientes actuales de Merchant Capture\/RDC, consulta a continuaci\u00f3n las instrucciones de servicio de esc\u00e1neres y descarga de los drivers en preparaci\u00f3n para nuestra actualizaci\u00f3n tecnol\u00f3gica.","robots":{"index":"noindex","follow":"follow","max-snippet":"max-snippet:-1","max-image-preview":"max-image-preview:large","max-video-preview":"max-video-preview:-1"},"og_locale":"es_ES","og_type":"article","og_title":"ACH | Banco Colonial Croghan","og_description":"Clientes actuales de Merchant Capture\/RDC, consulta a continuaci\u00f3n las instrucciones de servicio de esc\u00e1neres y descarga de los drivers en preparaci\u00f3n para nuestra actualizaci\u00f3n tecnol\u00f3gica.","og_url":"https:\/\/api.croghan.bank\/es\/negocio\/servicios-digitales\/captura-de-mercantes\/","og_site_name":"Banco Croghan sin cabeza","article_modified_time":"2026-03-16T14:16:52+00:00","twitter_card":"summary_large_image","schema":{"@context":"https:\/\/schema.org","@graph":[{"@type":"WebPage","@id":"https:\/\/api.croghan.bank\/es\/negocio\/servicios-digitales\/captura-de-mercantes\/","url":"https:\/\/api.croghan.bank\/es\/negocio\/servicios-digitales\/captura-de-mercantes\/","name":"ACH | Banco Colonial Croghan","isPartOf":{"@id":"https:\/\/api.croghan.bank\/es\/#website"},"datePublished":"2026-02-02T18:15:41+00:00","dateModified":"2026-03-16T14:16:52+00:00","description":"Clientes actuales de Merchant Capture\/RDC, consulta a continuaci\u00f3n las instrucciones de servicio de esc\u00e1neres y descarga de los drivers en preparaci\u00f3n para nuestra actualizaci\u00f3n tecnol\u00f3gica.","breadcrumb":{"@id":"https:\/\/api.croghan.bank\/es\/negocio\/servicios-digitales\/captura-de-mercantes\/#breadcrumb"},"inLanguage":"es","potentialAction":[{"@type":"ReadAction","target":["https:\/\/api.croghan.bank\/es\/negocio\/servicios-digitales\/captura-de-mercantes\/"]}]},{"@type":"BreadcrumbList","@id":"https:\/\/api.croghan.bank\/es\/negocio\/servicios-digitales\/captura-de-mercantes\/#breadcrumb","itemListElement":[{"@type":"ListItem","position":1,"name":"Hogar","item":"https:\/\/api.croghan.bank\/es\/"},{"@type":"ListItem","position":2,"name":"Negocio","item":"https:\/\/api.croghan.bank\/es\/negocio\/"},{"@type":"ListItem","position":3,"name":"Servicios Digitales","item":"https:\/\/api.croghan.bank\/es\/negocio\/servicios-digitales\/"},{"@type":"ListItem","position":4,"name":"ACH"}]},{"@type":"WebSite","@id":"https:\/\/api.croghan.bank\/es\/#website","url":"https:\/\/api.croghan.bank\/es\/","name":"Banco Croghan sin cabeza","description":"","potentialAction":[{"@type":"SearchAction","target":{"@type":"EntryPoint","urlTemplate":"https:\/\/api.croghan.bank\/es\/?s={search_term_string}"},"query-input":{"@type":"PropertyValueSpecification","valueRequired":true,"valueName":"search_term_string"}}],"inLanguage":"es"}]}},"_links":{"self":[{"href":"https:\/\/api.croghan.bank\/es\/wp-json\/wp\/v2\/pages\/6971","targetHints":{"allow":["GET"]}}],"collection":[{"href":"https:\/\/api.croghan.bank\/es\/wp-json\/wp\/v2\/pages"}],"about":[{"href":"https:\/\/api.croghan.bank\/es\/wp-json\/wp\/v2\/types\/page"}],"author":[{"embeddable":true,"href":"https:\/\/api.croghan.bank\/es\/wp-json\/wp\/v2\/users\/5"}],"replies":[{"embeddable":true,"href":"https:\/\/api.croghan.bank\/es\/wp-json\/wp\/v2\/comments?post=6971"}],"version-history":[{"count":0,"href":"https:\/\/api.croghan.bank\/es\/wp-json\/wp\/v2\/pages\/6971\/revisions"}],"up":[{"embeddable":true,"href":"https:\/\/api.croghan.bank\/es\/wp-json\/wp\/v2\/pages\/4536"}],"wp:attachment":[{"href":"https:\/\/api.croghan.bank\/es\/wp-json\/wp\/v2\/media?parent=6971"}],"wp:term":[{"taxonomy":"category","embeddable":true,"href":"https:\/\/api.croghan.bank\/es\/wp-json\/wp\/v2\/categories?post=6971"},{"taxonomy":"post_tag","embeddable":true,"href":"https:\/\/api.croghan.bank\/es\/wp-json\/wp\/v2\/tags?post=6971"}],"curies":[{"name":"wp","href":"https:\/\/api.w.org\/{rel}","templated":true}]}}