{"id":7242,"date":"2026-03-09T18:48:53","date_gmt":"2026-03-09T18:48:53","guid":{"rendered":"https:\/\/api.croghan.bank\/?page_id=7242"},"modified":"2026-04-09T13:58:10","modified_gmt":"2026-04-09T13:58:10","slug":"bienvenido","status":"publish","type":"page","link":"https:\/\/api.croghan.bank\/es\/personal\/bienvenido\/","title":{"rendered":"Mejor experiencia digital"},"content":{"rendered":"","protected":false},"excerpt":{"rendered":"","protected":false},"author":5,"featured_media":0,"parent":4511,"menu_order":0,"comment_status":"closed","ping_status":"closed","template":"","meta":{"_acf_changed":false,"inline_featured_image":false,"footnotes":""},"categories":[50],"tags":[],"class_list":["post-7242","page","type-page","status-publish","hentry","category-personal-es"],"acf":{"modules":[{"acf_fc_layout":"bread_crumb_nav_hero","title":"<h1>Herramientas bancarias m\u00e1s inteligentes, dise\u00f1adas para ti<\/h1>","subtitle":"<h2>Prueba de subt\u00edtulos<\/h2>","content":"Gestionar tu dinero deber\u00eda parecer sencillo. Con herramientas mejoradas y una experiencia digital renovada, Croghan facilita mantenerse organizado, entender tus finanzas y actuar en un solo lugar seguro. ","buttons":null,"module_anchor_id":"","module_padding_inner":"noPaddingInner","module_spacing_after":"compactSpacingAfter"},{"acf_fc_layout":"secondary_navigation","links":[{"link":{"title":"Comprobaci\u00f3n","url":"\/personal#checking","target":""}},{"link":{"title":"Ahorros","url":"\/personal#savings","target":""}},{"link":{"title":"Naipes","url":"\/personal#cards","target":""}},{"link":{"title":"Servicios Digitales","url":"\/personal#digital","target":""}},{"link":{"title":"Hipotecas","url":"\/personal#mortgages","target":""}},{"link":{"title":"Pr\u00e9stamos Personales","url":"\/personal#loans","target":""}}]},{"acf_fc_layout":"fifty_fifty_floating_callout","eyebrow":"Lo que ver\u00e1s","title":"<h2>Una experiencia m\u00e1s f\u00e1cil<\/h2>","content":"<ul>\n \t<li><strong>Una nueva imagen para la banca<\/strong>\n online y m\u00f3vilUn dise\u00f1o renovado con navegaci\u00f3n intuitiva facilita encontrar lo que necesitas y completar las tareas r\u00e1pidamente.<\/li>\n \t<li>Banca \n <strong>telef\u00f3nica con voz<\/strong>Accede a la informaci\u00f3n de la cuenta y gestiona tus necesidades bancarias b\u00e1sicas sin manos libres.<\/li>\n \t<li><strong>Declaraciones y avisos<\/strong>\n redise\u00f1adosFormatos claros y simplificados facilitan la revisi\u00f3n de la actividad de la cuenta.<\/li>\n<\/ul>","buttons":[{"button":{"link":{"title":"Aprende m\u00e1s","url":"\/personal\/savings-accounts","target":""},"button_style":"solid","button_color":"blue","opens_modal":false,"video":null}}],"background_image":7138,"module_image_alignment":"imageRight","module_anchor_id":"","module_padding_inner":"noPaddingInner","module_spacing_after":"defaultSpacingAfter"},{"acf_fc_layout":"fifty_fifty_floating_callout","eyebrow":"Nuevas caracter\u00edsticas","title":"<h2>M\u00e1s herramientas. M\u00e1s control. <\/h2>","content":"<ul>\n \t<li><strong>eStatements<\/strong>\nReg\u00edstrate directamente en la banca online para acceder de forma segura y sin papel a tus extractos.<\/li>\n \t<li><strong>Transferencias instant\u00e1neas<\/strong>\nEnv\u00eda dinero r\u00e1pidamente a otros clientes de Croghan usando los datos b\u00e1sicos de la cuenta.<\/li>\n \t<li><strong>Documentos Fiscales Digitales<\/strong>\nAccede a los documentos de fin de a\u00f1o en l\u00ednea sin tener que esperar el correo.<\/li>\n \t<li>Recibos \n <strong>enviados por correo<\/strong> electr\u00f3nicoRecibe los recibos de transacciones al instante tras las visitas a la oficina.<\/li>\n<\/ul>","buttons":[{"button":{"link":{"title":"Aprende m\u00e1s","url":"\/personal\/credit-debit-cards","target":""},"button_style":"solid","button_color":"blue","opens_modal":false,"video":null}}],"background_image":7248,"module_image_alignment":"imageLeft","module_anchor_id":"","module_padding_inner":"noPaddingInner","module_spacing_after":"defaultSpacingAfter"},{"acf_fc_layout":"fifty_fifty_floating_callout","eyebrow":"Nueva caracter\u00edstica","title":"<h2>Gestiona tu dinero<\/h2>","content":"<strong>Herramienta de gesti\u00f3n del dinero<\/strong>\n<ul>\n \t<li>Consulta todas tus cuentas en un solo lugar, haz un seguimiento de gastos, establece presupuestos, sigue tendencias y mucho m\u00e1s.<\/li>\n \t<li>Vincula cuentas externas, inversiones, pr\u00e9stamos, tarjetas de cr\u00e9dito y 401(k) para obtener una visi\u00f3n financiera completa.<\/li>\n \t<li>Establece objetivos para ayudarte a ahorrar para vacaciones, una casa o un fondo de emergencia.<\/li>\n \t<li>Controla tus gastos y visualiza tus gastos en categor\u00edas, ayud\u00e1ndote a ver claramente hacia d\u00f3nde va tu dinero.<\/li>\n \t<li>\u00a1Mira la demostraci\u00f3n gu\u00eda para descubrir todo lo que ofrece la nueva herramienta de Gesti\u00f3n del Dinero!<\/li>\n<\/ul>","buttons":[{"button":{"link":{"title":"Cont\u00e1ctenos","url":"\/contact-us","target":""},"button_style":"solid","button_color":"blue","opens_modal":false,"video":null}}],"background_image":null,"module_image_alignment":"imageRight","module_anchor_id":"money-management","module_padding_inner":"noPaddingInner","module_spacing_after":"defaultSpacingAfter"},{"acf_fc_layout":"fifty_fifty_floating_callout","eyebrow":"Da el siguiente paso","title":"<h2>Da el siguiente paso. Elige lo que te funcione.<\/h2>","content":"Nuestro equipo est\u00e1 aqu\u00ed para ayudarte a sacar el m\u00e1ximo partido a tu experiencia bancaria.\n<ul>\n \t<li>Chatea en directo con un miembro del equipo<\/li>\n \t<li>Ll\u00e1manos al <a href=\"tel:18882764426\"><strong>888-276-4426<\/strong><\/a><\/li>\n<\/ul>","buttons":[{"button":{"link":{"title":"Cont\u00e1ctenos","url":"\/contact-us","target":"_blank"},"button_style":"solid","button_color":"blue","opens_modal":false,"video":null}}],"background_image":null,"module_image_alignment":"imageRight","module_anchor_id":"","module_padding_inner":"noPaddingInner","module_spacing_after":"defaultSpacingAfter"},{"acf_fc_layout":"fifty_fifty_floating_callout","eyebrow":"Pr\u00e9stamos Hipotecarios","title":"<h2>\u00bfTienes preguntas?<\/h2>","content":"Nuestro equipo est\u00e1 aqu\u00ed para ayudarte a sacar el m\u00e1ximo partido a tu experiencia bancaria.\n<ul>\n \t<li>Chatea en directo con un miembro del equipo<\/li>\n \t<li>Ll\u00e1manos al <a href=\"tel:18882764426\"><strong>888-276-4426<\/strong><\/a><\/li>\n<\/ul>","buttons":[{"button":{"link":{"title":"Cont\u00e1ctenos","url":"\/contact-us","target":""},"button_style":"solid","button_color":"blue","opens_modal":false,"video":null}}],"background_image":null,"module_image_alignment":"imageLeft","module_anchor_id":"","module_padding_inner":"noPaddingInner","module_spacing_after":"defaultSpacingAfter"},{"acf_fc_layout":"fifty_fifty_floating_callout","eyebrow":"Pr\u00e9stamos Personales","title":"<h2>Para las necesidades de la vida<\/h2>","content":"Obt\u00e9n apoyo financiero cuando m\u00e1s lo necesites. Ya sea consolidando deudas, financiando mejoras en el hogar o manejando gastos inesperados, nuestros pr\u00e9stamos personales ofrecen tasas competitivas y t\u00e9rminos flexibles que se ajustan a su presupuesto. ","buttons":[{"button":{"link":{"title":"Aprende m\u00e1s","url":"\/personal\/personal-loans","target":""},"button_style":"solid","button_color":"blue","opens_modal":false,"video":null}}],"background_image":null,"module_image_alignment":"imageRight","module_anchor_id":"","module_padding_inner":"noPaddingInner","module_spacing_after":"defaultSpacingAfter"},{"acf_fc_layout":"location_pre_footer","module_anchor_id":"","module_padding_inner":"noPaddingInner","module_spacing_after":"noSpacingAfter"}]},"yoast_head":"<!-- This site is optimized with the Yoast SEO plugin v27.5 - https:\/\/yoast.com\/product\/yoast-seo-wordpress\/ -->\n<title>Mejor experiencia digital | Banco Colonial Croghan<\/title>\n<meta name=\"description\" content=\"Gestionar tu dinero deber\u00eda parecer sencillo. Con herramientas mejoradas y una experiencia digital renovada, Croghan facilita mantenerse organizado, entender tus finanzas y actuar en un solo lugar seguro.\" \/>\n<meta name=\"robots\" content=\"noindex, follow, max-snippet:-1, max-image-preview:large, max-video-preview:-1\" \/>\n<meta property=\"og:locale\" content=\"es_ES\" \/>\n<meta property=\"og:type\" content=\"article\" \/>\n<meta property=\"og:title\" content=\"Mejor experiencia digital | Banco Colonial Croghan\" \/>\n<meta property=\"og:description\" content=\"Gestionar tu dinero deber\u00eda parecer sencillo. Con herramientas mejoradas y una experiencia digital renovada, Croghan facilita mantenerse organizado, entender tus finanzas y actuar en un solo lugar seguro.\" \/>\n<meta property=\"og:url\" content=\"https:\/\/api.croghan.bank\/es\/personal\/bienvenido\/\" \/>\n<meta property=\"og:site_name\" content=\"Banco Croghan sin cabeza\" \/>\n<meta property=\"article:modified_time\" content=\"2026-04-09T13:58:10+00:00\" \/>\n<meta name=\"twitter:card\" content=\"summary_large_image\" \/>\n<script type=\"application\/ld+json\" class=\"yoast-schema-graph\">{\"@context\":\"https:\\\/\\\/schema.org\",\"@graph\":[{\"@type\":\"WebPage\",\"@id\":\"https:\\\/\\\/api.croghan.bank\\\/es\\\/personal\\\/bienvenido\\\/\",\"url\":\"https:\\\/\\\/api.croghan.bank\\\/es\\\/personal\\\/bienvenido\\\/\",\"name\":\"Mejor experiencia digital | Banco Colonial Croghan\",\"isPartOf\":{\"@id\":\"https:\\\/\\\/api.croghan.bank\\\/es\\\/#website\"},\"datePublished\":\"2026-03-09T18:48:53+00:00\",\"dateModified\":\"2026-04-09T13:58:10+00:00\",\"description\":\"Gestionar tu dinero deber\u00eda parecer sencillo. Con herramientas mejoradas y una experiencia digital renovada, Croghan facilita mantenerse organizado, entender tus finanzas y actuar en un solo lugar seguro.\",\"breadcrumb\":{\"@id\":\"https:\\\/\\\/api.croghan.bank\\\/es\\\/personal\\\/bienvenido\\\/#breadcrumb\"},\"inLanguage\":\"es\",\"potentialAction\":[{\"@type\":\"ReadAction\",\"target\":[\"https:\\\/\\\/api.croghan.bank\\\/es\\\/personal\\\/bienvenido\\\/\"]}]},{\"@type\":\"BreadcrumbList\",\"@id\":\"https:\\\/\\\/api.croghan.bank\\\/es\\\/personal\\\/bienvenido\\\/#breadcrumb\",\"itemListElement\":[{\"@type\":\"ListItem\",\"position\":1,\"name\":\"Hogar\",\"item\":\"https:\\\/\\\/api.croghan.bank\\\/es\\\/\"},{\"@type\":\"ListItem\",\"position\":2,\"name\":\"Personal\",\"item\":\"https:\\\/\\\/api.croghan.bank\\\/es\\\/personal\\\/\"},{\"@type\":\"ListItem\",\"position\":3,\"name\":\"Mejor experiencia digital\"}]},{\"@type\":\"WebSite\",\"@id\":\"https:\\\/\\\/api.croghan.bank\\\/es\\\/#website\",\"url\":\"https:\\\/\\\/api.croghan.bank\\\/es\\\/\",\"name\":\"Banco Croghan sin cabeza\",\"description\":\"\",\"potentialAction\":[{\"@type\":\"SearchAction\",\"target\":{\"@type\":\"EntryPoint\",\"urlTemplate\":\"https:\\\/\\\/api.croghan.bank\\\/es\\\/?s={search_term_string}\"},\"query-input\":{\"@type\":\"PropertyValueSpecification\",\"valueRequired\":true,\"valueName\":\"search_term_string\"}}],\"inLanguage\":\"es\"}]}<\/script>\n<!-- \/ Yoast SEO plugin. -->","yoast_head_json":{"title":"Mejor experiencia digital | Banco Colonial Croghan","description":"Gestionar tu dinero deber\u00eda parecer sencillo. Con herramientas mejoradas y una experiencia digital renovada, Croghan facilita mantenerse organizado, entender tus finanzas y actuar en un solo lugar seguro.","robots":{"index":"noindex","follow":"follow","max-snippet":"max-snippet:-1","max-image-preview":"max-image-preview:large","max-video-preview":"max-video-preview:-1"},"og_locale":"es_ES","og_type":"article","og_title":"Mejor experiencia digital | Banco Colonial Croghan","og_description":"Gestionar tu dinero deber\u00eda parecer sencillo. Con herramientas mejoradas y una experiencia digital renovada, Croghan facilita mantenerse organizado, entender tus finanzas y actuar en un solo lugar seguro.","og_url":"https:\/\/api.croghan.bank\/es\/personal\/bienvenido\/","og_site_name":"Banco Croghan sin cabeza","article_modified_time":"2026-04-09T13:58:10+00:00","twitter_card":"summary_large_image","schema":{"@context":"https:\/\/schema.org","@graph":[{"@type":"WebPage","@id":"https:\/\/api.croghan.bank\/es\/personal\/bienvenido\/","url":"https:\/\/api.croghan.bank\/es\/personal\/bienvenido\/","name":"Mejor experiencia digital | Banco Colonial Croghan","isPartOf":{"@id":"https:\/\/api.croghan.bank\/es\/#website"},"datePublished":"2026-03-09T18:48:53+00:00","dateModified":"2026-04-09T13:58:10+00:00","description":"Gestionar tu dinero deber\u00eda parecer sencillo. Con herramientas mejoradas y una experiencia digital renovada, Croghan facilita mantenerse organizado, entender tus finanzas y actuar en un solo lugar seguro.","breadcrumb":{"@id":"https:\/\/api.croghan.bank\/es\/personal\/bienvenido\/#breadcrumb"},"inLanguage":"es","potentialAction":[{"@type":"ReadAction","target":["https:\/\/api.croghan.bank\/es\/personal\/bienvenido\/"]}]},{"@type":"BreadcrumbList","@id":"https:\/\/api.croghan.bank\/es\/personal\/bienvenido\/#breadcrumb","itemListElement":[{"@type":"ListItem","position":1,"name":"Hogar","item":"https:\/\/api.croghan.bank\/es\/"},{"@type":"ListItem","position":2,"name":"Personal","item":"https:\/\/api.croghan.bank\/es\/personal\/"},{"@type":"ListItem","position":3,"name":"Mejor experiencia digital"}]},{"@type":"WebSite","@id":"https:\/\/api.croghan.bank\/es\/#website","url":"https:\/\/api.croghan.bank\/es\/","name":"Banco Croghan sin cabeza","description":"","potentialAction":[{"@type":"SearchAction","target":{"@type":"EntryPoint","urlTemplate":"https:\/\/api.croghan.bank\/es\/?s={search_term_string}"},"query-input":{"@type":"PropertyValueSpecification","valueRequired":true,"valueName":"search_term_string"}}],"inLanguage":"es"}]}},"_links":{"self":[{"href":"https:\/\/api.croghan.bank\/es\/wp-json\/wp\/v2\/pages\/7242","targetHints":{"allow":["GET"]}}],"collection":[{"href":"https:\/\/api.croghan.bank\/es\/wp-json\/wp\/v2\/pages"}],"about":[{"href":"https:\/\/api.croghan.bank\/es\/wp-json\/wp\/v2\/types\/page"}],"author":[{"embeddable":true,"href":"https:\/\/api.croghan.bank\/es\/wp-json\/wp\/v2\/users\/5"}],"replies":[{"embeddable":true,"href":"https:\/\/api.croghan.bank\/es\/wp-json\/wp\/v2\/comments?post=7242"}],"version-history":[{"count":2,"href":"https:\/\/api.croghan.bank\/es\/wp-json\/wp\/v2\/pages\/7242\/revisions"}],"predecessor-version":[{"id":7249,"href":"https:\/\/api.croghan.bank\/es\/wp-json\/wp\/v2\/pages\/7242\/revisions\/7249"}],"up":[{"embeddable":true,"href":"https:\/\/api.croghan.bank\/es\/wp-json\/wp\/v2\/pages\/4511"}],"wp:attachment":[{"href":"https:\/\/api.croghan.bank\/es\/wp-json\/wp\/v2\/media?parent=7242"}],"wp:term":[{"taxonomy":"category","embeddable":true,"href":"https:\/\/api.croghan.bank\/es\/wp-json\/wp\/v2\/categories?post=7242"},{"taxonomy":"post_tag","embeddable":true,"href":"https:\/\/api.croghan.bank\/es\/wp-json\/wp\/v2\/tags?post=7242"}],"curies":[{"name":"wp","href":"https:\/\/api.w.org\/{rel}","templated":true}]}}